{"id":21289,"date":"2025-07-29T13:17:48","date_gmt":"2025-07-29T11:17:48","guid":{"rendered":"https:\/\/loop-biotech.com\/terms-conditions\/"},"modified":"2025-11-28T15:13:05","modified_gmt":"2025-11-28T14:13:05","slug":"terms-conditions","status":"publish","type":"page","link":"https:\/\/loop-biotech.com\/de\/terms-conditions\/","title":{"rendered":"Bedingungen und Konditionen"},"content":{"rendered":"\t\t<div data-elementor-type=\"wp-page\" data-elementor-id=\"21289\" class=\"elementor elementor-21289 elementor-21268\" data-elementor-post-type=\"page\">\n\t\t\t\t\t\t<section class=\"elementor-section elementor-top-section elementor-element elementor-element-55572791 elementor-section-boxed elementor-section-height-default elementor-section-height-default\" data-id=\"55572791\" data-element_type=\"section\" data-e-type=\"section\">\n\t\t\t\t\t\t<div class=\"elementor-container elementor-column-gap-default\">\n\t\t\t\t\t<div class=\"elementor-column elementor-col-100 elementor-top-column elementor-element elementor-element-2fe0581f\" data-id=\"2fe0581f\" data-element_type=\"column\" data-e-type=\"column\">\n\t\t\t<div class=\"elementor-widget-wrap elementor-element-populated\">\n\t\t\t\t\t\t<div class=\"elementor-element elementor-element-8420325 elementor-widget elementor-widget-heading\" data-id=\"8420325\" data-element_type=\"widget\" data-e-type=\"widget\" data-widget_type=\"heading.default\">\n\t\t\t\t<div class=\"elementor-widget-container\">\n\t\t\t\t\t<h1 class=\"elementor-heading-title elementor-size-default\">Bedingungen und Konditionen  <\/h1>\t\t\t\t<\/div>\n\t\t\t\t<\/div>\n\t\t\t\t<div class=\"elementor-element elementor-element-3c46293e elementor-widget elementor-widget-text-editor\" data-id=\"3c46293e\" data-element_type=\"widget\" data-e-type=\"widget\" data-widget_type=\"text-editor.default\">\n\t\t\t\t<div class=\"elementor-widget-container\">\n\t\t\t\t\t\t\t\t\t<p><\/p>\n<p><em>Datum des Inkrafttretens: 28. Juli 2025<\/em><\/p>\n<p>Diese Allgemeinen Gesch\u00e4ftsbedingungen (\"AGB\") gelten f\u00fcr alle Angebote, K\u00e4ufe und Lieferungen, die \u00fcber die Websites, Verkaufskan\u00e4le und Vertriebspartner von Loop Biotech B.V., einem in den Niederlanden registrierten Unternehmen mit Hauptsitz in Vulcanusweg 279, 2624 AV Delft (\"Loop Biotech\", \"wir\", \"uns\" oder \"unser\"), get\u00e4tigt werden. Mit der Aufgabe einer Bestellung oder der Inanspruchnahme unserer Dienstleistungen erkl\u00e4rt sich der Kunde (\"Sie\" oder \"der Kunde\") vorbehaltlos mit diesen Bedingungen einverstanden. Abweichungen sind nur g\u00fcltig, wenn sie von Loop Biotech schriftlich best\u00e4tigt werden. Wir behalten uns das Recht vor, diese Bedingungen jederzeit und ohne vorherige Ank\u00fcndigung zu \u00e4ndern. Ma\u00dfgeblich ist die zum Zeitpunkt der Bestellung ver\u00f6ffentlichte Fassung.    <\/p>\n<p>Alle Preise sind in der jeweiligen W\u00e4hrung angegeben und verstehen sich ohne Mehrwertsteuer, Z\u00f6lle, Verpackungs- und Versandkosten, sofern nicht anders angegeben. Loop Biotech beh\u00e4lt sich das Recht vor, die Preise jederzeit zu \u00e4ndern. Die auf der Website oder in Mitteilungen genannten Preise stellen keine verbindlichen Angebote dar. Offensichtliche Fehler in der Preisgestaltung, den Spezifikationen oder der Verf\u00fcgbarkeit binden Loop Biotech nicht. Ein Vertrag kommt erst dann zustande, wenn wir die Annahme Ihrer Bestellung schriftlich oder durch Auslieferung der Ware best\u00e4tigen.    <\/p>\n<p>Wir bem\u00fchen uns, die Produkte innerhalb des bei der Bestellung angegebenen Zeitraums zu liefern. Alle Lieferzeiten sind jedoch unverbindlich und nur indikativ. Loop Biotech haftet nicht f\u00fcr Verz\u00f6gerungen, Verluste oder Kosten, die durch versp\u00e4tete oder unvollst\u00e4ndige Lieferung entstehen. Die Lieferverpflichtungen werden in F\u00e4llen h\u00f6herer Gewalt, einschlie\u00dflich (aber nicht beschr\u00e4nkt auf) Krieg, Streiks, Naturkatastrophen, Transportst\u00f6rungen, Exportbeschr\u00e4nkungen, Lieferantenausfall, Epidemien oder staatliche Ma\u00dfnahmen ausgesetzt. In solchen F\u00e4llen beh\u00e4lt sich Loop Biotech das Recht vor, die Lieferung ohne Haftung zu stornieren oder zu verschieben.    <\/p>\n<p>Die Produkte bleiben bis zur vollst\u00e4ndigen Bezahlung im Eigentum von Loop Biotech. Die Gefahr geht auf den Kunden \u00fcber, sobald die Ware unser Haus verl\u00e4sst oder, falls zutreffend, an den Versandpartner \u00fcbergeben wird. Wir haften nicht f\u00fcr Sch\u00e4den, Verz\u00f6gerungen oder Verluste, die nach dem Versand auftreten.  <\/p>\n<p>Aufgrund der organischen Natur unserer Produkte, sind alle Verk\u00e4ufe als endg\u00fcltig. R\u00fccksendungen werden nur im Falle eines nachgewiesenen Produktfehlers akzeptiert, und auch nur dann, wenn sie innerhalb von f\u00fcnf (5) Tagen nach Erhalt gemeldet werden. Zur\u00fcckgegebene Produkte m\u00fcssen unbenutzt, unbesch\u00e4digt und in der Originalverpackung sein. Loop Biotech beh\u00e4lt sich das Recht vor, die Berechtigung jeglicher Anspr\u00fcche zu beurteilen und ist nicht verpflichtet, R\u00fccksendungen zu akzeptieren, es sei denn, dies ist gesetzlich vorgeschrieben. Sonderanfertigungen oder personalisierte Produkte k\u00f6nnen unter keinen Umst\u00e4nden zur\u00fcckgegeben werden.    <\/p>\n<p>Sofern nicht ausdr\u00fccklich schriftlich anders vereinbart, sind Gutscheine nicht erstattungsf\u00e4hig und k\u00f6nnen nicht gegen Bargeld eingel\u00f6st werden. Loop Biotech beh\u00e4lt sich das Recht vor, Gutscheinaktionen jederzeit und ohne vorherige Ank\u00fcndigung zur\u00fcckzuziehen oder zu \u00e4ndern. Gutscheine k\u00f6nnen nicht mit anderen Rabatten, Angeboten oder Aktionen kombiniert werden, es sei denn, dies ist ausdr\u00fccklich angegeben. Der Missbrauch, die Reproduktion oder der Weiterverkauf von Gutscheinen ist strengstens untersagt. Loop Biotech beh\u00e4lt sich das Recht vor, jeden Gutschein abzulehnen, der als betr\u00fcgerisch, abgelaufen oder anderweitig unzul\u00e4ssig erachtet wird. Der Wert, der Umfang und die Nutzungsbedingungen werden ausschlie\u00dflich von Loop Biotech festgelegt und k\u00f6nnen je nach Land, Produkt oder Kampagne variieren.     <\/p>\n<p>Alle geistigen Eigentumsrechte, einschlie\u00dflich, aber nicht beschr\u00e4nkt auf Designs, Konzepte, Produktnamen, Logos, Texte und visuelles Material, bleiben das ausschlie\u00dfliche Eigentum von Loop Biotech. Nichts in diesen Bedingungen darf als \u00dcbertragung von IP-Rechten an den Kunden oder eine dritte Partei ausgelegt werden. Das Kopieren, Reproduzieren, Modifizieren oder Verbreiten unserer Inhalte oder Produkte ohne vorherige schriftliche Genehmigung ist strengstens untersagt.  <\/p>\n<p>Unsere Produkte werden mit Sorgfalt und unter strengen Qualit\u00e4tskontrollen entworfen und hergestellt. Aufgrund der nat\u00fcrlichen Materialien und Produktionsmethoden k\u00f6nnen jedoch geringf\u00fcgige Abweichungen in Farbe, Form, Textur oder Abmessungen auftreten. Solche Abweichungen sind kein Grund f\u00fcr eine Stornierung, Erstattung oder R\u00fcckgabe. Es liegt in der Verantwortung des Kunden, die \u00f6rtlichen Vorschriften und die Eignung des Produkts f\u00fcr die Verwendung in seinem Land zu \u00fcberpr\u00fcfen, einschlie\u00dflich (aber nicht beschr\u00e4nkt auf) die Vorschriften f\u00fcr Bestattungen oder Ein\u00e4scherungen.   <\/p>\n<p>Soweit gesetzlich zul\u00e4ssig, haftet Loop Biotech nicht f\u00fcr direkte, indirekte, zuf\u00e4llige oder Folgesch\u00e4den, einschlie\u00dflich Gewinn-, Daten- oder Firmenwertverlust, die sich aus der Nutzung, dem Missbrauch oder der Nichtverf\u00fcgbarkeit unserer Produkte oder Dienstleistungen ergeben oder damit zusammenh\u00e4ngen. Die Gesamthaftung f\u00fcr jegliche Anspr\u00fcche \u00fcbersteigt nicht den Betrag, den der Kunde f\u00fcr das betreffende Produkt bezahlt hat. Es wird keine Garantie gew\u00e4hrt, die \u00fcber das hinausgeht, was ausdr\u00fccklich schriftlich festgelegt ist.  <\/p>\n<p>Diese Bedingungen unterliegen dem niederl\u00e4ndischen Recht. Alle Streitigkeiten, die sich aus diesen Bedingungen ergeben, werden dem zust\u00e4ndigen Gericht in Den Haag, Niederlande, vorgelegt. Kunden, die ihren Sitz au\u00dferhalb der Niederlande haben, verzichten ausdr\u00fccklich auf ihr Recht, sich auf eine ausl\u00e4ndische Gerichtsbarkeit oder Verbraucherschutzgesetzgebung zu berufen. Das \u00dcbereinkommen der Vereinten Nationen \u00fcber Vertr\u00e4ge \u00fcber den internationalen Warenkauf (CISG) findet keine Anwendung.   <\/p>\n<p>Sollte sich eine Klausel in diesen Bedingungen als ung\u00fcltig oder nicht durchsetzbar erweisen, bleiben die \u00fcbrigen Bedingungen in vollem Umfang in Kraft. Das Vers\u00e4umnis von Loop Biotech, ein Recht durchzusetzen, kann nicht als Verzicht auf dieses Recht ausgelegt werden. <\/p>\n<p>F\u00fcr alle Fragen oder Korrespondenz bez\u00fcglich dieser Bedingungen wenden Sie sich bitte an info@loop-biotech.com.<\/p>\t\t\t\t\t\t\t\t<\/div>\n\t\t\t\t<\/div>\n\t\t\t\t\t<\/div>\n\t\t<\/div>\n\t\t\t\t\t<\/div>\n\t\t<\/section>\n\t\t\t\t<\/div>\n\t\t","protected":false},"excerpt":{"rendered":"<p>Bedingungen und Konditionen Datum des Inkrafttretens: 28. Juli 2025 Diese Allgemeinen Gesch\u00e4ftsbedingungen (\"AGB\") gelten f\u00fcr alle Angebote, K\u00e4ufe und Lieferungen, die \u00fcber die Websites, Verkaufskan\u00e4le und Vertriebspartner von Loop Biotech B.V., einem in den Niederlanden registrierten Unternehmen mit Hauptsitz in Vulcanusweg 279, 2624 AV Delft (\"Loop Biotech\", \"wir\", \"uns\" oder \"unser\"), get\u00e4tigt werden. Mit der [&hellip;]<\/p>\n","protected":false},"author":10,"featured_media":0,"parent":0,"menu_order":15,"comment_status":"closed","ping_status":"closed","template":"","meta":{"_acf_changed":false,"footnotes":""},"class_list":["post-21289","page","type-page","status-publish","hentry"],"acf":[],"yoast_head":"<!-- This site is optimized with the Yoast SEO plugin v27.4 - https:\/\/yoast.com\/product\/yoast-seo-wordpress\/ -->\n<title>Bedingungen und Konditionen - Loop Biotech<\/title>\n<meta name=\"robots\" content=\"index, follow, max-snippet:-1, max-image-preview:large, max-video-preview:-1\" \/>\n<link rel=\"canonical\" href=\"https:\/\/loop-biotech.com\/de\/terms-conditions\/\" \/>\n<meta property=\"og:locale\" content=\"de_DE\" \/>\n<meta property=\"og:type\" content=\"article\" \/>\n<meta property=\"og:title\" content=\"Bedingungen und Konditionen - Loop Biotech\" \/>\n<meta property=\"og:description\" content=\"Bedingungen und Konditionen Datum des Inkrafttretens: 28. Juli 2025 Diese Allgemeinen Gesch\u00e4ftsbedingungen (&quot;AGB&quot;) gelten f\u00fcr alle Angebote, K\u00e4ufe und Lieferungen, die \u00fcber die Websites, Verkaufskan\u00e4le und Vertriebspartner von Loop Biotech B.V., einem in den Niederlanden registrierten Unternehmen mit Hauptsitz in Vulcanusweg 279, 2624 AV Delft (&quot;Loop Biotech&quot;, &quot;wir&quot;, &quot;uns&quot; oder &quot;unser&quot;), get\u00e4tigt werden. Mit der [&hellip;]\" \/>\n<meta property=\"og:url\" content=\"https:\/\/loop-biotech.com\/de\/terms-conditions\/\" \/>\n<meta property=\"og:site_name\" content=\"Loop Biotech\" \/>\n<meta property=\"article:modified_time\" content=\"2025-11-28T14:13:05+00:00\" \/>\n<meta name=\"twitter:card\" content=\"summary_large_image\" \/>\n<meta name=\"twitter:label1\" content=\"Gesch\u00e4tzte Lesezeit\" \/>\n\t<meta name=\"twitter:data1\" content=\"5\u00a0Minute\" \/>\n<script type=\"application\/ld+json\" class=\"yoast-schema-graph\">{\"@context\":\"https:\\\/\\\/schema.org\",\"@graph\":[{\"@type\":\"WebPage\",\"@id\":\"https:\\\/\\\/loop-biotech.com\\\/de\\\/terms-conditions\\\/\",\"url\":\"https:\\\/\\\/loop-biotech.com\\\/de\\\/terms-conditions\\\/\",\"name\":\"Bedingungen und Konditionen - Loop Biotech\",\"isPartOf\":{\"@id\":\"https:\\\/\\\/loop-biotech.com\\\/de\\\/#website\"},\"datePublished\":\"2025-07-29T11:17:48+00:00\",\"dateModified\":\"2025-11-28T14:13:05+00:00\",\"breadcrumb\":{\"@id\":\"https:\\\/\\\/loop-biotech.com\\\/de\\\/terms-conditions\\\/#breadcrumb\"},\"inLanguage\":\"de\",\"potentialAction\":[{\"@type\":\"ReadAction\",\"target\":[\"https:\\\/\\\/loop-biotech.com\\\/de\\\/terms-conditions\\\/\"]}]},{\"@type\":\"BreadcrumbList\",\"@id\":\"https:\\\/\\\/loop-biotech.com\\\/de\\\/terms-conditions\\\/#breadcrumb\",\"itemListElement\":[{\"@type\":\"ListItem\",\"position\":1,\"name\":\"Startseite\",\"item\":\"https:\\\/\\\/loop-biotech.com\\\/de\\\/\"},{\"@type\":\"ListItem\",\"position\":2,\"name\":\"Bedingungen und Konditionen\"}]},{\"@type\":\"WebSite\",\"@id\":\"https:\\\/\\\/loop-biotech.com\\\/de\\\/#website\",\"url\":\"https:\\\/\\\/loop-biotech.com\\\/de\\\/\",\"name\":\"Loop Biotech\",\"description\":\"Bereichern wir die Natur\",\"publisher\":{\"@id\":\"https:\\\/\\\/loop-biotech.com\\\/de\\\/#organization\"},\"potentialAction\":[{\"@type\":\"SearchAction\",\"target\":{\"@type\":\"EntryPoint\",\"urlTemplate\":\"https:\\\/\\\/loop-biotech.com\\\/de\\\/?s={search_term_string}\"},\"query-input\":{\"@type\":\"PropertyValueSpecification\",\"valueRequired\":true,\"valueName\":\"search_term_string\"}}],\"inLanguage\":\"de\"},{\"@type\":\"Organization\",\"@id\":\"https:\\\/\\\/loop-biotech.com\\\/de\\\/#organization\",\"name\":\"Loop Biotech\",\"url\":\"https:\\\/\\\/loop-biotech.com\\\/de\\\/\",\"logo\":{\"@type\":\"ImageObject\",\"inLanguage\":\"de\",\"@id\":\"https:\\\/\\\/loop-biotech.com\\\/de\\\/#\\\/schema\\\/logo\\\/image\\\/\",\"url\":\"https:\\\/\\\/loop-biotech.com\\\/wp-content\\\/uploads\\\/2023\\\/04\\\/LogoBlack-04.webp\",\"contentUrl\":\"https:\\\/\\\/loop-biotech.com\\\/wp-content\\\/uploads\\\/2023\\\/04\\\/LogoBlack-04.webp\",\"width\":214,\"height\":78,\"caption\":\"Loop Biotech\"},\"image\":{\"@id\":\"https:\\\/\\\/loop-biotech.com\\\/de\\\/#\\\/schema\\\/logo\\\/image\\\/\"}}]}<\/script>\n<!-- \/ Yoast SEO plugin. -->","yoast_head_json":{"title":"Bedingungen und Konditionen - Loop Biotech","robots":{"index":"index","follow":"follow","max-snippet":"max-snippet:-1","max-image-preview":"max-image-preview:large","max-video-preview":"max-video-preview:-1"},"canonical":"https:\/\/loop-biotech.com\/de\/terms-conditions\/","og_locale":"de_DE","og_type":"article","og_title":"Bedingungen und Konditionen - Loop Biotech","og_description":"Bedingungen und Konditionen Datum des Inkrafttretens: 28. Juli 2025 Diese Allgemeinen Gesch\u00e4ftsbedingungen (\"AGB\") gelten f\u00fcr alle Angebote, K\u00e4ufe und Lieferungen, die \u00fcber die Websites, Verkaufskan\u00e4le und Vertriebspartner von Loop Biotech B.V., einem in den Niederlanden registrierten Unternehmen mit Hauptsitz in Vulcanusweg 279, 2624 AV Delft (\"Loop Biotech\", \"wir\", \"uns\" oder \"unser\"), get\u00e4tigt werden. Mit der [&hellip;]","og_url":"https:\/\/loop-biotech.com\/de\/terms-conditions\/","og_site_name":"Loop Biotech","article_modified_time":"2025-11-28T14:13:05+00:00","twitter_card":"summary_large_image","twitter_misc":{"Gesch\u00e4tzte Lesezeit":"5\u00a0Minute"},"schema":{"@context":"https:\/\/schema.org","@graph":[{"@type":"WebPage","@id":"https:\/\/loop-biotech.com\/de\/terms-conditions\/","url":"https:\/\/loop-biotech.com\/de\/terms-conditions\/","name":"Bedingungen und Konditionen - Loop Biotech","isPartOf":{"@id":"https:\/\/loop-biotech.com\/de\/#website"},"datePublished":"2025-07-29T11:17:48+00:00","dateModified":"2025-11-28T14:13:05+00:00","breadcrumb":{"@id":"https:\/\/loop-biotech.com\/de\/terms-conditions\/#breadcrumb"},"inLanguage":"de","potentialAction":[{"@type":"ReadAction","target":["https:\/\/loop-biotech.com\/de\/terms-conditions\/"]}]},{"@type":"BreadcrumbList","@id":"https:\/\/loop-biotech.com\/de\/terms-conditions\/#breadcrumb","itemListElement":[{"@type":"ListItem","position":1,"name":"Startseite","item":"https:\/\/loop-biotech.com\/de\/"},{"@type":"ListItem","position":2,"name":"Bedingungen und Konditionen"}]},{"@type":"WebSite","@id":"https:\/\/loop-biotech.com\/de\/#website","url":"https:\/\/loop-biotech.com\/de\/","name":"Loop Biotech","description":"Bereichern wir die Natur","publisher":{"@id":"https:\/\/loop-biotech.com\/de\/#organization"},"potentialAction":[{"@type":"SearchAction","target":{"@type":"EntryPoint","urlTemplate":"https:\/\/loop-biotech.com\/de\/?s={search_term_string}"},"query-input":{"@type":"PropertyValueSpecification","valueRequired":true,"valueName":"search_term_string"}}],"inLanguage":"de"},{"@type":"Organization","@id":"https:\/\/loop-biotech.com\/de\/#organization","name":"Loop Biotech","url":"https:\/\/loop-biotech.com\/de\/","logo":{"@type":"ImageObject","inLanguage":"de","@id":"https:\/\/loop-biotech.com\/de\/#\/schema\/logo\/image\/","url":"https:\/\/loop-biotech.com\/wp-content\/uploads\/2023\/04\/LogoBlack-04.webp","contentUrl":"https:\/\/loop-biotech.com\/wp-content\/uploads\/2023\/04\/LogoBlack-04.webp","width":214,"height":78,"caption":"Loop Biotech"},"image":{"@id":"https:\/\/loop-biotech.com\/de\/#\/schema\/logo\/image\/"}}]}},"_links":{"self":[{"href":"https:\/\/loop-biotech.com\/de\/wp-json\/wp\/v2\/pages\/21289","targetHints":{"allow":["GET"]}}],"collection":[{"href":"https:\/\/loop-biotech.com\/de\/wp-json\/wp\/v2\/pages"}],"about":[{"href":"https:\/\/loop-biotech.com\/de\/wp-json\/wp\/v2\/types\/page"}],"author":[{"embeddable":true,"href":"https:\/\/loop-biotech.com\/de\/wp-json\/wp\/v2\/users\/10"}],"replies":[{"embeddable":true,"href":"https:\/\/loop-biotech.com\/de\/wp-json\/wp\/v2\/comments?post=21289"}],"version-history":[{"count":3,"href":"https:\/\/loop-biotech.com\/de\/wp-json\/wp\/v2\/pages\/21289\/revisions"}],"predecessor-version":[{"id":28540,"href":"https:\/\/loop-biotech.com\/de\/wp-json\/wp\/v2\/pages\/21289\/revisions\/28540"}],"wp:attachment":[{"href":"https:\/\/loop-biotech.com\/de\/wp-json\/wp\/v2\/media?parent=21289"}],"curies":[{"name":"wp","href":"https:\/\/api.w.org\/{rel}","templated":true}]}}