{"id":21362,"date":"2023-04-13T13:50:57","date_gmt":"2023-04-13T11:50:57","guid":{"rendered":"https:\/\/loop-biotech.com\/privacy-policy\/"},"modified":"2025-09-08T11:21:26","modified_gmt":"2025-09-08T09:21:26","slug":"privacy-policy","status":"publish","type":"page","link":"https:\/\/loop-biotech.com\/de\/privacy-policy\/","title":{"rendered":"Datenschutzrichtlinie"},"content":{"rendered":"\t\t<div data-elementor-type=\"wp-page\" data-elementor-id=\"21362\" class=\"elementor elementor-21362 elementor-3\" data-elementor-post-type=\"page\">\n\t\t\t\t\t\t<section class=\"elementor-section elementor-top-section elementor-element elementor-element-55572791 elementor-section-boxed elementor-section-height-default elementor-section-height-default\" data-id=\"55572791\" data-element_type=\"section\" data-e-type=\"section\">\n\t\t\t\t\t\t<div class=\"elementor-container elementor-column-gap-default\">\n\t\t\t\t\t<div class=\"elementor-column elementor-col-100 elementor-top-column elementor-element elementor-element-2fe0581f\" data-id=\"2fe0581f\" data-element_type=\"column\" data-e-type=\"column\">\n\t\t\t<div class=\"elementor-widget-wrap elementor-element-populated\">\n\t\t\t\t\t\t<div class=\"elementor-element elementor-element-8420325 elementor-widget elementor-widget-heading\" data-id=\"8420325\" data-element_type=\"widget\" data-e-type=\"widget\" data-widget_type=\"heading.default\">\n\t\t\t\t<div class=\"elementor-widget-container\">\n\t\t\t\t\t<h1 class=\"elementor-heading-title elementor-size-default\">Datenschutzbestimmungen<\/h1>\t\t\t\t<\/div>\n\t\t\t\t<\/div>\n\t\t\t\t<div class=\"elementor-element elementor-element-3c46293e elementor-widget elementor-widget-text-editor\" data-id=\"3c46293e\" data-element_type=\"widget\" data-e-type=\"widget\" data-widget_type=\"text-editor.default\">\n\t\t\t\t<div class=\"elementor-widget-container\">\n\t\t\t\t\t\t\t\t\t<p> <\/p><p><em>Zuletzt aktualisiert: Juli 28, 2025<\/em><\/p><p><span style=\"font-weight: 400;\">Loop Biotech B.V. mit Sitz im Vulcanusweg 279, 2624 AV Delft, Niederlande, ist verantwortlich f\u00fcr die Erhebung und Verarbeitung personenbezogener Daten \u00fcber seine Websites, Kommunikationsmittel, Werksbesuche, Veranstaltungen und alle anderen Gesch\u00e4ftsaktivit\u00e4ten. Wir behandeln personenbezogene Daten in strikter \u00dcbereinstimmung mit der General Data Protection Regulation (GDPR), dem California Consumer Privacy Act (CCPA\/CPRA) und dem kanadischen Personal Information Protection and Electronic Documents Act (PIPEDA), sofern anwendbar. Alle Mitteilungen zu dieser Richtlinie m\u00fcssen schriftlich an info@loop-biotech.com \u00fcbermittelt werden.  <\/span><\/p><p><span style=\"font-weight: 400;\">Wenn Sie mit unseren Diensten interagieren, z. B. unsere Website besuchen, eine Bestellung aufgeben, unsere Mitteilungen abonnieren, an einer F\u00fchrung teilnehmen oder mit unserem Team auf einer Fachveranstaltung sprechen, k\u00f6nnen wir personenbezogene Daten erfassen. Dazu geh\u00f6ren Ihr Name, Ihr Firmenname, Ihre E-Mail-Adresse, Ihre Telefonnummer, Ihre Rechnungs- und Lieferadresse, Ihre Zahlungsdaten sowie technische Daten wie Ihre IP-Adresse, Ihr Browsertyp, Ihre Ger\u00e4teinformationen und Ihre Navigationsmuster. Wir erheben keine sensiblen personenbezogenen Daten wie Daten \u00fcber Gesundheit, Religion oder ethnische Zugeh\u00f6rigkeit, und alle unbeabsichtigt erhaltenen Daten dieser Art werden sofort gel\u00f6scht.  <\/span><\/p><p><span style=\"font-weight: 400;\">Wenn Sie unsere Produktionsst\u00e4tte besuchen oder an vom Unternehmen organisierten Veranstaltungen oder F\u00fchrungen teilnehmen, k\u00f6nnen Sie au\u00dferdem fotografiert oder gefilmt werden. Diese Bilder oder Aufnahmen k\u00f6nnen von Loop Biotech f\u00fcr die interne Dokumentation, f\u00fcr Schulungszwecke und f\u00fcr die externe Kommunikation, einschlie\u00dflich Marketingmaterialien, soziale Medien, Websites, gedruckte Brosch\u00fcren, Pressematerialien oder Pr\u00e4sentationen, verwendet werden. Einzelpersonen werden ohne vorherige schriftliche Zustimmung nicht namentlich genannt, gekennzeichnet oder anderweitig identifiziert. Wenn Sie nicht in solchem Material erscheinen m\u00f6chten, m\u00fcssen Sie uns dies vor oder w\u00e4hrend Ihres Besuchs schriftlich mitteilen. Antr\u00e4ge auf Entfernung von identifizierbaren Bildern k\u00f6nnen jederzeit an info@loop-biotech.com gerichtet werden.    <\/span><\/p><p><span style=\"font-weight: 400;\">Wir verarbeiten Ihre personenbezogenen Daten f\u00fcr verschiedene Zwecke: um Ihre Bestellungen auszuf\u00fchren, Zahlungen zu bearbeiten, Kundendienst zu leisten, unsere Dienstleistungen zu verbessern, mit Ihnen \u00fcber Ihren Kauf zu kommunizieren und Ihnen relevante Marketingmaterialien zuzusenden, wenn Sie sich daf\u00fcr entschieden haben. Die Daten werden auch zu analytischen Zwecken und zur Sicherung und Optimierung unserer Plattform verwendet. Wir verwenden Ihre personenbezogenen Daten niemals f\u00fcr ein Profiling oder eine automatisierte Entscheidungsfindung, die rechtliche Folgen hat. Die Rechtsgrundlagen f\u00fcr die Verarbeitung von Daten sind die Erf\u00fcllung eines Vertrags, die Einhaltung rechtlicher Verpflichtungen, ein berechtigtes Interesse oder Ihre ausdr\u00fcckliche Einwilligung, je nach T\u00e4tigkeit. Wenn wir uns auf eine Einwilligung st\u00fctzen, haben Sie das Recht, diese jederzeit zu widerrufen, ohne dass dadurch die Rechtm\u00e4\u00dfigkeit einer fr\u00fcheren Verarbeitung ber\u00fchrt wird.    <\/span><\/p><p><span style=\"font-weight: 400;\">Wir k\u00f6nnen personenbezogene Daten auch f\u00fcr Direktmarketing verwenden, sowohl digital als auch pers\u00f6nlich. Wenn Sie sich zum Beispiel f\u00fcr unseren Newsletter anmelden, k\u00f6nnen wir Engagement-Metriken wie \u00d6ffnungsraten und Klickverhalten verfolgen, um die Kommunikationsleistung zu analysieren und zu verbessern. Wenn Sie unsere Website besuchen und der Verwendung von Cookies zustimmen, k\u00f6nnen wir Remarketing-Tools von Plattformen wie Meta, Google oder LinkedIn verwenden, um Ihnen relevante Werbung zu zeigen. In bestimmten F\u00e4llen und nur mit ausdr\u00fccklicher Zustimmung k\u00f6nnen wir gehashte Kontaktdaten verwenden, um anonymisierte benutzerdefinierte Zielgruppen auf Werbeplattformen zu erstellen. Pers\u00f6nliche Daten, die wir auf Messen, \u00fcber physische Formulare, QR-Codes oder Brosch\u00fcren erhalten, k\u00f6nnen f\u00fcr Folgekommunikation verwendet werden, wenn eine entsprechende Zustimmung vorliegt. Zu keinem Zeitpunkt verkaufen, handeln oder vermieten wir Ihre Daten an Dritte.     <\/span><\/p><p><span style=\"font-weight: 400;\">Wir bewahren Ihre personenbezogenen Daten nur so lange wie n\u00f6tig auf. Transaktionsdaten im Zusammenhang mit Bestellungen und Zahlungen werden in \u00dcbereinstimmung mit den niederl\u00e4ndischen Steuerbestimmungen bis zu sieben Jahre lang gespeichert. Inaktive Benutzerkonten werden nach 24 Monaten der Nichtnutzung gel\u00f6scht. Webanalysedaten werden in anonymisierter Form nicht l\u00e4nger als zw\u00f6lf Monate gespeichert. Nach Ablauf der geltenden Aufbewahrungsfrist werden die Daten auf sichere und unwiderrufliche Weise gel\u00f6scht oder anonymisiert.    <\/span><\/p><p><span style=\"font-weight: 400;\">Ihre Daten k\u00f6nnen an gepr\u00fcfte externe Verarbeiter weitergegeben werden, die unseren Betrieb unterst\u00fctzen, z. B. Zahlungsanbieter, Logistikpartner, IT-Hostingdienste, Analysetools und CRM-Plattformen. Diese Parteien sind vertraglich verpflichtet, Ihre Daten nur nach unseren Anweisungen und in voller \u00dcbereinstimmung mit den geltenden Datenschutzbestimmungen zu verarbeiten. Alle Dritten m\u00fcssen eine Datenverarbeitungsvereinbarung (Data Processing Agreement, DPA) unterzeichnen und angemessene technische und organisatorische Sicherheitsma\u00dfnahmen nachweisen. Wenn wir Daten au\u00dferhalb des Europ\u00e4ischen Wirtschaftsraums \u00fcbermitteln, einschlie\u00dflich in L\u00e4nder wie die Vereinigten Staaten oder Kanada, tun wir dies nur, wenn rechtliche Schutzma\u00dfnahmen vorhanden sind, einschlie\u00dflich Standardvertragsklauseln (SCCs), Teilnahme am EU-U.S. Data Privacy Framework oder gleichwertige Mechanismen nach geltendem Recht.   <\/span><\/p><p><span style=\"font-weight: 400;\">Cookies und \u00e4hnliche Tracking-Technologien werden auf unserer Website f\u00fcr die Funktionalit\u00e4t, die Leistungsoptimierung und - wenn Sie zustimmen - f\u00fcr gezieltes Marketing verwendet. Bei Ihrem ersten Besuch wird ein Banner mit den entsprechenden Cookies angezeigt, \u00fcber das Sie Ihre Zustimmung erteilen, ablehnen oder Ihre Pr\u00e4ferenzen anpassen k\u00f6nnen. Die Plattform verwendet ein zertifiziertes Consent Management Tool in \u00dcbereinstimmung mit der europ\u00e4ischen und deutschen Gesetzgebung, einschlie\u00dflich \u00a725 TTDSG. Sie k\u00f6nnen Ihre Cookie-Einstellungen jederzeit \u00fcber die Einstellungen in der Fu\u00dfzeile der Website \u00e4ndern oder widerrufen. Ausf\u00fchrliche Informationen finden Sie in unserer separaten Cookie-Richtlinie.    <\/span><\/p><p><span style=\"font-weight: 400;\">Zum Schutz Ihrer Daten setzen wir eine Reihe von technischen und organisatorischen Ma\u00dfnahmen ein. Dazu geh\u00f6ren sichere europ\u00e4ische Server, Verschl\u00fcsselung aller Daten bei der \u00dcbertragung, gehashte Passw\u00f6rter, Zwei-Faktor-Authentifizierung f\u00fcr den internen Zugang, rollenbasierte Zugangskontrolle und regelm\u00e4\u00dfige Systempr\u00fcfungen. Zwar ist keine Online-Plattform v\u00f6llig immun gegen Risiken, aber wir ergreifen alle geeigneten Ma\u00dfnahmen, um potenzielle Bedrohungen abzuschw\u00e4chen und auf sie zu reagieren.  <\/span><\/p><p><span style=\"font-weight: 400;\">Im unwahrscheinlichen Fall einer Datenschutzverletzung, die personenbezogene Daten betrifft, halten wir uns an strenge interne Protokolle und benachrichtigen erforderlichenfalls die zust\u00e4ndige Aufsichtsbeh\u00f6rde innerhalb von 72 Stunden. Falls gesetzlich vorgeschrieben, werden auch die betroffenen Personen unverz\u00fcglich informiert. Alle Vorf\u00e4lle werden in \u00dcbereinstimmung mit den gesetzlichen Vorschriften dokumentiert.  <\/span><\/p><p><span style=\"font-weight: 400;\">Sie haben das Recht, auf Ihre Daten zuzugreifen, eine Berichtigung oder L\u00f6schung zu verlangen, die Verarbeitung einzuschr\u00e4nken, der Direktwerbung zu widersprechen, die Daten\u00fcbertragbarkeit zu beantragen oder eine zuvor erteilte Einwilligung zu widerrufen. Alle derartigen Antr\u00e4ge m\u00fcssen schriftlich an info@loop-biotech.com gerichtet werden. Wir behalten uns das Recht vor, Antr\u00e4ge abzulehnen, die offensichtlich unbegr\u00fcndet, \u00fcbertrieben oder wiederholend sind. Wir k\u00f6nnen eine Identit\u00e4tspr\u00fcfung verlangen, bevor wir auf eine Anfrage reagieren, und werden innerhalb der gesetzlich vorgeschriebenen Frist antworten.   <\/span><\/p><p><span style=\"font-weight: 400;\">Loop Biotech erhebt und verarbeitet nicht wissentlich Daten von Personen unter 16 Jahren. Sollten wir Kenntnis davon erhalten, dass Daten von Minderj\u00e4hrigen \u00fcbermittelt wurden, werden diese unverz\u00fcglich gel\u00f6scht. Die Nutzung unserer Website und unserer Dienste setzt die Best\u00e4tigung voraus, dass der Nutzer mindestens 16 Jahre alt ist.  <\/span><\/p><p><span style=\"font-weight: 400;\">Wir behalten uns das Recht vor, diese Datenschutzrichtlinie jederzeit zu \u00e4ndern, um \u00c4nderungen in der Gesetzgebung, der Technologie oder unseren Gesch\u00e4ftsabl\u00e4ufen Rechnung zu tragen. Die aktuellste Version wird immer auf unserer Website ver\u00f6ffentlicht. Die fortgesetzte Nutzung unserer Dienste bedeutet die Annahme der aktuellen Richtlinie.  <\/span><\/p><p><span style=\"font-weight: 400;\">Diese Datenschutzrichtlinie unterliegt ausschlie\u00dflich dem niederl\u00e4ndischen Recht. Alle Streitigkeiten, die sich aus ihrer Auslegung oder Ausf\u00fchrung ergeben, werden dem zust\u00e4ndigen Gericht in Den Haag (Niederlande) vorgelegt. <\/span><\/p><p><span style=\"font-weight: 400;\">Wenn Sie Fragen, Bedenken oder Beschwerden dar\u00fcber haben, wie wir personenbezogene Daten verarbeiten, k\u00f6nnen Sie uns unter info@loop-biotech.com kontaktieren.<\/span><\/p><p> <\/p>\t\t\t\t\t\t\t\t<\/div>\n\t\t\t\t<\/div>\n\t\t\t\t\t<\/div>\n\t\t<\/div>\n\t\t\t\t\t<\/div>\n\t\t<\/section>\n\t\t\t\t<\/div>\n\t\t","protected":false},"excerpt":{"rendered":"<p>Datenschutzbestimmungen Zuletzt aktualisiert: Juli 28, 2025 Loop Biotech B.V. mit Sitz im Vulcanusweg 279, 2624 AV Delft, Niederlande, ist verantwortlich f\u00fcr die Erhebung und Verarbeitung personenbezogener Daten \u00fcber seine Websites, Kommunikationsmittel, Werksbesuche, Veranstaltungen und alle anderen Gesch\u00e4ftsaktivit\u00e4ten. Wir behandeln personenbezogene Daten in strikter \u00dcbereinstimmung mit der General Data Protection Regulation (GDPR), dem California Consumer Privacy [&hellip;]<\/p>\n","protected":false},"author":1,"featured_media":0,"parent":0,"menu_order":16,"comment_status":"closed","ping_status":"closed","template":"","meta":{"_acf_changed":false,"footnotes":""},"class_list":["post-21362","page","type-page","status-publish","hentry"],"acf":[],"yoast_head":"<!-- This site is optimized with the Yoast SEO plugin v27.3 - https:\/\/yoast.com\/product\/yoast-seo-wordpress\/ -->\n<title>Datenschutzrichtlinie - Loop Biotech<\/title>\n<meta name=\"robots\" content=\"index, follow, max-snippet:-1, max-image-preview:large, max-video-preview:-1\" \/>\n<link rel=\"canonical\" href=\"https:\/\/loop-biotech.com\/de\/privacy-policy\/\" \/>\n<meta property=\"og:locale\" content=\"de_DE\" \/>\n<meta property=\"og:type\" content=\"article\" \/>\n<meta property=\"og:title\" content=\"Datenschutzrichtlinie - Loop Biotech\" \/>\n<meta property=\"og:description\" content=\"Datenschutzbestimmungen Zuletzt aktualisiert: Juli 28, 2025 Loop Biotech B.V. mit Sitz im Vulcanusweg 279, 2624 AV Delft, Niederlande, ist verantwortlich f\u00fcr die Erhebung und Verarbeitung personenbezogener Daten \u00fcber seine Websites, Kommunikationsmittel, Werksbesuche, Veranstaltungen und alle anderen Gesch\u00e4ftsaktivit\u00e4ten. Wir behandeln personenbezogene Daten in strikter \u00dcbereinstimmung mit der General Data Protection Regulation (GDPR), dem California Consumer Privacy [&hellip;]\" \/>\n<meta property=\"og:url\" content=\"https:\/\/loop-biotech.com\/de\/privacy-policy\/\" \/>\n<meta property=\"og:site_name\" content=\"Loop Biotech\" \/>\n<meta property=\"article:modified_time\" content=\"2025-09-08T09:21:26+00:00\" \/>\n<meta name=\"twitter:card\" content=\"summary_large_image\" \/>\n<meta name=\"twitter:label1\" content=\"Gesch\u00e4tzte Lesezeit\" \/>\n\t<meta name=\"twitter:data1\" content=\"6\u00a0Minute\" \/>\n<script type=\"application\/ld+json\" class=\"yoast-schema-graph\">{\"@context\":\"https:\\\/\\\/schema.org\",\"@graph\":[{\"@type\":\"WebPage\",\"@id\":\"https:\\\/\\\/loop-biotech.com\\\/de\\\/privacy-policy\\\/\",\"url\":\"https:\\\/\\\/loop-biotech.com\\\/de\\\/privacy-policy\\\/\",\"name\":\"Datenschutzrichtlinie - Loop Biotech\",\"isPartOf\":{\"@id\":\"https:\\\/\\\/loop-biotech.com\\\/de\\\/#website\"},\"datePublished\":\"2023-04-13T11:50:57+00:00\",\"dateModified\":\"2025-09-08T09:21:26+00:00\",\"breadcrumb\":{\"@id\":\"https:\\\/\\\/loop-biotech.com\\\/de\\\/privacy-policy\\\/#breadcrumb\"},\"inLanguage\":\"de\",\"potentialAction\":[{\"@type\":\"ReadAction\",\"target\":[\"https:\\\/\\\/loop-biotech.com\\\/de\\\/privacy-policy\\\/\"]}]},{\"@type\":\"BreadcrumbList\",\"@id\":\"https:\\\/\\\/loop-biotech.com\\\/de\\\/privacy-policy\\\/#breadcrumb\",\"itemListElement\":[{\"@type\":\"ListItem\",\"position\":1,\"name\":\"Startseite\",\"item\":\"https:\\\/\\\/loop-biotech.com\\\/de\\\/\"},{\"@type\":\"ListItem\",\"position\":2,\"name\":\"Datenschutzrichtlinie\"}]},{\"@type\":\"WebSite\",\"@id\":\"https:\\\/\\\/loop-biotech.com\\\/de\\\/#website\",\"url\":\"https:\\\/\\\/loop-biotech.com\\\/de\\\/\",\"name\":\"Loop Biotech\",\"description\":\"Bereichern wir die Natur\",\"publisher\":{\"@id\":\"https:\\\/\\\/loop-biotech.com\\\/de\\\/#organization\"},\"potentialAction\":[{\"@type\":\"SearchAction\",\"target\":{\"@type\":\"EntryPoint\",\"urlTemplate\":\"https:\\\/\\\/loop-biotech.com\\\/de\\\/?s={search_term_string}\"},\"query-input\":{\"@type\":\"PropertyValueSpecification\",\"valueRequired\":true,\"valueName\":\"search_term_string\"}}],\"inLanguage\":\"de\"},{\"@type\":\"Organization\",\"@id\":\"https:\\\/\\\/loop-biotech.com\\\/de\\\/#organization\",\"name\":\"Loop Biotech\",\"url\":\"https:\\\/\\\/loop-biotech.com\\\/de\\\/\",\"logo\":{\"@type\":\"ImageObject\",\"inLanguage\":\"de\",\"@id\":\"https:\\\/\\\/loop-biotech.com\\\/de\\\/#\\\/schema\\\/logo\\\/image\\\/\",\"url\":\"https:\\\/\\\/loop-biotech.com\\\/wp-content\\\/uploads\\\/2023\\\/04\\\/LogoBlack-04.webp\",\"contentUrl\":\"https:\\\/\\\/loop-biotech.com\\\/wp-content\\\/uploads\\\/2023\\\/04\\\/LogoBlack-04.webp\",\"width\":214,\"height\":78,\"caption\":\"Loop Biotech\"},\"image\":{\"@id\":\"https:\\\/\\\/loop-biotech.com\\\/de\\\/#\\\/schema\\\/logo\\\/image\\\/\"}}]}<\/script>\n<!-- \/ Yoast SEO plugin. -->","yoast_head_json":{"title":"Datenschutzrichtlinie - Loop Biotech","robots":{"index":"index","follow":"follow","max-snippet":"max-snippet:-1","max-image-preview":"max-image-preview:large","max-video-preview":"max-video-preview:-1"},"canonical":"https:\/\/loop-biotech.com\/de\/privacy-policy\/","og_locale":"de_DE","og_type":"article","og_title":"Datenschutzrichtlinie - Loop Biotech","og_description":"Datenschutzbestimmungen Zuletzt aktualisiert: Juli 28, 2025 Loop Biotech B.V. mit Sitz im Vulcanusweg 279, 2624 AV Delft, Niederlande, ist verantwortlich f\u00fcr die Erhebung und Verarbeitung personenbezogener Daten \u00fcber seine Websites, Kommunikationsmittel, Werksbesuche, Veranstaltungen und alle anderen Gesch\u00e4ftsaktivit\u00e4ten. Wir behandeln personenbezogene Daten in strikter \u00dcbereinstimmung mit der General Data Protection Regulation (GDPR), dem California Consumer Privacy [&hellip;]","og_url":"https:\/\/loop-biotech.com\/de\/privacy-policy\/","og_site_name":"Loop Biotech","article_modified_time":"2025-09-08T09:21:26+00:00","twitter_card":"summary_large_image","twitter_misc":{"Gesch\u00e4tzte Lesezeit":"6\u00a0Minute"},"schema":{"@context":"https:\/\/schema.org","@graph":[{"@type":"WebPage","@id":"https:\/\/loop-biotech.com\/de\/privacy-policy\/","url":"https:\/\/loop-biotech.com\/de\/privacy-policy\/","name":"Datenschutzrichtlinie - Loop Biotech","isPartOf":{"@id":"https:\/\/loop-biotech.com\/de\/#website"},"datePublished":"2023-04-13T11:50:57+00:00","dateModified":"2025-09-08T09:21:26+00:00","breadcrumb":{"@id":"https:\/\/loop-biotech.com\/de\/privacy-policy\/#breadcrumb"},"inLanguage":"de","potentialAction":[{"@type":"ReadAction","target":["https:\/\/loop-biotech.com\/de\/privacy-policy\/"]}]},{"@type":"BreadcrumbList","@id":"https:\/\/loop-biotech.com\/de\/privacy-policy\/#breadcrumb","itemListElement":[{"@type":"ListItem","position":1,"name":"Startseite","item":"https:\/\/loop-biotech.com\/de\/"},{"@type":"ListItem","position":2,"name":"Datenschutzrichtlinie"}]},{"@type":"WebSite","@id":"https:\/\/loop-biotech.com\/de\/#website","url":"https:\/\/loop-biotech.com\/de\/","name":"Loop Biotech","description":"Bereichern wir die Natur","publisher":{"@id":"https:\/\/loop-biotech.com\/de\/#organization"},"potentialAction":[{"@type":"SearchAction","target":{"@type":"EntryPoint","urlTemplate":"https:\/\/loop-biotech.com\/de\/?s={search_term_string}"},"query-input":{"@type":"PropertyValueSpecification","valueRequired":true,"valueName":"search_term_string"}}],"inLanguage":"de"},{"@type":"Organization","@id":"https:\/\/loop-biotech.com\/de\/#organization","name":"Loop Biotech","url":"https:\/\/loop-biotech.com\/de\/","logo":{"@type":"ImageObject","inLanguage":"de","@id":"https:\/\/loop-biotech.com\/de\/#\/schema\/logo\/image\/","url":"https:\/\/loop-biotech.com\/wp-content\/uploads\/2023\/04\/LogoBlack-04.webp","contentUrl":"https:\/\/loop-biotech.com\/wp-content\/uploads\/2023\/04\/LogoBlack-04.webp","width":214,"height":78,"caption":"Loop Biotech"},"image":{"@id":"https:\/\/loop-biotech.com\/de\/#\/schema\/logo\/image\/"}}]}},"_links":{"self":[{"href":"https:\/\/loop-biotech.com\/de\/wp-json\/wp\/v2\/pages\/21362","targetHints":{"allow":["GET"]}}],"collection":[{"href":"https:\/\/loop-biotech.com\/de\/wp-json\/wp\/v2\/pages"}],"about":[{"href":"https:\/\/loop-biotech.com\/de\/wp-json\/wp\/v2\/types\/page"}],"author":[{"embeddable":true,"href":"https:\/\/loop-biotech.com\/de\/wp-json\/wp\/v2\/users\/1"}],"replies":[{"embeddable":true,"href":"https:\/\/loop-biotech.com\/de\/wp-json\/wp\/v2\/comments?post=21362"}],"version-history":[{"count":1,"href":"https:\/\/loop-biotech.com\/de\/wp-json\/wp\/v2\/pages\/21362\/revisions"}],"predecessor-version":[{"id":21363,"href":"https:\/\/loop-biotech.com\/de\/wp-json\/wp\/v2\/pages\/21362\/revisions\/21363"}],"wp:attachment":[{"href":"https:\/\/loop-biotech.com\/de\/wp-json\/wp\/v2\/media?parent=21362"}],"curies":[{"name":"wp","href":"https:\/\/api.w.org\/{rel}","templated":true}]}}