{"id":19207,"date":"2025-03-10T09:14:46","date_gmt":"2025-03-10T08:14:46","guid":{"rendered":"https:\/\/loop-biotech.com\/product\/loop-earthrise\/"},"modified":"2026-03-17T16:37:46","modified_gmt":"2026-03-17T15:37:46","slug":"earthrise","status":"publish","type":"product","link":"https:\/\/loop-biotech.com\/de\/Produkt\/earthrise\/","title":{"rendered":"Loop EarthRise\u2122"},"content":{"rendered":"<p>Test<\/p>\n","protected":false},"excerpt":{"rendered":"<p>Die Loop EarthRise\u2122 ist die erste Urne der Welt, die aus Pilzen hergestellt wird. In nur sieben Tagen aus einheimischen Pilzen und upgecycelten Hanffasern gez\u00fcchtet, n\u00e4hrt sie die Erde und l\u00e4sst einen Baum zu deinem Gedenken wachsen. Verwenden Sie die Urne als nat\u00fcrliche Dekoration f\u00fcr Ihr Zuhause oder pflanzen Sie sie in einem Garten oder auf einem Friedhof ein. W\u00e4hlen Sie einen Deckel mit einer Vertiefung f\u00fcr eine Pflanze oder ein geschlossenes Design. Erh\u00e4ltlich in den Farbt\u00f6nen &#8218;Calm&#8216; oder &#8218;Wild&#8216; und in zwei Gr\u00f6\u00dfen: Standard (4L) oder To Share (0,5L) zum Teilen mit lieben Menschen. Eine sinnvolle Wahl f\u00fcr alle, die der Natur etwas zur\u00fcckgeben und die Welt verbessern wollen.     <\/p>\n","protected":false},"featured_media":10932,"template":"","meta":{"_acf_changed":false},"product_brand":[],"product_cat":[179],"product_tag":[],"class_list":{"0":"post-19207","1":"product","2":"type-product","3":"status-publish","4":"has-post-thumbnail","6":"product_cat-loop-earthrise-de","7":"product_shipping_class-normaal-pakket-de","9":"first","10":"instock","11":"taxable","12":"shipping-taxable","13":"purchasable","14":"product-type-variable","15":"has-default-attributes"},"acf":[],"yoast_head":"<!-- This site is optimized with the Yoast SEO plugin v27.3 - https:\/\/yoast.com\/product\/yoast-seo-wordpress\/ -->\n<title>Loop EarthRise\u2122 - Loop Biotech<\/title>\n<meta name=\"robots\" content=\"index, follow, max-snippet:-1, max-image-preview:large, max-video-preview:-1\" \/>\n<link rel=\"canonical\" href=\"https:\/\/loop-biotech.com\/de\/Produkt\/earthrise\/\" \/>\n<meta property=\"og:locale\" content=\"de_DE\" \/>\n<meta property=\"og:type\" content=\"article\" \/>\n<meta property=\"og:title\" content=\"Loop EarthRise\u2122 - Loop Biotech\" \/>\n<meta property=\"og:description\" content=\"Die Loop EarthRise\u2122 ist die erste Urne der Welt, die aus Pilzen hergestellt wird. In nur sieben Tagen aus einheimischen Pilzen und upgecycelten Hanffasern gez\u00fcchtet, n\u00e4hrt sie die Erde und l\u00e4sst einen Baum zu deinem Gedenken wachsen. Verwenden Sie die Urne als nat\u00fcrliche Dekoration f\u00fcr Ihr Zuhause oder pflanzen Sie sie in einem Garten oder auf einem Friedhof ein. W\u00e4hlen Sie einen Deckel mit einer Vertiefung f\u00fcr eine Pflanze oder ein geschlossenes Design. Erh\u00e4ltlich in den Farbt\u00f6nen &#039;Calm&#039; oder &#039;Wild&#039; und in zwei Gr\u00f6\u00dfen: Standard (4L) oder To Share (0,5L) zum Teilen mit lieben Menschen. Eine sinnvolle Wahl f\u00fcr alle, die der Natur etwas zur\u00fcckgeben und die Welt verbessern wollen.\" \/>\n<meta property=\"og:url\" content=\"https:\/\/loop-biotech.com\/de\/Produkt\/earthrise\/\" \/>\n<meta property=\"og:site_name\" content=\"Loop Biotech\" \/>\n<meta property=\"article:modified_time\" content=\"2026-03-17T15:37:46+00:00\" \/>\n<meta property=\"og:image\" content=\"https:\/\/loop-biotech.com\/wp-content\/uploads\/2025\/03\/loop_earthrise.webp\" \/>\n\t<meta property=\"og:image:width\" content=\"1375\" \/>\n\t<meta property=\"og:image:height\" content=\"922\" \/>\n\t<meta property=\"og:image:type\" content=\"image\/webp\" \/>\n<meta name=\"twitter:card\" content=\"summary_large_image\" \/>\n<meta name=\"twitter:label1\" content=\"Gesch\u00e4tzte Lesezeit\" \/>\n\t<meta name=\"twitter:data1\" content=\"1\u00a0Minute\" \/>\n<script type=\"application\/ld+json\" class=\"yoast-schema-graph\">{\"@context\":\"https:\\\/\\\/schema.org\",\"@graph\":[{\"@type\":\"WebPage\",\"@id\":\"https:\\\/\\\/loop-biotech.com\\\/de\\\/Produkt\\\/earthrise\\\/\",\"url\":\"https:\\\/\\\/loop-biotech.com\\\/de\\\/Produkt\\\/earthrise\\\/\",\"name\":\"Loop EarthRise\u2122 - Loop Biotech\",\"isPartOf\":{\"@id\":\"https:\\\/\\\/loop-biotech.com\\\/de\\\/#website\"},\"primaryImageOfPage\":{\"@id\":\"https:\\\/\\\/loop-biotech.com\\\/de\\\/Produkt\\\/earthrise\\\/#primaryimage\"},\"image\":{\"@id\":\"https:\\\/\\\/loop-biotech.com\\\/de\\\/Produkt\\\/earthrise\\\/#primaryimage\"},\"thumbnailUrl\":\"https:\\\/\\\/loop-biotech.com\\\/wp-content\\\/uploads\\\/2025\\\/03\\\/loop_earthrise.webp\",\"datePublished\":\"2025-03-10T08:14:46+00:00\",\"dateModified\":\"2026-03-17T15:37:46+00:00\",\"breadcrumb\":{\"@id\":\"https:\\\/\\\/loop-biotech.com\\\/de\\\/Produkt\\\/earthrise\\\/#breadcrumb\"},\"inLanguage\":\"de\",\"potentialAction\":[{\"@type\":\"ReadAction\",\"target\":[\"https:\\\/\\\/loop-biotech.com\\\/de\\\/Produkt\\\/earthrise\\\/\"]}]},{\"@type\":\"ImageObject\",\"inLanguage\":\"de\",\"@id\":\"https:\\\/\\\/loop-biotech.com\\\/de\\\/Produkt\\\/earthrise\\\/#primaryimage\",\"url\":\"https:\\\/\\\/loop-biotech.com\\\/wp-content\\\/uploads\\\/2025\\\/03\\\/loop_earthrise.webp\",\"contentUrl\":\"https:\\\/\\\/loop-biotech.com\\\/wp-content\\\/uploads\\\/2025\\\/03\\\/loop_earthrise.webp\",\"width\":1375,\"height\":922},{\"@type\":\"BreadcrumbList\",\"@id\":\"https:\\\/\\\/loop-biotech.com\\\/de\\\/Produkt\\\/earthrise\\\/#breadcrumb\",\"itemListElement\":[{\"@type\":\"ListItem\",\"position\":1,\"name\":\"Startseite\",\"item\":\"https:\\\/\\\/loop-biotech.com\\\/de\\\/\"},{\"@type\":\"ListItem\",\"position\":2,\"name\":\"Shop\",\"item\":\"https:\\\/\\\/loop-biotech.com\\\/de\\\/shop\\\/\"},{\"@type\":\"ListItem\",\"position\":3,\"name\":\"Loop EarthRise\u2122\"}]},{\"@type\":\"WebSite\",\"@id\":\"https:\\\/\\\/loop-biotech.com\\\/de\\\/#website\",\"url\":\"https:\\\/\\\/loop-biotech.com\\\/de\\\/\",\"name\":\"Loop Biotech\",\"description\":\"Bereichern wir die Natur\",\"publisher\":{\"@id\":\"https:\\\/\\\/loop-biotech.com\\\/de\\\/#organization\"},\"potentialAction\":[{\"@type\":\"SearchAction\",\"target\":{\"@type\":\"EntryPoint\",\"urlTemplate\":\"https:\\\/\\\/loop-biotech.com\\\/de\\\/?s={search_term_string}\"},\"query-input\":{\"@type\":\"PropertyValueSpecification\",\"valueRequired\":true,\"valueName\":\"search_term_string\"}}],\"inLanguage\":\"de\"},{\"@type\":\"Organization\",\"@id\":\"https:\\\/\\\/loop-biotech.com\\\/de\\\/#organization\",\"name\":\"Loop Biotech\",\"url\":\"https:\\\/\\\/loop-biotech.com\\\/de\\\/\",\"logo\":{\"@type\":\"ImageObject\",\"inLanguage\":\"de\",\"@id\":\"https:\\\/\\\/loop-biotech.com\\\/de\\\/#\\\/schema\\\/logo\\\/image\\\/\",\"url\":\"https:\\\/\\\/loop-biotech.com\\\/wp-content\\\/uploads\\\/2023\\\/04\\\/LogoBlack-04.webp\",\"contentUrl\":\"https:\\\/\\\/loop-biotech.com\\\/wp-content\\\/uploads\\\/2023\\\/04\\\/LogoBlack-04.webp\",\"width\":214,\"height\":78,\"caption\":\"Loop Biotech\"},\"image\":{\"@id\":\"https:\\\/\\\/loop-biotech.com\\\/de\\\/#\\\/schema\\\/logo\\\/image\\\/\"}}]}<\/script>\n<!-- \/ Yoast SEO plugin. -->","yoast_head_json":{"title":"Loop EarthRise\u2122 - Loop Biotech","robots":{"index":"index","follow":"follow","max-snippet":"max-snippet:-1","max-image-preview":"max-image-preview:large","max-video-preview":"max-video-preview:-1"},"canonical":"https:\/\/loop-biotech.com\/de\/Produkt\/earthrise\/","og_locale":"de_DE","og_type":"article","og_title":"Loop EarthRise\u2122 - Loop Biotech","og_description":"Die Loop EarthRise\u2122 ist die erste Urne der Welt, die aus Pilzen hergestellt wird. In nur sieben Tagen aus einheimischen Pilzen und upgecycelten Hanffasern gez\u00fcchtet, n\u00e4hrt sie die Erde und l\u00e4sst einen Baum zu deinem Gedenken wachsen. Verwenden Sie die Urne als nat\u00fcrliche Dekoration f\u00fcr Ihr Zuhause oder pflanzen Sie sie in einem Garten oder auf einem Friedhof ein. W\u00e4hlen Sie einen Deckel mit einer Vertiefung f\u00fcr eine Pflanze oder ein geschlossenes Design. Erh\u00e4ltlich in den Farbt\u00f6nen 'Calm' oder 'Wild' und in zwei Gr\u00f6\u00dfen: Standard (4L) oder To Share (0,5L) zum Teilen mit lieben Menschen. Eine sinnvolle Wahl f\u00fcr alle, die der Natur etwas zur\u00fcckgeben und die Welt verbessern wollen.","og_url":"https:\/\/loop-biotech.com\/de\/Produkt\/earthrise\/","og_site_name":"Loop Biotech","article_modified_time":"2026-03-17T15:37:46+00:00","og_image":[{"width":1375,"height":922,"url":"https:\/\/loop-biotech.com\/wp-content\/uploads\/2025\/03\/loop_earthrise.webp","type":"image\/webp"}],"twitter_card":"summary_large_image","twitter_misc":{"Gesch\u00e4tzte Lesezeit":"1\u00a0Minute"},"schema":{"@context":"https:\/\/schema.org","@graph":[{"@type":"WebPage","@id":"https:\/\/loop-biotech.com\/de\/Produkt\/earthrise\/","url":"https:\/\/loop-biotech.com\/de\/Produkt\/earthrise\/","name":"Loop EarthRise\u2122 - Loop Biotech","isPartOf":{"@id":"https:\/\/loop-biotech.com\/de\/#website"},"primaryImageOfPage":{"@id":"https:\/\/loop-biotech.com\/de\/Produkt\/earthrise\/#primaryimage"},"image":{"@id":"https:\/\/loop-biotech.com\/de\/Produkt\/earthrise\/#primaryimage"},"thumbnailUrl":"https:\/\/loop-biotech.com\/wp-content\/uploads\/2025\/03\/loop_earthrise.webp","datePublished":"2025-03-10T08:14:46+00:00","dateModified":"2026-03-17T15:37:46+00:00","breadcrumb":{"@id":"https:\/\/loop-biotech.com\/de\/Produkt\/earthrise\/#breadcrumb"},"inLanguage":"de","potentialAction":[{"@type":"ReadAction","target":["https:\/\/loop-biotech.com\/de\/Produkt\/earthrise\/"]}]},{"@type":"ImageObject","inLanguage":"de","@id":"https:\/\/loop-biotech.com\/de\/Produkt\/earthrise\/#primaryimage","url":"https:\/\/loop-biotech.com\/wp-content\/uploads\/2025\/03\/loop_earthrise.webp","contentUrl":"https:\/\/loop-biotech.com\/wp-content\/uploads\/2025\/03\/loop_earthrise.webp","width":1375,"height":922},{"@type":"BreadcrumbList","@id":"https:\/\/loop-biotech.com\/de\/Produkt\/earthrise\/#breadcrumb","itemListElement":[{"@type":"ListItem","position":1,"name":"Startseite","item":"https:\/\/loop-biotech.com\/de\/"},{"@type":"ListItem","position":2,"name":"Shop","item":"https:\/\/loop-biotech.com\/de\/shop\/"},{"@type":"ListItem","position":3,"name":"Loop EarthRise\u2122"}]},{"@type":"WebSite","@id":"https:\/\/loop-biotech.com\/de\/#website","url":"https:\/\/loop-biotech.com\/de\/","name":"Loop Biotech","description":"Bereichern wir die Natur","publisher":{"@id":"https:\/\/loop-biotech.com\/de\/#organization"},"potentialAction":[{"@type":"SearchAction","target":{"@type":"EntryPoint","urlTemplate":"https:\/\/loop-biotech.com\/de\/?s={search_term_string}"},"query-input":{"@type":"PropertyValueSpecification","valueRequired":true,"valueName":"search_term_string"}}],"inLanguage":"de"},{"@type":"Organization","@id":"https:\/\/loop-biotech.com\/de\/#organization","name":"Loop Biotech","url":"https:\/\/loop-biotech.com\/de\/","logo":{"@type":"ImageObject","inLanguage":"de","@id":"https:\/\/loop-biotech.com\/de\/#\/schema\/logo\/image\/","url":"https:\/\/loop-biotech.com\/wp-content\/uploads\/2023\/04\/LogoBlack-04.webp","contentUrl":"https:\/\/loop-biotech.com\/wp-content\/uploads\/2023\/04\/LogoBlack-04.webp","width":214,"height":78,"caption":"Loop Biotech"},"image":{"@id":"https:\/\/loop-biotech.com\/de\/#\/schema\/logo\/image\/"}}]}},"_links":{"self":[{"href":"https:\/\/loop-biotech.com\/de\/wp-json\/wp\/v2\/product\/19207","targetHints":{"allow":["GET"]}}],"collection":[{"href":"https:\/\/loop-biotech.com\/de\/wp-json\/wp\/v2\/product"}],"about":[{"href":"https:\/\/loop-biotech.com\/de\/wp-json\/wp\/v2\/types\/product"}],"wp:featuredmedia":[{"embeddable":true,"href":"https:\/\/loop-biotech.com\/de\/wp-json\/wp\/v2\/media\/10932"}],"wp:attachment":[{"href":"https:\/\/loop-biotech.com\/de\/wp-json\/wp\/v2\/media?parent=19207"}],"wp:term":[{"taxonomy":"product_brand","embeddable":true,"href":"https:\/\/loop-biotech.com\/de\/wp-json\/wp\/v2\/product_brand?post=19207"},{"taxonomy":"product_cat","embeddable":true,"href":"https:\/\/loop-biotech.com\/de\/wp-json\/wp\/v2\/product_cat?post=19207"},{"taxonomy":"product_tag","embeddable":true,"href":"https:\/\/loop-biotech.com\/de\/wp-json\/wp\/v2\/product_tag?post=19207"}],"curies":[{"name":"wp","href":"https:\/\/api.w.org\/{rel}","templated":true}]}}