{"id":19247,"date":"2025-05-30T11:41:53","date_gmt":"2025-05-30T09:41:53","guid":{"rendered":"https:\/\/loop-biotech.com\/product\/bio-farbset\/"},"modified":"2025-11-04T15:32:48","modified_gmt":"2025-11-04T14:32:48","slug":"organic-paint-set","status":"publish","type":"product","link":"https:\/\/loop-biotech.com\/de\/Produkt\/organic-paint-set\/","title":{"rendered":"Bio-Farbset"},"content":{"rendered":"<p>Dekorieren Sie den Loop Living Cocoon\u2122, das Loop ForestBed\u2122 oder den Loop EarthRise\u2122 mit unserem organischen und biologisch abbaubaren Farbset. Entwerfen Sie ein dauerhaftes und pers\u00f6nliches Design f\u00fcr Ihren geliebten Menschen.<\/p>\n","protected":false},"excerpt":{"rendered":"<p>Mit dem Loop-Farbset k\u00f6nnen Sie dem Loop Living Cocoon\u2122, Loop ForestBed\u2122 und Loop EarthRise\u2122 eine pers\u00f6nliche und liebevolle Note verleihen. Verwenden Sie die organische Farbe, um einen Namen zu schreiben, ein Symbol zu malen oder eine Botschaft zu \u00fcbermitteln, die von Herzen kommt. Eine einfache M\u00f6glichkeit, einen Abschied in eine sch\u00f6ne und bedeutungsvolle Erinnerung zu verwandeln, zusammen mit Ihren Lieben oder in einem ruhigen Moment f\u00fcr sich allein.<\/p>\n","protected":false},"featured_media":11052,"template":"","meta":{"_acf_changed":false},"product_brand":[],"product_cat":[188],"product_tag":[],"class_list":{"0":"post-19247","1":"product","2":"type-product","3":"status-publish","4":"has-post-thumbnail","6":"product_cat-zubehor","7":"product_shipping_class-brievenbuspakket-de","9":"first","10":"instock","11":"taxable","12":"shipping-taxable","13":"purchasable","14":"product-type-simple"},"acf":[],"yoast_head":"<!-- This site is optimized with the Yoast SEO plugin v27.3 - https:\/\/yoast.com\/product\/yoast-seo-wordpress\/ -->\n<title>Bio-Farbset - Loop Biotech<\/title>\n<meta name=\"robots\" content=\"index, follow, max-snippet:-1, max-image-preview:large, max-video-preview:-1\" \/>\n<link rel=\"canonical\" href=\"https:\/\/loop-biotech.com\/de\/Produkt\/organic-paint-set\/\" \/>\n<meta property=\"og:locale\" content=\"de_DE\" \/>\n<meta property=\"og:type\" content=\"article\" \/>\n<meta property=\"og:title\" content=\"Bio-Farbset - Loop Biotech\" \/>\n<meta property=\"og:description\" content=\"Mit dem Loop-Farbset k\u00f6nnen Sie dem Loop Living Cocoon\u2122, Loop ForestBed\u2122 und Loop EarthRise\u2122 eine pers\u00f6nliche und liebevolle Note verleihen. Verwenden Sie die organische Farbe, um einen Namen zu schreiben, ein Symbol zu malen oder eine Botschaft zu \u00fcbermitteln, die von Herzen kommt. Eine einfache M\u00f6glichkeit, einen Abschied in eine sch\u00f6ne und bedeutungsvolle Erinnerung zu verwandeln, zusammen mit Ihren Lieben oder in einem ruhigen Moment f\u00fcr sich allein.\" \/>\n<meta property=\"og:url\" content=\"https:\/\/loop-biotech.com\/de\/Produkt\/organic-paint-set\/\" \/>\n<meta property=\"og:site_name\" content=\"Loop Biotech\" \/>\n<meta property=\"article:modified_time\" content=\"2025-11-04T14:32:48+00:00\" \/>\n<meta property=\"og:image\" content=\"https:\/\/loop-biotech.com\/wp-content\/uploads\/2025\/03\/DSC04627.webp\" \/>\n\t<meta property=\"og:image:width\" content=\"1680\" \/>\n\t<meta property=\"og:image:height\" content=\"1120\" \/>\n\t<meta property=\"og:image:type\" content=\"image\/webp\" \/>\n<meta name=\"twitter:card\" content=\"summary_large_image\" \/>\n<meta name=\"twitter:label1\" content=\"Gesch\u00e4tzte Lesezeit\" \/>\n\t<meta name=\"twitter:data1\" content=\"1\u00a0Minute\" \/>\n<script type=\"application\/ld+json\" class=\"yoast-schema-graph\">{\"@context\":\"https:\\\/\\\/schema.org\",\"@graph\":[{\"@type\":\"WebPage\",\"@id\":\"https:\\\/\\\/loop-biotech.com\\\/de\\\/Produkt\\\/organic-paint-set\\\/\",\"url\":\"https:\\\/\\\/loop-biotech.com\\\/de\\\/Produkt\\\/organic-paint-set\\\/\",\"name\":\"Bio-Farbset - Loop Biotech\",\"isPartOf\":{\"@id\":\"https:\\\/\\\/loop-biotech.com\\\/de\\\/#website\"},\"primaryImageOfPage\":{\"@id\":\"https:\\\/\\\/loop-biotech.com\\\/de\\\/Produkt\\\/organic-paint-set\\\/#primaryimage\"},\"image\":{\"@id\":\"https:\\\/\\\/loop-biotech.com\\\/de\\\/Produkt\\\/organic-paint-set\\\/#primaryimage\"},\"thumbnailUrl\":\"https:\\\/\\\/loop-biotech.com\\\/wp-content\\\/uploads\\\/2025\\\/03\\\/DSC04627.webp\",\"datePublished\":\"2025-05-30T09:41:53+00:00\",\"dateModified\":\"2025-11-04T14:32:48+00:00\",\"breadcrumb\":{\"@id\":\"https:\\\/\\\/loop-biotech.com\\\/de\\\/Produkt\\\/organic-paint-set\\\/#breadcrumb\"},\"inLanguage\":\"de\",\"potentialAction\":[{\"@type\":\"ReadAction\",\"target\":[\"https:\\\/\\\/loop-biotech.com\\\/de\\\/Produkt\\\/organic-paint-set\\\/\"]}]},{\"@type\":\"ImageObject\",\"inLanguage\":\"de\",\"@id\":\"https:\\\/\\\/loop-biotech.com\\\/de\\\/Produkt\\\/organic-paint-set\\\/#primaryimage\",\"url\":\"https:\\\/\\\/loop-biotech.com\\\/wp-content\\\/uploads\\\/2025\\\/03\\\/DSC04627.webp\",\"contentUrl\":\"https:\\\/\\\/loop-biotech.com\\\/wp-content\\\/uploads\\\/2025\\\/03\\\/DSC04627.webp\",\"width\":1680,\"height\":1120},{\"@type\":\"BreadcrumbList\",\"@id\":\"https:\\\/\\\/loop-biotech.com\\\/de\\\/Produkt\\\/organic-paint-set\\\/#breadcrumb\",\"itemListElement\":[{\"@type\":\"ListItem\",\"position\":1,\"name\":\"Startseite\",\"item\":\"https:\\\/\\\/loop-biotech.com\\\/de\\\/\"},{\"@type\":\"ListItem\",\"position\":2,\"name\":\"Shop\",\"item\":\"https:\\\/\\\/loop-biotech.com\\\/de\\\/shop\\\/\"},{\"@type\":\"ListItem\",\"position\":3,\"name\":\"Bio-Farbset\"}]},{\"@type\":\"WebSite\",\"@id\":\"https:\\\/\\\/loop-biotech.com\\\/de\\\/#website\",\"url\":\"https:\\\/\\\/loop-biotech.com\\\/de\\\/\",\"name\":\"Loop Biotech\",\"description\":\"Bereichern wir die Natur\",\"publisher\":{\"@id\":\"https:\\\/\\\/loop-biotech.com\\\/de\\\/#organization\"},\"potentialAction\":[{\"@type\":\"SearchAction\",\"target\":{\"@type\":\"EntryPoint\",\"urlTemplate\":\"https:\\\/\\\/loop-biotech.com\\\/de\\\/?s={search_term_string}\"},\"query-input\":{\"@type\":\"PropertyValueSpecification\",\"valueRequired\":true,\"valueName\":\"search_term_string\"}}],\"inLanguage\":\"de\"},{\"@type\":\"Organization\",\"@id\":\"https:\\\/\\\/loop-biotech.com\\\/de\\\/#organization\",\"name\":\"Loop Biotech\",\"url\":\"https:\\\/\\\/loop-biotech.com\\\/de\\\/\",\"logo\":{\"@type\":\"ImageObject\",\"inLanguage\":\"de\",\"@id\":\"https:\\\/\\\/loop-biotech.com\\\/de\\\/#\\\/schema\\\/logo\\\/image\\\/\",\"url\":\"https:\\\/\\\/loop-biotech.com\\\/wp-content\\\/uploads\\\/2023\\\/04\\\/LogoBlack-04.webp\",\"contentUrl\":\"https:\\\/\\\/loop-biotech.com\\\/wp-content\\\/uploads\\\/2023\\\/04\\\/LogoBlack-04.webp\",\"width\":214,\"height\":78,\"caption\":\"Loop Biotech\"},\"image\":{\"@id\":\"https:\\\/\\\/loop-biotech.com\\\/de\\\/#\\\/schema\\\/logo\\\/image\\\/\"}}]}<\/script>\n<!-- \/ Yoast SEO plugin. -->","yoast_head_json":{"title":"Bio-Farbset - Loop Biotech","robots":{"index":"index","follow":"follow","max-snippet":"max-snippet:-1","max-image-preview":"max-image-preview:large","max-video-preview":"max-video-preview:-1"},"canonical":"https:\/\/loop-biotech.com\/de\/Produkt\/organic-paint-set\/","og_locale":"de_DE","og_type":"article","og_title":"Bio-Farbset - Loop Biotech","og_description":"Mit dem Loop-Farbset k\u00f6nnen Sie dem Loop Living Cocoon\u2122, Loop ForestBed\u2122 und Loop EarthRise\u2122 eine pers\u00f6nliche und liebevolle Note verleihen. Verwenden Sie die organische Farbe, um einen Namen zu schreiben, ein Symbol zu malen oder eine Botschaft zu \u00fcbermitteln, die von Herzen kommt. Eine einfache M\u00f6glichkeit, einen Abschied in eine sch\u00f6ne und bedeutungsvolle Erinnerung zu verwandeln, zusammen mit Ihren Lieben oder in einem ruhigen Moment f\u00fcr sich allein.","og_url":"https:\/\/loop-biotech.com\/de\/Produkt\/organic-paint-set\/","og_site_name":"Loop Biotech","article_modified_time":"2025-11-04T14:32:48+00:00","og_image":[{"width":1680,"height":1120,"url":"https:\/\/loop-biotech.com\/wp-content\/uploads\/2025\/03\/DSC04627.webp","type":"image\/webp"}],"twitter_card":"summary_large_image","twitter_misc":{"Gesch\u00e4tzte Lesezeit":"1\u00a0Minute"},"schema":{"@context":"https:\/\/schema.org","@graph":[{"@type":"WebPage","@id":"https:\/\/loop-biotech.com\/de\/Produkt\/organic-paint-set\/","url":"https:\/\/loop-biotech.com\/de\/Produkt\/organic-paint-set\/","name":"Bio-Farbset - Loop Biotech","isPartOf":{"@id":"https:\/\/loop-biotech.com\/de\/#website"},"primaryImageOfPage":{"@id":"https:\/\/loop-biotech.com\/de\/Produkt\/organic-paint-set\/#primaryimage"},"image":{"@id":"https:\/\/loop-biotech.com\/de\/Produkt\/organic-paint-set\/#primaryimage"},"thumbnailUrl":"https:\/\/loop-biotech.com\/wp-content\/uploads\/2025\/03\/DSC04627.webp","datePublished":"2025-05-30T09:41:53+00:00","dateModified":"2025-11-04T14:32:48+00:00","breadcrumb":{"@id":"https:\/\/loop-biotech.com\/de\/Produkt\/organic-paint-set\/#breadcrumb"},"inLanguage":"de","potentialAction":[{"@type":"ReadAction","target":["https:\/\/loop-biotech.com\/de\/Produkt\/organic-paint-set\/"]}]},{"@type":"ImageObject","inLanguage":"de","@id":"https:\/\/loop-biotech.com\/de\/Produkt\/organic-paint-set\/#primaryimage","url":"https:\/\/loop-biotech.com\/wp-content\/uploads\/2025\/03\/DSC04627.webp","contentUrl":"https:\/\/loop-biotech.com\/wp-content\/uploads\/2025\/03\/DSC04627.webp","width":1680,"height":1120},{"@type":"BreadcrumbList","@id":"https:\/\/loop-biotech.com\/de\/Produkt\/organic-paint-set\/#breadcrumb","itemListElement":[{"@type":"ListItem","position":1,"name":"Startseite","item":"https:\/\/loop-biotech.com\/de\/"},{"@type":"ListItem","position":2,"name":"Shop","item":"https:\/\/loop-biotech.com\/de\/shop\/"},{"@type":"ListItem","position":3,"name":"Bio-Farbset"}]},{"@type":"WebSite","@id":"https:\/\/loop-biotech.com\/de\/#website","url":"https:\/\/loop-biotech.com\/de\/","name":"Loop Biotech","description":"Bereichern wir die Natur","publisher":{"@id":"https:\/\/loop-biotech.com\/de\/#organization"},"potentialAction":[{"@type":"SearchAction","target":{"@type":"EntryPoint","urlTemplate":"https:\/\/loop-biotech.com\/de\/?s={search_term_string}"},"query-input":{"@type":"PropertyValueSpecification","valueRequired":true,"valueName":"search_term_string"}}],"inLanguage":"de"},{"@type":"Organization","@id":"https:\/\/loop-biotech.com\/de\/#organization","name":"Loop Biotech","url":"https:\/\/loop-biotech.com\/de\/","logo":{"@type":"ImageObject","inLanguage":"de","@id":"https:\/\/loop-biotech.com\/de\/#\/schema\/logo\/image\/","url":"https:\/\/loop-biotech.com\/wp-content\/uploads\/2023\/04\/LogoBlack-04.webp","contentUrl":"https:\/\/loop-biotech.com\/wp-content\/uploads\/2023\/04\/LogoBlack-04.webp","width":214,"height":78,"caption":"Loop Biotech"},"image":{"@id":"https:\/\/loop-biotech.com\/de\/#\/schema\/logo\/image\/"}}]}},"_links":{"self":[{"href":"https:\/\/loop-biotech.com\/de\/wp-json\/wp\/v2\/product\/19247","targetHints":{"allow":["GET"]}}],"collection":[{"href":"https:\/\/loop-biotech.com\/de\/wp-json\/wp\/v2\/product"}],"about":[{"href":"https:\/\/loop-biotech.com\/de\/wp-json\/wp\/v2\/types\/product"}],"wp:featuredmedia":[{"embeddable":true,"href":"https:\/\/loop-biotech.com\/de\/wp-json\/wp\/v2\/media\/11052"}],"wp:attachment":[{"href":"https:\/\/loop-biotech.com\/de\/wp-json\/wp\/v2\/media?parent=19247"}],"wp:term":[{"taxonomy":"product_brand","embeddable":true,"href":"https:\/\/loop-biotech.com\/de\/wp-json\/wp\/v2\/product_brand?post=19247"},{"taxonomy":"product_cat","embeddable":true,"href":"https:\/\/loop-biotech.com\/de\/wp-json\/wp\/v2\/product_cat?post=19247"},{"taxonomy":"product_tag","embeddable":true,"href":"https:\/\/loop-biotech.com\/de\/wp-json\/wp\/v2\/product_tag?post=19247"}],"curies":[{"name":"wp","href":"https:\/\/api.w.org\/{rel}","templated":true}]}}