{"id":19265,"date":"2025-05-30T14:24:08","date_gmt":"2025-05-30T12:24:08","guid":{"rendered":"https:\/\/loop-biotech.com\/product\/living-cocoon-gutschein\/"},"modified":"2025-11-04T15:32:18","modified_gmt":"2025-11-04T14:32:18","slug":"gutschein","status":"publish","type":"product","link":"https:\/\/loop-biotech.com\/de\/Produkt\/gutschein\/","title":{"rendered":"Loop Gutschein"},"content":{"rendered":"<p>Reservieren Sie einen Loop Living Cocoon\u2122 oder ein Loop ForestBed\u2122 f\u00fcr sp\u00e4ter mit dem Loop-Gutschein. Sichern Sie sich Ihre Wahl, entlasten Sie Ihre Angeh\u00f6rigen und hinterlassen Sie den k\u00fcnftigen Generationen eine bessere Welt.<\/p>\n","protected":false},"excerpt":{"rendered":"<p>Sichern Sie sich Ihre Wahl, entlasten Sie Ihre Angeh\u00f6rigen und hinterlassen Sie k\u00fcnftigen Generationen eine bessere Welt. Planen Sie voraus und reservieren Sie einen Loop Living Cocoon\u2122 oder ein ForestBed\u2122 f\u00fcr sp\u00e4ter mit dem Loop-Gutschein. Egal, ob Sie es in einem Jahr oder in 30 Jahren brauchen, Sie werden offiziell registriert, und wir koordinieren alles mit Ihren Angeh\u00f6rigen und dem Bestattungsunternehmen, damit Ihr nat\u00fcrliches Erbe vollst\u00e4ndig geregelt ist.<\/p>\n","protected":false},"featured_media":15945,"template":"","meta":{"_acf_changed":false},"product_brand":[],"product_cat":[200,199],"product_tag":[311],"class_list":{"0":"post-19265","1":"product","2":"type-product","3":"status-publish","4":"has-post-thumbnail","6":"product_cat-loop-forestbed-de","7":"product_cat-loop-living-cocoon-de","8":"product_tag-gutschein","9":"product_shipping_class-brievenbuspakket-de","11":"first","12":"instock","13":"taxable","14":"shipping-taxable","15":"purchasable","16":"product-type-variable","17":"has-default-attributes"},"acf":[],"yoast_head":"<!-- This site is optimized with the Yoast SEO plugin v27.3 - https:\/\/yoast.com\/product\/yoast-seo-wordpress\/ -->\n<title>Loop Gutschein - Loop Biotech<\/title>\n<meta name=\"robots\" content=\"index, follow, max-snippet:-1, max-image-preview:large, max-video-preview:-1\" \/>\n<link rel=\"canonical\" href=\"https:\/\/loop-biotech.com\/de\/Produkt\/gutschein\/\" \/>\n<meta property=\"og:locale\" content=\"de_DE\" \/>\n<meta property=\"og:type\" content=\"article\" \/>\n<meta property=\"og:title\" content=\"Loop Gutschein - Loop Biotech\" \/>\n<meta property=\"og:description\" content=\"Sichern Sie sich Ihre Wahl, entlasten Sie Ihre Angeh\u00f6rigen und hinterlassen Sie k\u00fcnftigen Generationen eine bessere Welt. Planen Sie voraus und reservieren Sie einen Loop Living Cocoon\u2122 oder ein ForestBed\u2122 f\u00fcr sp\u00e4ter mit dem Loop-Gutschein. Egal, ob Sie es in einem Jahr oder in 30 Jahren brauchen, Sie werden offiziell registriert, und wir koordinieren alles mit Ihren Angeh\u00f6rigen und dem Bestattungsunternehmen, damit Ihr nat\u00fcrliches Erbe vollst\u00e4ndig geregelt ist.\" \/>\n<meta property=\"og:url\" content=\"https:\/\/loop-biotech.com\/de\/Produkt\/gutschein\/\" \/>\n<meta property=\"og:site_name\" content=\"Loop Biotech\" \/>\n<meta property=\"article:modified_time\" content=\"2025-11-04T14:32:18+00:00\" \/>\n<meta property=\"og:image\" content=\"https:\/\/loop-biotech.com\/wp-content\/uploads\/2025\/05\/voucher.png\" \/>\n\t<meta property=\"og:image:width\" content=\"1077\" \/>\n\t<meta property=\"og:image:height\" content=\"683\" \/>\n\t<meta property=\"og:image:type\" content=\"image\/png\" \/>\n<meta name=\"twitter:card\" content=\"summary_large_image\" \/>\n<meta name=\"twitter:label1\" content=\"Gesch\u00e4tzte Lesezeit\" \/>\n\t<meta name=\"twitter:data1\" content=\"1\u00a0Minute\" \/>\n<script type=\"application\/ld+json\" class=\"yoast-schema-graph\">{\"@context\":\"https:\\\/\\\/schema.org\",\"@graph\":[{\"@type\":\"WebPage\",\"@id\":\"https:\\\/\\\/loop-biotech.com\\\/de\\\/Produkt\\\/gutschein\\\/\",\"url\":\"https:\\\/\\\/loop-biotech.com\\\/de\\\/Produkt\\\/gutschein\\\/\",\"name\":\"Loop Gutschein - Loop Biotech\",\"isPartOf\":{\"@id\":\"https:\\\/\\\/loop-biotech.com\\\/de\\\/#website\"},\"primaryImageOfPage\":{\"@id\":\"https:\\\/\\\/loop-biotech.com\\\/de\\\/Produkt\\\/gutschein\\\/#primaryimage\"},\"image\":{\"@id\":\"https:\\\/\\\/loop-biotech.com\\\/de\\\/Produkt\\\/gutschein\\\/#primaryimage\"},\"thumbnailUrl\":\"https:\\\/\\\/loop-biotech.com\\\/wp-content\\\/uploads\\\/2025\\\/05\\\/voucher.png\",\"datePublished\":\"2025-05-30T12:24:08+00:00\",\"dateModified\":\"2025-11-04T14:32:18+00:00\",\"breadcrumb\":{\"@id\":\"https:\\\/\\\/loop-biotech.com\\\/de\\\/Produkt\\\/gutschein\\\/#breadcrumb\"},\"inLanguage\":\"de\",\"potentialAction\":[{\"@type\":\"ReadAction\",\"target\":[\"https:\\\/\\\/loop-biotech.com\\\/de\\\/Produkt\\\/gutschein\\\/\"]}]},{\"@type\":\"ImageObject\",\"inLanguage\":\"de\",\"@id\":\"https:\\\/\\\/loop-biotech.com\\\/de\\\/Produkt\\\/gutschein\\\/#primaryimage\",\"url\":\"https:\\\/\\\/loop-biotech.com\\\/wp-content\\\/uploads\\\/2025\\\/05\\\/voucher.png\",\"contentUrl\":\"https:\\\/\\\/loop-biotech.com\\\/wp-content\\\/uploads\\\/2025\\\/05\\\/voucher.png\",\"width\":1077,\"height\":683},{\"@type\":\"BreadcrumbList\",\"@id\":\"https:\\\/\\\/loop-biotech.com\\\/de\\\/Produkt\\\/gutschein\\\/#breadcrumb\",\"itemListElement\":[{\"@type\":\"ListItem\",\"position\":1,\"name\":\"Startseite\",\"item\":\"https:\\\/\\\/loop-biotech.com\\\/de\\\/\"},{\"@type\":\"ListItem\",\"position\":2,\"name\":\"Shop\",\"item\":\"https:\\\/\\\/loop-biotech.com\\\/de\\\/shop\\\/\"},{\"@type\":\"ListItem\",\"position\":3,\"name\":\"Loop Gutschein\"}]},{\"@type\":\"WebSite\",\"@id\":\"https:\\\/\\\/loop-biotech.com\\\/de\\\/#website\",\"url\":\"https:\\\/\\\/loop-biotech.com\\\/de\\\/\",\"name\":\"Loop Biotech\",\"description\":\"Bereichern wir die Natur\",\"publisher\":{\"@id\":\"https:\\\/\\\/loop-biotech.com\\\/de\\\/#organization\"},\"potentialAction\":[{\"@type\":\"SearchAction\",\"target\":{\"@type\":\"EntryPoint\",\"urlTemplate\":\"https:\\\/\\\/loop-biotech.com\\\/de\\\/?s={search_term_string}\"},\"query-input\":{\"@type\":\"PropertyValueSpecification\",\"valueRequired\":true,\"valueName\":\"search_term_string\"}}],\"inLanguage\":\"de\"},{\"@type\":\"Organization\",\"@id\":\"https:\\\/\\\/loop-biotech.com\\\/de\\\/#organization\",\"name\":\"Loop Biotech\",\"url\":\"https:\\\/\\\/loop-biotech.com\\\/de\\\/\",\"logo\":{\"@type\":\"ImageObject\",\"inLanguage\":\"de\",\"@id\":\"https:\\\/\\\/loop-biotech.com\\\/de\\\/#\\\/schema\\\/logo\\\/image\\\/\",\"url\":\"https:\\\/\\\/loop-biotech.com\\\/wp-content\\\/uploads\\\/2023\\\/04\\\/LogoBlack-04.webp\",\"contentUrl\":\"https:\\\/\\\/loop-biotech.com\\\/wp-content\\\/uploads\\\/2023\\\/04\\\/LogoBlack-04.webp\",\"width\":214,\"height\":78,\"caption\":\"Loop Biotech\"},\"image\":{\"@id\":\"https:\\\/\\\/loop-biotech.com\\\/de\\\/#\\\/schema\\\/logo\\\/image\\\/\"}}]}<\/script>\n<!-- \/ Yoast SEO plugin. -->","yoast_head_json":{"title":"Loop Gutschein - Loop Biotech","robots":{"index":"index","follow":"follow","max-snippet":"max-snippet:-1","max-image-preview":"max-image-preview:large","max-video-preview":"max-video-preview:-1"},"canonical":"https:\/\/loop-biotech.com\/de\/Produkt\/gutschein\/","og_locale":"de_DE","og_type":"article","og_title":"Loop Gutschein - Loop Biotech","og_description":"Sichern Sie sich Ihre Wahl, entlasten Sie Ihre Angeh\u00f6rigen und hinterlassen Sie k\u00fcnftigen Generationen eine bessere Welt. Planen Sie voraus und reservieren Sie einen Loop Living Cocoon\u2122 oder ein ForestBed\u2122 f\u00fcr sp\u00e4ter mit dem Loop-Gutschein. Egal, ob Sie es in einem Jahr oder in 30 Jahren brauchen, Sie werden offiziell registriert, und wir koordinieren alles mit Ihren Angeh\u00f6rigen und dem Bestattungsunternehmen, damit Ihr nat\u00fcrliches Erbe vollst\u00e4ndig geregelt ist.","og_url":"https:\/\/loop-biotech.com\/de\/Produkt\/gutschein\/","og_site_name":"Loop Biotech","article_modified_time":"2025-11-04T14:32:18+00:00","og_image":[{"width":1077,"height":683,"url":"https:\/\/loop-biotech.com\/wp-content\/uploads\/2025\/05\/voucher.png","type":"image\/png"}],"twitter_card":"summary_large_image","twitter_misc":{"Gesch\u00e4tzte Lesezeit":"1\u00a0Minute"},"schema":{"@context":"https:\/\/schema.org","@graph":[{"@type":"WebPage","@id":"https:\/\/loop-biotech.com\/de\/Produkt\/gutschein\/","url":"https:\/\/loop-biotech.com\/de\/Produkt\/gutschein\/","name":"Loop Gutschein - Loop Biotech","isPartOf":{"@id":"https:\/\/loop-biotech.com\/de\/#website"},"primaryImageOfPage":{"@id":"https:\/\/loop-biotech.com\/de\/Produkt\/gutschein\/#primaryimage"},"image":{"@id":"https:\/\/loop-biotech.com\/de\/Produkt\/gutschein\/#primaryimage"},"thumbnailUrl":"https:\/\/loop-biotech.com\/wp-content\/uploads\/2025\/05\/voucher.png","datePublished":"2025-05-30T12:24:08+00:00","dateModified":"2025-11-04T14:32:18+00:00","breadcrumb":{"@id":"https:\/\/loop-biotech.com\/de\/Produkt\/gutschein\/#breadcrumb"},"inLanguage":"de","potentialAction":[{"@type":"ReadAction","target":["https:\/\/loop-biotech.com\/de\/Produkt\/gutschein\/"]}]},{"@type":"ImageObject","inLanguage":"de","@id":"https:\/\/loop-biotech.com\/de\/Produkt\/gutschein\/#primaryimage","url":"https:\/\/loop-biotech.com\/wp-content\/uploads\/2025\/05\/voucher.png","contentUrl":"https:\/\/loop-biotech.com\/wp-content\/uploads\/2025\/05\/voucher.png","width":1077,"height":683},{"@type":"BreadcrumbList","@id":"https:\/\/loop-biotech.com\/de\/Produkt\/gutschein\/#breadcrumb","itemListElement":[{"@type":"ListItem","position":1,"name":"Startseite","item":"https:\/\/loop-biotech.com\/de\/"},{"@type":"ListItem","position":2,"name":"Shop","item":"https:\/\/loop-biotech.com\/de\/shop\/"},{"@type":"ListItem","position":3,"name":"Loop Gutschein"}]},{"@type":"WebSite","@id":"https:\/\/loop-biotech.com\/de\/#website","url":"https:\/\/loop-biotech.com\/de\/","name":"Loop Biotech","description":"Bereichern wir die Natur","publisher":{"@id":"https:\/\/loop-biotech.com\/de\/#organization"},"potentialAction":[{"@type":"SearchAction","target":{"@type":"EntryPoint","urlTemplate":"https:\/\/loop-biotech.com\/de\/?s={search_term_string}"},"query-input":{"@type":"PropertyValueSpecification","valueRequired":true,"valueName":"search_term_string"}}],"inLanguage":"de"},{"@type":"Organization","@id":"https:\/\/loop-biotech.com\/de\/#organization","name":"Loop Biotech","url":"https:\/\/loop-biotech.com\/de\/","logo":{"@type":"ImageObject","inLanguage":"de","@id":"https:\/\/loop-biotech.com\/de\/#\/schema\/logo\/image\/","url":"https:\/\/loop-biotech.com\/wp-content\/uploads\/2023\/04\/LogoBlack-04.webp","contentUrl":"https:\/\/loop-biotech.com\/wp-content\/uploads\/2023\/04\/LogoBlack-04.webp","width":214,"height":78,"caption":"Loop Biotech"},"image":{"@id":"https:\/\/loop-biotech.com\/de\/#\/schema\/logo\/image\/"}}]}},"_links":{"self":[{"href":"https:\/\/loop-biotech.com\/de\/wp-json\/wp\/v2\/product\/19265","targetHints":{"allow":["GET"]}}],"collection":[{"href":"https:\/\/loop-biotech.com\/de\/wp-json\/wp\/v2\/product"}],"about":[{"href":"https:\/\/loop-biotech.com\/de\/wp-json\/wp\/v2\/types\/product"}],"wp:featuredmedia":[{"embeddable":true,"href":"https:\/\/loop-biotech.com\/de\/wp-json\/wp\/v2\/media\/15945"}],"wp:attachment":[{"href":"https:\/\/loop-biotech.com\/de\/wp-json\/wp\/v2\/media?parent=19265"}],"wp:term":[{"taxonomy":"product_brand","embeddable":true,"href":"https:\/\/loop-biotech.com\/de\/wp-json\/wp\/v2\/product_brand?post=19265"},{"taxonomy":"product_cat","embeddable":true,"href":"https:\/\/loop-biotech.com\/de\/wp-json\/wp\/v2\/product_cat?post=19265"},{"taxonomy":"product_tag","embeddable":true,"href":"https:\/\/loop-biotech.com\/de\/wp-json\/wp\/v2\/product_tag?post=19265"}],"curies":[{"name":"wp","href":"https:\/\/api.w.org\/{rel}","templated":true}]}}