{"id":19293,"date":"2025-03-10T21:53:28","date_gmt":"2025-03-10T20:53:28","guid":{"rendered":"https:\/\/loop-biotech.com\/product\/informationspaket\/"},"modified":"2025-11-04T15:33:48","modified_gmt":"2025-11-04T14:33:48","slug":"discovery-box","status":"publish","type":"product","link":"https:\/\/loop-biotech.com\/de\/Produkt\/discovery-box\/","title":{"rendered":"Informationspaket"},"content":{"rendered":"<p>Entdecken Sie die Kraft des Myzels selbst mit unserer Entdeckungsbox. Darin finden Sie eine Pilzprobe zum Anfassen und F\u00fchlen, unser Loopbook und zus\u00e4tzliche Informationen \u00fcber unsere nachhaltigen Bestattungsl\u00f6sungen. Es ist eine kompakte und inspirierende Einf\u00fchrung in eine nat\u00fcrliche und achtsame Art des Abschieds.<\/p>\n","protected":false},"excerpt":{"rendered":"<p>Die Loop Discovery Box bietet eine sinnvolle M\u00f6glichkeit, einen nat\u00fcrlichen Abschied zu erkunden, eine praktische Einf\u00fchrung in eine neue Art der R\u00fcckkehr zur Natur. Darin finden Sie eine Pilzprobe, Einblicke in unsere Mission, die Natur zu bereichern, und alles, was Sie brauchen, um die nat\u00fcrlichste Speise der Welt zu entdecken - in Ihrem eigenen Tempo. Noch unschl\u00fcssig? M\u00f6chten Sie Ihre Familie einbeziehen? Oder brauchen Sie einfach etwas Greifbares zum Anfassen und Teilen? Dies ist Ihr erster Schritt. W\u00e4hlen Sie zwischen einer sch\u00f6n verpackten physischen Discovery Box (die zu Ihnen nach Hause geliefert wird) oder einer kostenlosen digitalen Version (die sofort an Ihren Posteingang geschickt wird).<\/p>\n","protected":false},"featured_media":19297,"template":"","meta":{"_acf_changed":false},"product_brand":[],"product_cat":[209],"product_tag":[],"class_list":{"0":"post-19293","1":"product","2":"type-product","3":"status-publish","4":"has-post-thumbnail","6":"product_cat-informationspaket","7":"product_shipping_class-brievenbuspakket-de","9":"first","10":"instock","11":"taxable","12":"shipping-taxable","13":"purchasable","14":"product-type-variable","15":"has-default-attributes"},"acf":[],"yoast_head":"<!-- This site is optimized with the Yoast SEO plugin v27.3 - https:\/\/yoast.com\/product\/yoast-seo-wordpress\/ -->\n<title>Informationspaket - Loop Biotech<\/title>\n<meta name=\"robots\" content=\"index, follow, max-snippet:-1, max-image-preview:large, max-video-preview:-1\" \/>\n<link rel=\"canonical\" href=\"https:\/\/loop-biotech.com\/de\/Produkt\/discovery-box\/\" \/>\n<meta property=\"og:locale\" content=\"de_DE\" \/>\n<meta property=\"og:type\" content=\"article\" \/>\n<meta property=\"og:title\" content=\"Informationspaket - Loop Biotech\" \/>\n<meta property=\"og:description\" content=\"Die Loop Discovery Box bietet eine sinnvolle M\u00f6glichkeit, einen nat\u00fcrlichen Abschied zu erkunden, eine praktische Einf\u00fchrung in eine neue Art der R\u00fcckkehr zur Natur. Darin finden Sie eine Pilzprobe, Einblicke in unsere Mission, die Natur zu bereichern, und alles, was Sie brauchen, um die nat\u00fcrlichste Speise der Welt zu entdecken - in Ihrem eigenen Tempo. Noch unschl\u00fcssig? M\u00f6chten Sie Ihre Familie einbeziehen? Oder brauchen Sie einfach etwas Greifbares zum Anfassen und Teilen? Dies ist Ihr erster Schritt. W\u00e4hlen Sie zwischen einer sch\u00f6n verpackten physischen Discovery Box (die zu Ihnen nach Hause geliefert wird) oder einer kostenlosen digitalen Version (die sofort an Ihren Posteingang geschickt wird).\" \/>\n<meta property=\"og:url\" content=\"https:\/\/loop-biotech.com\/de\/Produkt\/discovery-box\/\" \/>\n<meta property=\"og:site_name\" content=\"Loop Biotech\" \/>\n<meta property=\"article:modified_time\" content=\"2025-11-04T14:33:48+00:00\" \/>\n<meta property=\"og:image\" content=\"https:\/\/loop-biotech.com\/wp-content\/uploads\/2025\/03\/Still-Discovery-Box.jpg\" \/>\n\t<meta property=\"og:image:width\" content=\"1920\" \/>\n\t<meta property=\"og:image:height\" content=\"1080\" \/>\n\t<meta property=\"og:image:type\" content=\"image\/jpeg\" \/>\n<meta name=\"twitter:card\" content=\"summary_large_image\" \/>\n<meta name=\"twitter:label1\" content=\"Gesch\u00e4tzte Lesezeit\" \/>\n\t<meta name=\"twitter:data1\" content=\"1\u00a0Minute\" \/>\n<script type=\"application\/ld+json\" class=\"yoast-schema-graph\">{\"@context\":\"https:\\\/\\\/schema.org\",\"@graph\":[{\"@type\":\"WebPage\",\"@id\":\"https:\\\/\\\/loop-biotech.com\\\/de\\\/Produkt\\\/discovery-box\\\/\",\"url\":\"https:\\\/\\\/loop-biotech.com\\\/de\\\/Produkt\\\/discovery-box\\\/\",\"name\":\"Informationspaket - Loop Biotech\",\"isPartOf\":{\"@id\":\"https:\\\/\\\/loop-biotech.com\\\/de\\\/#website\"},\"primaryImageOfPage\":{\"@id\":\"https:\\\/\\\/loop-biotech.com\\\/de\\\/Produkt\\\/discovery-box\\\/#primaryimage\"},\"image\":{\"@id\":\"https:\\\/\\\/loop-biotech.com\\\/de\\\/Produkt\\\/discovery-box\\\/#primaryimage\"},\"thumbnailUrl\":\"https:\\\/\\\/loop-biotech.com\\\/wp-content\\\/uploads\\\/2025\\\/03\\\/Still-Discovery-Box.jpg\",\"datePublished\":\"2025-03-10T20:53:28+00:00\",\"dateModified\":\"2025-11-04T14:33:48+00:00\",\"breadcrumb\":{\"@id\":\"https:\\\/\\\/loop-biotech.com\\\/de\\\/Produkt\\\/discovery-box\\\/#breadcrumb\"},\"inLanguage\":\"de\",\"potentialAction\":[{\"@type\":\"ReadAction\",\"target\":[\"https:\\\/\\\/loop-biotech.com\\\/de\\\/Produkt\\\/discovery-box\\\/\"]}]},{\"@type\":\"ImageObject\",\"inLanguage\":\"de\",\"@id\":\"https:\\\/\\\/loop-biotech.com\\\/de\\\/Produkt\\\/discovery-box\\\/#primaryimage\",\"url\":\"https:\\\/\\\/loop-biotech.com\\\/wp-content\\\/uploads\\\/2025\\\/03\\\/Still-Discovery-Box.jpg\",\"contentUrl\":\"https:\\\/\\\/loop-biotech.com\\\/wp-content\\\/uploads\\\/2025\\\/03\\\/Still-Discovery-Box.jpg\",\"width\":1920,\"height\":1080},{\"@type\":\"BreadcrumbList\",\"@id\":\"https:\\\/\\\/loop-biotech.com\\\/de\\\/Produkt\\\/discovery-box\\\/#breadcrumb\",\"itemListElement\":[{\"@type\":\"ListItem\",\"position\":1,\"name\":\"Startseite\",\"item\":\"https:\\\/\\\/loop-biotech.com\\\/de\\\/\"},{\"@type\":\"ListItem\",\"position\":2,\"name\":\"Shop\",\"item\":\"https:\\\/\\\/loop-biotech.com\\\/de\\\/shop\\\/\"},{\"@type\":\"ListItem\",\"position\":3,\"name\":\"Informationspaket\"}]},{\"@type\":\"WebSite\",\"@id\":\"https:\\\/\\\/loop-biotech.com\\\/de\\\/#website\",\"url\":\"https:\\\/\\\/loop-biotech.com\\\/de\\\/\",\"name\":\"Loop Biotech\",\"description\":\"Bereichern wir die Natur\",\"publisher\":{\"@id\":\"https:\\\/\\\/loop-biotech.com\\\/de\\\/#organization\"},\"potentialAction\":[{\"@type\":\"SearchAction\",\"target\":{\"@type\":\"EntryPoint\",\"urlTemplate\":\"https:\\\/\\\/loop-biotech.com\\\/de\\\/?s={search_term_string}\"},\"query-input\":{\"@type\":\"PropertyValueSpecification\",\"valueRequired\":true,\"valueName\":\"search_term_string\"}}],\"inLanguage\":\"de\"},{\"@type\":\"Organization\",\"@id\":\"https:\\\/\\\/loop-biotech.com\\\/de\\\/#organization\",\"name\":\"Loop Biotech\",\"url\":\"https:\\\/\\\/loop-biotech.com\\\/de\\\/\",\"logo\":{\"@type\":\"ImageObject\",\"inLanguage\":\"de\",\"@id\":\"https:\\\/\\\/loop-biotech.com\\\/de\\\/#\\\/schema\\\/logo\\\/image\\\/\",\"url\":\"https:\\\/\\\/loop-biotech.com\\\/wp-content\\\/uploads\\\/2023\\\/04\\\/LogoBlack-04.webp\",\"contentUrl\":\"https:\\\/\\\/loop-biotech.com\\\/wp-content\\\/uploads\\\/2023\\\/04\\\/LogoBlack-04.webp\",\"width\":214,\"height\":78,\"caption\":\"Loop Biotech\"},\"image\":{\"@id\":\"https:\\\/\\\/loop-biotech.com\\\/de\\\/#\\\/schema\\\/logo\\\/image\\\/\"}}]}<\/script>\n<!-- \/ Yoast SEO plugin. -->","yoast_head_json":{"title":"Informationspaket - Loop Biotech","robots":{"index":"index","follow":"follow","max-snippet":"max-snippet:-1","max-image-preview":"max-image-preview:large","max-video-preview":"max-video-preview:-1"},"canonical":"https:\/\/loop-biotech.com\/de\/Produkt\/discovery-box\/","og_locale":"de_DE","og_type":"article","og_title":"Informationspaket - Loop Biotech","og_description":"Die Loop Discovery Box bietet eine sinnvolle M\u00f6glichkeit, einen nat\u00fcrlichen Abschied zu erkunden, eine praktische Einf\u00fchrung in eine neue Art der R\u00fcckkehr zur Natur. Darin finden Sie eine Pilzprobe, Einblicke in unsere Mission, die Natur zu bereichern, und alles, was Sie brauchen, um die nat\u00fcrlichste Speise der Welt zu entdecken - in Ihrem eigenen Tempo. Noch unschl\u00fcssig? M\u00f6chten Sie Ihre Familie einbeziehen? Oder brauchen Sie einfach etwas Greifbares zum Anfassen und Teilen? Dies ist Ihr erster Schritt. W\u00e4hlen Sie zwischen einer sch\u00f6n verpackten physischen Discovery Box (die zu Ihnen nach Hause geliefert wird) oder einer kostenlosen digitalen Version (die sofort an Ihren Posteingang geschickt wird).","og_url":"https:\/\/loop-biotech.com\/de\/Produkt\/discovery-box\/","og_site_name":"Loop Biotech","article_modified_time":"2025-11-04T14:33:48+00:00","og_image":[{"width":1920,"height":1080,"url":"https:\/\/loop-biotech.com\/wp-content\/uploads\/2025\/03\/Still-Discovery-Box.jpg","type":"image\/jpeg"}],"twitter_card":"summary_large_image","twitter_misc":{"Gesch\u00e4tzte Lesezeit":"1\u00a0Minute"},"schema":{"@context":"https:\/\/schema.org","@graph":[{"@type":"WebPage","@id":"https:\/\/loop-biotech.com\/de\/Produkt\/discovery-box\/","url":"https:\/\/loop-biotech.com\/de\/Produkt\/discovery-box\/","name":"Informationspaket - Loop Biotech","isPartOf":{"@id":"https:\/\/loop-biotech.com\/de\/#website"},"primaryImageOfPage":{"@id":"https:\/\/loop-biotech.com\/de\/Produkt\/discovery-box\/#primaryimage"},"image":{"@id":"https:\/\/loop-biotech.com\/de\/Produkt\/discovery-box\/#primaryimage"},"thumbnailUrl":"https:\/\/loop-biotech.com\/wp-content\/uploads\/2025\/03\/Still-Discovery-Box.jpg","datePublished":"2025-03-10T20:53:28+00:00","dateModified":"2025-11-04T14:33:48+00:00","breadcrumb":{"@id":"https:\/\/loop-biotech.com\/de\/Produkt\/discovery-box\/#breadcrumb"},"inLanguage":"de","potentialAction":[{"@type":"ReadAction","target":["https:\/\/loop-biotech.com\/de\/Produkt\/discovery-box\/"]}]},{"@type":"ImageObject","inLanguage":"de","@id":"https:\/\/loop-biotech.com\/de\/Produkt\/discovery-box\/#primaryimage","url":"https:\/\/loop-biotech.com\/wp-content\/uploads\/2025\/03\/Still-Discovery-Box.jpg","contentUrl":"https:\/\/loop-biotech.com\/wp-content\/uploads\/2025\/03\/Still-Discovery-Box.jpg","width":1920,"height":1080},{"@type":"BreadcrumbList","@id":"https:\/\/loop-biotech.com\/de\/Produkt\/discovery-box\/#breadcrumb","itemListElement":[{"@type":"ListItem","position":1,"name":"Startseite","item":"https:\/\/loop-biotech.com\/de\/"},{"@type":"ListItem","position":2,"name":"Shop","item":"https:\/\/loop-biotech.com\/de\/shop\/"},{"@type":"ListItem","position":3,"name":"Informationspaket"}]},{"@type":"WebSite","@id":"https:\/\/loop-biotech.com\/de\/#website","url":"https:\/\/loop-biotech.com\/de\/","name":"Loop Biotech","description":"Bereichern wir die Natur","publisher":{"@id":"https:\/\/loop-biotech.com\/de\/#organization"},"potentialAction":[{"@type":"SearchAction","target":{"@type":"EntryPoint","urlTemplate":"https:\/\/loop-biotech.com\/de\/?s={search_term_string}"},"query-input":{"@type":"PropertyValueSpecification","valueRequired":true,"valueName":"search_term_string"}}],"inLanguage":"de"},{"@type":"Organization","@id":"https:\/\/loop-biotech.com\/de\/#organization","name":"Loop Biotech","url":"https:\/\/loop-biotech.com\/de\/","logo":{"@type":"ImageObject","inLanguage":"de","@id":"https:\/\/loop-biotech.com\/de\/#\/schema\/logo\/image\/","url":"https:\/\/loop-biotech.com\/wp-content\/uploads\/2023\/04\/LogoBlack-04.webp","contentUrl":"https:\/\/loop-biotech.com\/wp-content\/uploads\/2023\/04\/LogoBlack-04.webp","width":214,"height":78,"caption":"Loop Biotech"},"image":{"@id":"https:\/\/loop-biotech.com\/de\/#\/schema\/logo\/image\/"}}]}},"_links":{"self":[{"href":"https:\/\/loop-biotech.com\/de\/wp-json\/wp\/v2\/product\/19293","targetHints":{"allow":["GET"]}}],"collection":[{"href":"https:\/\/loop-biotech.com\/de\/wp-json\/wp\/v2\/product"}],"about":[{"href":"https:\/\/loop-biotech.com\/de\/wp-json\/wp\/v2\/types\/product"}],"wp:featuredmedia":[{"embeddable":true,"href":"https:\/\/loop-biotech.com\/de\/wp-json\/wp\/v2\/media\/19297"}],"wp:attachment":[{"href":"https:\/\/loop-biotech.com\/de\/wp-json\/wp\/v2\/media?parent=19293"}],"wp:term":[{"taxonomy":"product_brand","embeddable":true,"href":"https:\/\/loop-biotech.com\/de\/wp-json\/wp\/v2\/product_brand?post=19293"},{"taxonomy":"product_cat","embeddable":true,"href":"https:\/\/loop-biotech.com\/de\/wp-json\/wp\/v2\/product_cat?post=19293"},{"taxonomy":"product_tag","embeddable":true,"href":"https:\/\/loop-biotech.com\/de\/wp-json\/wp\/v2\/product_tag?post=19293"}],"curies":[{"name":"wp","href":"https:\/\/api.w.org\/{rel}","templated":true}]}}