{"id":19351,"date":"2025-03-10T15:51:54","date_gmt":"2025-03-10T14:51:54","guid":{"rendered":"https:\/\/loop-biotech.com\/product\/loop-forestbed\/"},"modified":"2026-01-29T09:52:33","modified_gmt":"2026-01-29T08:52:33","slug":"forestbed","status":"publish","type":"product","link":"https:\/\/loop-biotech.com\/de\/Produkt\/forestbed\/","title":{"rendered":"Loop ForestBed\u2122"},"content":{"rendered":"","protected":false},"excerpt":{"rendered":"<p>Das Loop ForestBed\u2122 ist die weltweit erste aus Pilzen hergestellte Bestattungsunterlage. In nur 7 Tagen aus lokalen Pilzen und Hanf gewachsen, kehrt es innerhalb von 45 Tagen vollst\u00e4ndig in die Erde zur\u00fcck und bereichert die Natur auf die nat\u00fcrlichste Weise. Sie ist mit einem weichen Moosbett ausgekleidet (andere nat\u00fcrliche Auskleidungen sind erh\u00e4ltlich) und wird in den Farben &#8218;Calm&#8216; oder &#8218;Wild&#8216; angeboten. Zertifiziert f\u00fcr Naturbestattungen, traditionelle Bestattungen und Ein\u00e4scherungen. Eine herzliche Wahl f\u00fcr alle, die der Natur etwas zur\u00fcckgeben und die Welt f\u00fcr die kommenden Generationen besser machen wollen.    <\/p>\n","protected":false},"featured_media":16442,"template":"","meta":{"_acf_changed":false},"product_brand":[],"product_cat":[200],"product_tag":[],"class_list":{"0":"post-19351","1":"product","2":"type-product","3":"status-publish","4":"has-post-thumbnail","6":"product_cat-loop-forestbed-de","7":"product_shipping_class-palette-de","9":"first","10":"instock","11":"taxable","12":"shipping-taxable","13":"purchasable","14":"product-type-variable","15":"has-default-attributes"},"acf":[],"yoast_head":"<!-- This site is optimized with the Yoast SEO plugin v27.3 - https:\/\/yoast.com\/product\/yoast-seo-wordpress\/ -->\n<title>Loop ForestBed\u2122 - Loop Biotech<\/title>\n<meta name=\"robots\" content=\"index, follow, max-snippet:-1, max-image-preview:large, max-video-preview:-1\" \/>\n<link rel=\"canonical\" href=\"https:\/\/loop-biotech.com\/de\/Produkt\/forestbed\/\" \/>\n<meta property=\"og:locale\" content=\"de_DE\" \/>\n<meta property=\"og:type\" content=\"article\" \/>\n<meta property=\"og:title\" content=\"Loop ForestBed\u2122 - Loop Biotech\" \/>\n<meta property=\"og:description\" content=\"Das Loop ForestBed\u2122 ist die weltweit erste aus Pilzen hergestellte Bestattungsunterlage. In nur 7 Tagen aus lokalen Pilzen und Hanf gewachsen, kehrt es innerhalb von 45 Tagen vollst\u00e4ndig in die Erde zur\u00fcck und bereichert die Natur auf die nat\u00fcrlichste Weise. Sie ist mit einem weichen Moosbett ausgekleidet (andere nat\u00fcrliche Auskleidungen sind erh\u00e4ltlich) und wird in den Farben &#039;Calm&#039; oder &#039;Wild&#039; angeboten. Zertifiziert f\u00fcr Naturbestattungen, traditionelle Bestattungen und Ein\u00e4scherungen. Eine herzliche Wahl f\u00fcr alle, die der Natur etwas zur\u00fcckgeben und die Welt f\u00fcr die kommenden Generationen besser machen wollen.\" \/>\n<meta property=\"og:url\" content=\"https:\/\/loop-biotech.com\/de\/Produkt\/forestbed\/\" \/>\n<meta property=\"og:site_name\" content=\"Loop Biotech\" \/>\n<meta property=\"article:modified_time\" content=\"2026-01-29T08:52:33+00:00\" \/>\n<meta property=\"og:image\" content=\"https:\/\/loop-biotech.com\/wp-content\/uploads\/2025\/03\/10.-Loop-ForestBed\u2122-\u00a9Loop-Biotech-scaled.jpg\" \/>\n\t<meta property=\"og:image:width\" content=\"2560\" \/>\n\t<meta property=\"og:image:height\" content=\"1707\" \/>\n\t<meta property=\"og:image:type\" content=\"image\/jpeg\" \/>\n<meta name=\"twitter:card\" content=\"summary_large_image\" \/>\n<meta name=\"twitter:label1\" content=\"Gesch\u00e4tzte Lesezeit\" \/>\n\t<meta name=\"twitter:data1\" content=\"1\u00a0Minute\" \/>\n<script type=\"application\/ld+json\" class=\"yoast-schema-graph\">{\"@context\":\"https:\\\/\\\/schema.org\",\"@graph\":[{\"@type\":\"WebPage\",\"@id\":\"https:\\\/\\\/loop-biotech.com\\\/de\\\/Produkt\\\/forestbed\\\/\",\"url\":\"https:\\\/\\\/loop-biotech.com\\\/de\\\/Produkt\\\/forestbed\\\/\",\"name\":\"Loop ForestBed\u2122 - Loop Biotech\",\"isPartOf\":{\"@id\":\"https:\\\/\\\/loop-biotech.com\\\/de\\\/#website\"},\"primaryImageOfPage\":{\"@id\":\"https:\\\/\\\/loop-biotech.com\\\/de\\\/Produkt\\\/forestbed\\\/#primaryimage\"},\"image\":{\"@id\":\"https:\\\/\\\/loop-biotech.com\\\/de\\\/Produkt\\\/forestbed\\\/#primaryimage\"},\"thumbnailUrl\":\"https:\\\/\\\/loop-biotech.com\\\/wp-content\\\/uploads\\\/2025\\\/03\\\/10.-Loop-ForestBed\u2122-\u00a9Loop-Biotech-scaled.jpg\",\"datePublished\":\"2025-03-10T14:51:54+00:00\",\"dateModified\":\"2026-01-29T08:52:33+00:00\",\"breadcrumb\":{\"@id\":\"https:\\\/\\\/loop-biotech.com\\\/de\\\/Produkt\\\/forestbed\\\/#breadcrumb\"},\"inLanguage\":\"de\",\"potentialAction\":[{\"@type\":\"ReadAction\",\"target\":[\"https:\\\/\\\/loop-biotech.com\\\/de\\\/Produkt\\\/forestbed\\\/\"]}]},{\"@type\":\"ImageObject\",\"inLanguage\":\"de\",\"@id\":\"https:\\\/\\\/loop-biotech.com\\\/de\\\/Produkt\\\/forestbed\\\/#primaryimage\",\"url\":\"https:\\\/\\\/loop-biotech.com\\\/wp-content\\\/uploads\\\/2025\\\/03\\\/10.-Loop-ForestBed\u2122-\u00a9Loop-Biotech-scaled.jpg\",\"contentUrl\":\"https:\\\/\\\/loop-biotech.com\\\/wp-content\\\/uploads\\\/2025\\\/03\\\/10.-Loop-ForestBed\u2122-\u00a9Loop-Biotech-scaled.jpg\",\"width\":2560,\"height\":1707},{\"@type\":\"BreadcrumbList\",\"@id\":\"https:\\\/\\\/loop-biotech.com\\\/de\\\/Produkt\\\/forestbed\\\/#breadcrumb\",\"itemListElement\":[{\"@type\":\"ListItem\",\"position\":1,\"name\":\"Startseite\",\"item\":\"https:\\\/\\\/loop-biotech.com\\\/de\\\/\"},{\"@type\":\"ListItem\",\"position\":2,\"name\":\"Shop\",\"item\":\"https:\\\/\\\/loop-biotech.com\\\/de\\\/shop\\\/\"},{\"@type\":\"ListItem\",\"position\":3,\"name\":\"Loop ForestBed\u2122\"}]},{\"@type\":\"WebSite\",\"@id\":\"https:\\\/\\\/loop-biotech.com\\\/de\\\/#website\",\"url\":\"https:\\\/\\\/loop-biotech.com\\\/de\\\/\",\"name\":\"Loop Biotech\",\"description\":\"Bereichern wir die Natur\",\"publisher\":{\"@id\":\"https:\\\/\\\/loop-biotech.com\\\/de\\\/#organization\"},\"potentialAction\":[{\"@type\":\"SearchAction\",\"target\":{\"@type\":\"EntryPoint\",\"urlTemplate\":\"https:\\\/\\\/loop-biotech.com\\\/de\\\/?s={search_term_string}\"},\"query-input\":{\"@type\":\"PropertyValueSpecification\",\"valueRequired\":true,\"valueName\":\"search_term_string\"}}],\"inLanguage\":\"de\"},{\"@type\":\"Organization\",\"@id\":\"https:\\\/\\\/loop-biotech.com\\\/de\\\/#organization\",\"name\":\"Loop Biotech\",\"url\":\"https:\\\/\\\/loop-biotech.com\\\/de\\\/\",\"logo\":{\"@type\":\"ImageObject\",\"inLanguage\":\"de\",\"@id\":\"https:\\\/\\\/loop-biotech.com\\\/de\\\/#\\\/schema\\\/logo\\\/image\\\/\",\"url\":\"https:\\\/\\\/loop-biotech.com\\\/wp-content\\\/uploads\\\/2023\\\/04\\\/LogoBlack-04.webp\",\"contentUrl\":\"https:\\\/\\\/loop-biotech.com\\\/wp-content\\\/uploads\\\/2023\\\/04\\\/LogoBlack-04.webp\",\"width\":214,\"height\":78,\"caption\":\"Loop Biotech\"},\"image\":{\"@id\":\"https:\\\/\\\/loop-biotech.com\\\/de\\\/#\\\/schema\\\/logo\\\/image\\\/\"}}]}<\/script>\n<!-- \/ Yoast SEO plugin. -->","yoast_head_json":{"title":"Loop ForestBed\u2122 - Loop Biotech","robots":{"index":"index","follow":"follow","max-snippet":"max-snippet:-1","max-image-preview":"max-image-preview:large","max-video-preview":"max-video-preview:-1"},"canonical":"https:\/\/loop-biotech.com\/de\/Produkt\/forestbed\/","og_locale":"de_DE","og_type":"article","og_title":"Loop ForestBed\u2122 - Loop Biotech","og_description":"Das Loop ForestBed\u2122 ist die weltweit erste aus Pilzen hergestellte Bestattungsunterlage. In nur 7 Tagen aus lokalen Pilzen und Hanf gewachsen, kehrt es innerhalb von 45 Tagen vollst\u00e4ndig in die Erde zur\u00fcck und bereichert die Natur auf die nat\u00fcrlichste Weise. Sie ist mit einem weichen Moosbett ausgekleidet (andere nat\u00fcrliche Auskleidungen sind erh\u00e4ltlich) und wird in den Farben 'Calm' oder 'Wild' angeboten. Zertifiziert f\u00fcr Naturbestattungen, traditionelle Bestattungen und Ein\u00e4scherungen. Eine herzliche Wahl f\u00fcr alle, die der Natur etwas zur\u00fcckgeben und die Welt f\u00fcr die kommenden Generationen besser machen wollen.","og_url":"https:\/\/loop-biotech.com\/de\/Produkt\/forestbed\/","og_site_name":"Loop Biotech","article_modified_time":"2026-01-29T08:52:33+00:00","og_image":[{"width":2560,"height":1707,"url":"https:\/\/loop-biotech.com\/wp-content\/uploads\/2025\/03\/10.-Loop-ForestBed\u2122-\u00a9Loop-Biotech-scaled.jpg","type":"image\/jpeg"}],"twitter_card":"summary_large_image","twitter_misc":{"Gesch\u00e4tzte Lesezeit":"1\u00a0Minute"},"schema":{"@context":"https:\/\/schema.org","@graph":[{"@type":"WebPage","@id":"https:\/\/loop-biotech.com\/de\/Produkt\/forestbed\/","url":"https:\/\/loop-biotech.com\/de\/Produkt\/forestbed\/","name":"Loop ForestBed\u2122 - Loop Biotech","isPartOf":{"@id":"https:\/\/loop-biotech.com\/de\/#website"},"primaryImageOfPage":{"@id":"https:\/\/loop-biotech.com\/de\/Produkt\/forestbed\/#primaryimage"},"image":{"@id":"https:\/\/loop-biotech.com\/de\/Produkt\/forestbed\/#primaryimage"},"thumbnailUrl":"https:\/\/loop-biotech.com\/wp-content\/uploads\/2025\/03\/10.-Loop-ForestBed\u2122-\u00a9Loop-Biotech-scaled.jpg","datePublished":"2025-03-10T14:51:54+00:00","dateModified":"2026-01-29T08:52:33+00:00","breadcrumb":{"@id":"https:\/\/loop-biotech.com\/de\/Produkt\/forestbed\/#breadcrumb"},"inLanguage":"de","potentialAction":[{"@type":"ReadAction","target":["https:\/\/loop-biotech.com\/de\/Produkt\/forestbed\/"]}]},{"@type":"ImageObject","inLanguage":"de","@id":"https:\/\/loop-biotech.com\/de\/Produkt\/forestbed\/#primaryimage","url":"https:\/\/loop-biotech.com\/wp-content\/uploads\/2025\/03\/10.-Loop-ForestBed\u2122-\u00a9Loop-Biotech-scaled.jpg","contentUrl":"https:\/\/loop-biotech.com\/wp-content\/uploads\/2025\/03\/10.-Loop-ForestBed\u2122-\u00a9Loop-Biotech-scaled.jpg","width":2560,"height":1707},{"@type":"BreadcrumbList","@id":"https:\/\/loop-biotech.com\/de\/Produkt\/forestbed\/#breadcrumb","itemListElement":[{"@type":"ListItem","position":1,"name":"Startseite","item":"https:\/\/loop-biotech.com\/de\/"},{"@type":"ListItem","position":2,"name":"Shop","item":"https:\/\/loop-biotech.com\/de\/shop\/"},{"@type":"ListItem","position":3,"name":"Loop ForestBed\u2122"}]},{"@type":"WebSite","@id":"https:\/\/loop-biotech.com\/de\/#website","url":"https:\/\/loop-biotech.com\/de\/","name":"Loop Biotech","description":"Bereichern wir die Natur","publisher":{"@id":"https:\/\/loop-biotech.com\/de\/#organization"},"potentialAction":[{"@type":"SearchAction","target":{"@type":"EntryPoint","urlTemplate":"https:\/\/loop-biotech.com\/de\/?s={search_term_string}"},"query-input":{"@type":"PropertyValueSpecification","valueRequired":true,"valueName":"search_term_string"}}],"inLanguage":"de"},{"@type":"Organization","@id":"https:\/\/loop-biotech.com\/de\/#organization","name":"Loop Biotech","url":"https:\/\/loop-biotech.com\/de\/","logo":{"@type":"ImageObject","inLanguage":"de","@id":"https:\/\/loop-biotech.com\/de\/#\/schema\/logo\/image\/","url":"https:\/\/loop-biotech.com\/wp-content\/uploads\/2023\/04\/LogoBlack-04.webp","contentUrl":"https:\/\/loop-biotech.com\/wp-content\/uploads\/2023\/04\/LogoBlack-04.webp","width":214,"height":78,"caption":"Loop Biotech"},"image":{"@id":"https:\/\/loop-biotech.com\/de\/#\/schema\/logo\/image\/"}}]}},"_links":{"self":[{"href":"https:\/\/loop-biotech.com\/de\/wp-json\/wp\/v2\/product\/19351","targetHints":{"allow":["GET"]}}],"collection":[{"href":"https:\/\/loop-biotech.com\/de\/wp-json\/wp\/v2\/product"}],"about":[{"href":"https:\/\/loop-biotech.com\/de\/wp-json\/wp\/v2\/types\/product"}],"wp:featuredmedia":[{"embeddable":true,"href":"https:\/\/loop-biotech.com\/de\/wp-json\/wp\/v2\/media\/16442"}],"wp:attachment":[{"href":"https:\/\/loop-biotech.com\/de\/wp-json\/wp\/v2\/media?parent=19351"}],"wp:term":[{"taxonomy":"product_brand","embeddable":true,"href":"https:\/\/loop-biotech.com\/de\/wp-json\/wp\/v2\/product_brand?post=19351"},{"taxonomy":"product_cat","embeddable":true,"href":"https:\/\/loop-biotech.com\/de\/wp-json\/wp\/v2\/product_cat?post=19351"},{"taxonomy":"product_tag","embeddable":true,"href":"https:\/\/loop-biotech.com\/de\/wp-json\/wp\/v2\/product_tag?post=19351"}],"curies":[{"name":"wp","href":"https:\/\/api.w.org\/{rel}","templated":true}]}}