{"id":27389,"date":"2025-09-29T15:30:26","date_gmt":"2025-09-29T13:30:26","guid":{"rendered":"https:\/\/loop-biotech.com\/?post_type=product&#038;p=27389"},"modified":"2026-03-17T16:36:24","modified_gmt":"2026-03-17T15:36:24","slug":"furever","status":"publish","type":"product","link":"https:\/\/loop-biotech.com\/de\/Produkt\/furever\/","title":{"rendered":"Loop FurEver\u2122"},"content":{"rendered":"","protected":false},"excerpt":{"rendered":"<p>Die Loop FurEver\u2122 ist die weltweit erste Urne f\u00fcr Haustiere, die aus Pilzen hergestellt wird. In nur 7 Tagen aus einheimischen Pilzen und upgecycelten Hanffasern gez\u00fcchtet, um die Erde zu n\u00e4hren. Verwenden Sie sie als nat\u00fcrliche Dekoration f\u00fcr Ihr Zuhause oder pflanzen Sie sie in Ihren Garten. Erh\u00e4ltlich in zwei Gr\u00f6\u00dfen: 0,5L und 1,5L f\u00fcr kleine und gro\u00dfe Haustiere. Mit Loop FurEver\u2122 wird Ihr Haustier Teil der Erde und tr\u00e4gt dazu bei, dass neues Leben gedeiht.    <\/p>\n","protected":false},"featured_media":27593,"template":"","meta":{"_acf_changed":false},"product_brand":[],"product_cat":[324],"product_tag":[],"class_list":{"0":"post-27389","1":"product","2":"type-product","3":"status-publish","4":"has-post-thumbnail","6":"product_cat-loop-furever-de","7":"product_shipping_class-normaal-pakket-de","9":"first","10":"instock","11":"taxable","12":"shipping-taxable","13":"purchasable","14":"product-type-variable"},"acf":[],"yoast_head":"<!-- This site is optimized with the Yoast SEO plugin v27.3 - https:\/\/yoast.com\/product\/yoast-seo-wordpress\/ -->\n<title>Loop FurEver\u2122 - Loop Biotech<\/title>\n<meta name=\"robots\" content=\"index, follow, max-snippet:-1, max-image-preview:large, max-video-preview:-1\" \/>\n<link rel=\"canonical\" href=\"https:\/\/loop-biotech.com\/de\/Produkt\/furever\/\" \/>\n<meta property=\"og:locale\" content=\"de_DE\" \/>\n<meta property=\"og:type\" content=\"article\" \/>\n<meta property=\"og:title\" content=\"Loop FurEver\u2122 - Loop Biotech\" \/>\n<meta property=\"og:description\" content=\"Die Loop FurEver\u2122 ist die weltweit erste Urne f\u00fcr Haustiere, die aus Pilzen hergestellt wird. In nur 7 Tagen aus einheimischen Pilzen und upgecycelten Hanffasern gez\u00fcchtet, um die Erde zu n\u00e4hren. Verwenden Sie sie als nat\u00fcrliche Dekoration f\u00fcr Ihr Zuhause oder pflanzen Sie sie in Ihren Garten. Erh\u00e4ltlich in zwei Gr\u00f6\u00dfen: 0,5L und 1,5L f\u00fcr kleine und gro\u00dfe Haustiere. Mit Loop FurEver\u2122 wird Ihr Haustier Teil der Erde und tr\u00e4gt dazu bei, dass neues Leben gedeiht.\" \/>\n<meta property=\"og:url\" content=\"https:\/\/loop-biotech.com\/de\/Produkt\/furever\/\" \/>\n<meta property=\"og:site_name\" content=\"Loop Biotech\" \/>\n<meta property=\"article:modified_time\" content=\"2026-03-17T15:36:24+00:00\" \/>\n<meta property=\"og:image\" content=\"https:\/\/loop-biotech.com\/wp-content\/uploads\/2025\/09\/Ontwerp-zonder-titel-15-1024x791.png\" \/>\n\t<meta property=\"og:image:width\" content=\"1024\" \/>\n\t<meta property=\"og:image:height\" content=\"791\" \/>\n\t<meta property=\"og:image:type\" content=\"image\/png\" \/>\n<meta name=\"twitter:card\" content=\"summary_large_image\" \/>\n<meta name=\"twitter:label1\" content=\"Gesch\u00e4tzte Lesezeit\" \/>\n\t<meta name=\"twitter:data1\" content=\"1\u00a0Minute\" \/>\n<script type=\"application\/ld+json\" class=\"yoast-schema-graph\">{\"@context\":\"https:\\\/\\\/schema.org\",\"@graph\":[{\"@type\":\"WebPage\",\"@id\":\"https:\\\/\\\/loop-biotech.com\\\/de\\\/Produkt\\\/furever\\\/\",\"url\":\"https:\\\/\\\/loop-biotech.com\\\/de\\\/Produkt\\\/furever\\\/\",\"name\":\"Loop FurEver\u2122 - Loop Biotech\",\"isPartOf\":{\"@id\":\"https:\\\/\\\/loop-biotech.com\\\/de\\\/#website\"},\"primaryImageOfPage\":{\"@id\":\"https:\\\/\\\/loop-biotech.com\\\/de\\\/Produkt\\\/furever\\\/#primaryimage\"},\"image\":{\"@id\":\"https:\\\/\\\/loop-biotech.com\\\/de\\\/Produkt\\\/furever\\\/#primaryimage\"},\"thumbnailUrl\":\"https:\\\/\\\/loop-biotech.com\\\/wp-content\\\/uploads\\\/2025\\\/09\\\/Ontwerp-zonder-titel-15.png\",\"datePublished\":\"2025-09-29T13:30:26+00:00\",\"dateModified\":\"2026-03-17T15:36:24+00:00\",\"breadcrumb\":{\"@id\":\"https:\\\/\\\/loop-biotech.com\\\/de\\\/Produkt\\\/furever\\\/#breadcrumb\"},\"inLanguage\":\"de\",\"potentialAction\":[{\"@type\":\"ReadAction\",\"target\":[\"https:\\\/\\\/loop-biotech.com\\\/de\\\/Produkt\\\/furever\\\/\"]}]},{\"@type\":\"ImageObject\",\"inLanguage\":\"de\",\"@id\":\"https:\\\/\\\/loop-biotech.com\\\/de\\\/Produkt\\\/furever\\\/#primaryimage\",\"url\":\"https:\\\/\\\/loop-biotech.com\\\/wp-content\\\/uploads\\\/2025\\\/09\\\/Ontwerp-zonder-titel-15.png\",\"contentUrl\":\"https:\\\/\\\/loop-biotech.com\\\/wp-content\\\/uploads\\\/2025\\\/09\\\/Ontwerp-zonder-titel-15.png\",\"width\":1650,\"height\":1275},{\"@type\":\"BreadcrumbList\",\"@id\":\"https:\\\/\\\/loop-biotech.com\\\/de\\\/Produkt\\\/furever\\\/#breadcrumb\",\"itemListElement\":[{\"@type\":\"ListItem\",\"position\":1,\"name\":\"Startseite\",\"item\":\"https:\\\/\\\/loop-biotech.com\\\/de\\\/\"},{\"@type\":\"ListItem\",\"position\":2,\"name\":\"Shop\",\"item\":\"https:\\\/\\\/loop-biotech.com\\\/de\\\/shop\\\/\"},{\"@type\":\"ListItem\",\"position\":3,\"name\":\"Loop FurEver\u2122\"}]},{\"@type\":\"WebSite\",\"@id\":\"https:\\\/\\\/loop-biotech.com\\\/de\\\/#website\",\"url\":\"https:\\\/\\\/loop-biotech.com\\\/de\\\/\",\"name\":\"Loop Biotech\",\"description\":\"Bereichern wir die Natur\",\"publisher\":{\"@id\":\"https:\\\/\\\/loop-biotech.com\\\/de\\\/#organization\"},\"potentialAction\":[{\"@type\":\"SearchAction\",\"target\":{\"@type\":\"EntryPoint\",\"urlTemplate\":\"https:\\\/\\\/loop-biotech.com\\\/de\\\/?s={search_term_string}\"},\"query-input\":{\"@type\":\"PropertyValueSpecification\",\"valueRequired\":true,\"valueName\":\"search_term_string\"}}],\"inLanguage\":\"de\"},{\"@type\":\"Organization\",\"@id\":\"https:\\\/\\\/loop-biotech.com\\\/de\\\/#organization\",\"name\":\"Loop Biotech\",\"url\":\"https:\\\/\\\/loop-biotech.com\\\/de\\\/\",\"logo\":{\"@type\":\"ImageObject\",\"inLanguage\":\"de\",\"@id\":\"https:\\\/\\\/loop-biotech.com\\\/de\\\/#\\\/schema\\\/logo\\\/image\\\/\",\"url\":\"https:\\\/\\\/loop-biotech.com\\\/wp-content\\\/uploads\\\/2023\\\/04\\\/LogoBlack-04.webp\",\"contentUrl\":\"https:\\\/\\\/loop-biotech.com\\\/wp-content\\\/uploads\\\/2023\\\/04\\\/LogoBlack-04.webp\",\"width\":214,\"height\":78,\"caption\":\"Loop Biotech\"},\"image\":{\"@id\":\"https:\\\/\\\/loop-biotech.com\\\/de\\\/#\\\/schema\\\/logo\\\/image\\\/\"}}]}<\/script>\n<!-- \/ Yoast SEO plugin. -->","yoast_head_json":{"title":"Loop FurEver\u2122 - Loop Biotech","robots":{"index":"index","follow":"follow","max-snippet":"max-snippet:-1","max-image-preview":"max-image-preview:large","max-video-preview":"max-video-preview:-1"},"canonical":"https:\/\/loop-biotech.com\/de\/Produkt\/furever\/","og_locale":"de_DE","og_type":"article","og_title":"Loop FurEver\u2122 - Loop Biotech","og_description":"Die Loop FurEver\u2122 ist die weltweit erste Urne f\u00fcr Haustiere, die aus Pilzen hergestellt wird. In nur 7 Tagen aus einheimischen Pilzen und upgecycelten Hanffasern gez\u00fcchtet, um die Erde zu n\u00e4hren. Verwenden Sie sie als nat\u00fcrliche Dekoration f\u00fcr Ihr Zuhause oder pflanzen Sie sie in Ihren Garten. Erh\u00e4ltlich in zwei Gr\u00f6\u00dfen: 0,5L und 1,5L f\u00fcr kleine und gro\u00dfe Haustiere. Mit Loop FurEver\u2122 wird Ihr Haustier Teil der Erde und tr\u00e4gt dazu bei, dass neues Leben gedeiht.","og_url":"https:\/\/loop-biotech.com\/de\/Produkt\/furever\/","og_site_name":"Loop Biotech","article_modified_time":"2026-03-17T15:36:24+00:00","og_image":[{"width":1024,"height":791,"url":"https:\/\/loop-biotech.com\/wp-content\/uploads\/2025\/09\/Ontwerp-zonder-titel-15-1024x791.png","type":"image\/png"}],"twitter_card":"summary_large_image","twitter_misc":{"Gesch\u00e4tzte Lesezeit":"1\u00a0Minute"},"schema":{"@context":"https:\/\/schema.org","@graph":[{"@type":"WebPage","@id":"https:\/\/loop-biotech.com\/de\/Produkt\/furever\/","url":"https:\/\/loop-biotech.com\/de\/Produkt\/furever\/","name":"Loop FurEver\u2122 - Loop Biotech","isPartOf":{"@id":"https:\/\/loop-biotech.com\/de\/#website"},"primaryImageOfPage":{"@id":"https:\/\/loop-biotech.com\/de\/Produkt\/furever\/#primaryimage"},"image":{"@id":"https:\/\/loop-biotech.com\/de\/Produkt\/furever\/#primaryimage"},"thumbnailUrl":"https:\/\/loop-biotech.com\/wp-content\/uploads\/2025\/09\/Ontwerp-zonder-titel-15.png","datePublished":"2025-09-29T13:30:26+00:00","dateModified":"2026-03-17T15:36:24+00:00","breadcrumb":{"@id":"https:\/\/loop-biotech.com\/de\/Produkt\/furever\/#breadcrumb"},"inLanguage":"de","potentialAction":[{"@type":"ReadAction","target":["https:\/\/loop-biotech.com\/de\/Produkt\/furever\/"]}]},{"@type":"ImageObject","inLanguage":"de","@id":"https:\/\/loop-biotech.com\/de\/Produkt\/furever\/#primaryimage","url":"https:\/\/loop-biotech.com\/wp-content\/uploads\/2025\/09\/Ontwerp-zonder-titel-15.png","contentUrl":"https:\/\/loop-biotech.com\/wp-content\/uploads\/2025\/09\/Ontwerp-zonder-titel-15.png","width":1650,"height":1275},{"@type":"BreadcrumbList","@id":"https:\/\/loop-biotech.com\/de\/Produkt\/furever\/#breadcrumb","itemListElement":[{"@type":"ListItem","position":1,"name":"Startseite","item":"https:\/\/loop-biotech.com\/de\/"},{"@type":"ListItem","position":2,"name":"Shop","item":"https:\/\/loop-biotech.com\/de\/shop\/"},{"@type":"ListItem","position":3,"name":"Loop FurEver\u2122"}]},{"@type":"WebSite","@id":"https:\/\/loop-biotech.com\/de\/#website","url":"https:\/\/loop-biotech.com\/de\/","name":"Loop Biotech","description":"Bereichern wir die Natur","publisher":{"@id":"https:\/\/loop-biotech.com\/de\/#organization"},"potentialAction":[{"@type":"SearchAction","target":{"@type":"EntryPoint","urlTemplate":"https:\/\/loop-biotech.com\/de\/?s={search_term_string}"},"query-input":{"@type":"PropertyValueSpecification","valueRequired":true,"valueName":"search_term_string"}}],"inLanguage":"de"},{"@type":"Organization","@id":"https:\/\/loop-biotech.com\/de\/#organization","name":"Loop Biotech","url":"https:\/\/loop-biotech.com\/de\/","logo":{"@type":"ImageObject","inLanguage":"de","@id":"https:\/\/loop-biotech.com\/de\/#\/schema\/logo\/image\/","url":"https:\/\/loop-biotech.com\/wp-content\/uploads\/2023\/04\/LogoBlack-04.webp","contentUrl":"https:\/\/loop-biotech.com\/wp-content\/uploads\/2023\/04\/LogoBlack-04.webp","width":214,"height":78,"caption":"Loop Biotech"},"image":{"@id":"https:\/\/loop-biotech.com\/de\/#\/schema\/logo\/image\/"}}]}},"_links":{"self":[{"href":"https:\/\/loop-biotech.com\/de\/wp-json\/wp\/v2\/product\/27389","targetHints":{"allow":["GET"]}}],"collection":[{"href":"https:\/\/loop-biotech.com\/de\/wp-json\/wp\/v2\/product"}],"about":[{"href":"https:\/\/loop-biotech.com\/de\/wp-json\/wp\/v2\/types\/product"}],"wp:featuredmedia":[{"embeddable":true,"href":"https:\/\/loop-biotech.com\/de\/wp-json\/wp\/v2\/media\/27593"}],"wp:attachment":[{"href":"https:\/\/loop-biotech.com\/de\/wp-json\/wp\/v2\/media?parent=27389"}],"wp:term":[{"taxonomy":"product_brand","embeddable":true,"href":"https:\/\/loop-biotech.com\/de\/wp-json\/wp\/v2\/product_brand?post=27389"},{"taxonomy":"product_cat","embeddable":true,"href":"https:\/\/loop-biotech.com\/de\/wp-json\/wp\/v2\/product_cat?post=27389"},{"taxonomy":"product_tag","embeddable":true,"href":"https:\/\/loop-biotech.com\/de\/wp-json\/wp\/v2\/product_tag?post=27389"}],"curies":[{"name":"wp","href":"https:\/\/api.w.org\/{rel}","templated":true}]}}