{"id":30532,"date":"2026-04-06T15:19:16","date_gmt":"2026-04-06T13:19:16","guid":{"rendered":"https:\/\/loop-biotech.com\/?post_type=product&#038;p=30532"},"modified":"2026-05-05T11:49:02","modified_gmt":"2026-05-05T09:49:02","slug":"loop-little-cocoon","status":"publish","type":"product","link":"https:\/\/loop-biotech.com\/de\/Produkt\/loop-little-cocoon\/","title":{"rendered":"Schleife Little Cocoon\u2122"},"content":{"rendered":"<p class=\"p2\">F\u00fcr das kleinste Leben, das mit der gr\u00f6\u00dften Liebe gehalten wird.<\/p>\n<p class=\"p2\">In Momenten, die zu fr\u00fch kommen, ist es ein stilles Bed\u00fcrfnis, sie in der N\u00e4he zu halten, wenn auch nur f\u00fcr eine kurze Zeit.<\/p>\n<p class=\"p2\">Der Loop Little Cocoon\u2122 wurde f\u00fcr Babys geschaffen, die tot geboren wurden oder kurz nach der Geburt verstorben sind. Ein weicher, warmer, nat\u00fcrlicher Kokon, der es den Eltern erm\u00f6glicht, ihr Kind im Arm zu halten und sich auf ihre eigene Weise zu verabschieden. <\/p>\n<p class=\"p2\">Es wird aus Pilzen und recycelten Hanffasern gez\u00fcchtet und kehrt sanft in die Erde zur\u00fcck. Im Inneren schafft ein weiches Bett aus Moos oder Wolle einen ruhigen und beruhigenden Ort zum Ausruhen. <\/p>\n<p class=\"p2\">Geeignet f\u00fcr Naturbestattung, traditionelle Bestattung und Ein\u00e4scherung.<\/p>\n","protected":false},"excerpt":{"rendered":"<p class=\"p2\">F\u00fcr das kleinste Leben, das mit der gr\u00f6\u00dften Liebe gehalten wird.<\/p>\n<p class=\"p2\">In Momenten, die zu fr\u00fch kommen, ist es ein stilles Bed\u00fcrfnis, sie in der N\u00e4he zu halten, wenn auch nur f\u00fcr eine kurze Zeit.<\/p>\n<p class=\"p2\">Der Loop Little Cocoon\u2122 wurde f\u00fcr Babys geschaffen, die tot geboren wurden oder kurz nach der Geburt verstorben sind. Ein weicher, warmer, nat\u00fcrlicher Kokon, der es den Eltern erm\u00f6glicht, ihr Kind im Arm zu halten und sich auf ihre eigene Weise zu verabschieden. <\/p>\n<p class=\"p2\">Es wird aus Pilzen und recycelten Hanffasern gez\u00fcchtet und kehrt sanft in die Erde zur\u00fcck. Im Inneren schafft ein weiches Bett aus Moos oder Wolle einen ruhigen und beruhigenden Ort zum Ausruhen. <\/p>\n<p class=\"p2\">Geeignet f\u00fcr Naturbestattung, traditionelle Bestattung und Ein\u00e4scherung.<\/p>\n","protected":false},"featured_media":31007,"template":"","meta":{"_acf_changed":false},"product_brand":[],"product_cat":[429],"product_tag":[],"class_list":{"0":"post-30532","1":"product","2":"type-product","3":"status-publish","4":"has-post-thumbnail","6":"product_cat-schleife-little-cocoon","7":"product_shipping_class-palette-de","9":"first","10":"instock","11":"taxable","12":"shipping-taxable","13":"purchasable","14":"product-type-variable","15":"has-default-attributes"},"acf":[],"yoast_head":"<!-- This site is optimized with the Yoast SEO plugin v27.5 - https:\/\/yoast.com\/product\/yoast-seo-wordpress\/ -->\n<title>Schleife Little Cocoon\u2122 - Loop Biotech<\/title>\n<meta name=\"robots\" content=\"index, follow, max-snippet:-1, max-image-preview:large, max-video-preview:-1\" \/>\n<link rel=\"canonical\" href=\"https:\/\/loop-biotech.com\/de\/Produkt\/loop-little-cocoon\/\" \/>\n<meta property=\"og:locale\" content=\"de_DE\" \/>\n<meta property=\"og:type\" content=\"article\" \/>\n<meta property=\"og:title\" content=\"Schleife Little Cocoon\u2122 - Loop Biotech\" \/>\n<meta property=\"og:description\" content=\"F\u00fcr das kleinste Leben, das mit der gr\u00f6\u00dften Liebe gehalten wird. In Momenten, die zu fr\u00fch kommen, ist es ein stilles Bed\u00fcrfnis, sie in der N\u00e4he zu halten, wenn auch nur f\u00fcr eine kurze Zeit. Der Loop Little Cocoon\u2122 wurde f\u00fcr Babys geschaffen, die tot geboren wurden oder kurz nach der Geburt verstorben sind. Ein weicher, warmer, nat\u00fcrlicher Kokon, der es den Eltern erm\u00f6glicht, ihr Kind im Arm zu halten und sich auf ihre eigene Weise zu verabschieden. Es wird aus Pilzen und recycelten Hanffasern gez\u00fcchtet und kehrt sanft in die Erde zur\u00fcck. Im Inneren schafft ein weiches Bett aus Moos oder Wolle einen ruhigen und beruhigenden Ort zum Ausruhen. Geeignet f\u00fcr Naturbestattung, traditionelle Bestattung und Ein\u00e4scherung.\" \/>\n<meta property=\"og:url\" content=\"https:\/\/loop-biotech.com\/de\/Produkt\/loop-little-cocoon\/\" \/>\n<meta property=\"og:site_name\" content=\"Loop Biotech\" \/>\n<meta property=\"article:modified_time\" content=\"2026-05-05T09:49:02+00:00\" \/>\n<meta property=\"og:image\" content=\"https:\/\/loop-biotech.com\/wp-content\/uploads\/2026\/04\/1.-2026_04_27_Moederdag-Campagne_Cocoon-8_V2-scaled.jpg\" \/>\n\t<meta property=\"og:image:width\" content=\"2560\" \/>\n\t<meta property=\"og:image:height\" content=\"1707\" \/>\n\t<meta property=\"og:image:type\" content=\"image\/jpeg\" \/>\n<meta name=\"twitter:card\" content=\"summary_large_image\" \/>\n<meta name=\"twitter:label1\" content=\"Gesch\u00e4tzte Lesezeit\" \/>\n\t<meta name=\"twitter:data1\" content=\"1\u00a0Minute\" \/>\n<script type=\"application\/ld+json\" class=\"yoast-schema-graph\">{\"@context\":\"https:\\\/\\\/schema.org\",\"@graph\":[{\"@type\":\"WebPage\",\"@id\":\"https:\\\/\\\/loop-biotech.com\\\/de\\\/Produkt\\\/loop-little-cocoon\\\/\",\"url\":\"https:\\\/\\\/loop-biotech.com\\\/de\\\/Produkt\\\/loop-little-cocoon\\\/\",\"name\":\"Schleife Little Cocoon\u2122 - Loop Biotech\",\"isPartOf\":{\"@id\":\"https:\\\/\\\/loop-biotech.com\\\/de\\\/#website\"},\"primaryImageOfPage\":{\"@id\":\"https:\\\/\\\/loop-biotech.com\\\/de\\\/Produkt\\\/loop-little-cocoon\\\/#primaryimage\"},\"image\":{\"@id\":\"https:\\\/\\\/loop-biotech.com\\\/de\\\/Produkt\\\/loop-little-cocoon\\\/#primaryimage\"},\"thumbnailUrl\":\"https:\\\/\\\/loop-biotech.com\\\/wp-content\\\/uploads\\\/2026\\\/04\\\/1.-2026_04_27_Moederdag-Campagne_Cocoon-8_V2-scaled.jpg\",\"datePublished\":\"2026-04-06T13:19:16+00:00\",\"dateModified\":\"2026-05-05T09:49:02+00:00\",\"breadcrumb\":{\"@id\":\"https:\\\/\\\/loop-biotech.com\\\/de\\\/Produkt\\\/loop-little-cocoon\\\/#breadcrumb\"},\"inLanguage\":\"de\",\"potentialAction\":[{\"@type\":\"ReadAction\",\"target\":[\"https:\\\/\\\/loop-biotech.com\\\/de\\\/Produkt\\\/loop-little-cocoon\\\/\"]}]},{\"@type\":\"ImageObject\",\"inLanguage\":\"de\",\"@id\":\"https:\\\/\\\/loop-biotech.com\\\/de\\\/Produkt\\\/loop-little-cocoon\\\/#primaryimage\",\"url\":\"https:\\\/\\\/loop-biotech.com\\\/wp-content\\\/uploads\\\/2026\\\/04\\\/1.-2026_04_27_Moederdag-Campagne_Cocoon-8_V2-scaled.jpg\",\"contentUrl\":\"https:\\\/\\\/loop-biotech.com\\\/wp-content\\\/uploads\\\/2026\\\/04\\\/1.-2026_04_27_Moederdag-Campagne_Cocoon-8_V2-scaled.jpg\",\"width\":2560,\"height\":1707},{\"@type\":\"BreadcrumbList\",\"@id\":\"https:\\\/\\\/loop-biotech.com\\\/de\\\/Produkt\\\/loop-little-cocoon\\\/#breadcrumb\",\"itemListElement\":[{\"@type\":\"ListItem\",\"position\":1,\"name\":\"Startseite\",\"item\":\"https:\\\/\\\/loop-biotech.com\\\/de\\\/\"},{\"@type\":\"ListItem\",\"position\":2,\"name\":\"Shop\",\"item\":\"https:\\\/\\\/loop-biotech.com\\\/de\\\/shop\\\/\"},{\"@type\":\"ListItem\",\"position\":3,\"name\":\"Schleife Little Cocoon\u2122\"}]},{\"@type\":\"WebSite\",\"@id\":\"https:\\\/\\\/loop-biotech.com\\\/de\\\/#website\",\"url\":\"https:\\\/\\\/loop-biotech.com\\\/de\\\/\",\"name\":\"Loop Biotech\",\"description\":\"Bereichern wir die Natur\",\"publisher\":{\"@id\":\"https:\\\/\\\/loop-biotech.com\\\/de\\\/#organization\"},\"potentialAction\":[{\"@type\":\"SearchAction\",\"target\":{\"@type\":\"EntryPoint\",\"urlTemplate\":\"https:\\\/\\\/loop-biotech.com\\\/de\\\/?s={search_term_string}\"},\"query-input\":{\"@type\":\"PropertyValueSpecification\",\"valueRequired\":true,\"valueName\":\"search_term_string\"}}],\"inLanguage\":\"de\"},{\"@type\":\"Organization\",\"@id\":\"https:\\\/\\\/loop-biotech.com\\\/de\\\/#organization\",\"name\":\"Loop Biotech\",\"url\":\"https:\\\/\\\/loop-biotech.com\\\/de\\\/\",\"logo\":{\"@type\":\"ImageObject\",\"inLanguage\":\"de\",\"@id\":\"https:\\\/\\\/loop-biotech.com\\\/de\\\/#\\\/schema\\\/logo\\\/image\\\/\",\"url\":\"https:\\\/\\\/loop-biotech.com\\\/wp-content\\\/uploads\\\/2023\\\/04\\\/LogoBlack-04.webp\",\"contentUrl\":\"https:\\\/\\\/loop-biotech.com\\\/wp-content\\\/uploads\\\/2023\\\/04\\\/LogoBlack-04.webp\",\"width\":214,\"height\":78,\"caption\":\"Loop Biotech\"},\"image\":{\"@id\":\"https:\\\/\\\/loop-biotech.com\\\/de\\\/#\\\/schema\\\/logo\\\/image\\\/\"}}]}<\/script>\n<!-- \/ Yoast SEO plugin. -->","yoast_head_json":{"title":"Schleife Little Cocoon\u2122 - Loop Biotech","robots":{"index":"index","follow":"follow","max-snippet":"max-snippet:-1","max-image-preview":"max-image-preview:large","max-video-preview":"max-video-preview:-1"},"canonical":"https:\/\/loop-biotech.com\/de\/Produkt\/loop-little-cocoon\/","og_locale":"de_DE","og_type":"article","og_title":"Schleife Little Cocoon\u2122 - Loop Biotech","og_description":"F\u00fcr das kleinste Leben, das mit der gr\u00f6\u00dften Liebe gehalten wird. In Momenten, die zu fr\u00fch kommen, ist es ein stilles Bed\u00fcrfnis, sie in der N\u00e4he zu halten, wenn auch nur f\u00fcr eine kurze Zeit. Der Loop Little Cocoon\u2122 wurde f\u00fcr Babys geschaffen, die tot geboren wurden oder kurz nach der Geburt verstorben sind. Ein weicher, warmer, nat\u00fcrlicher Kokon, der es den Eltern erm\u00f6glicht, ihr Kind im Arm zu halten und sich auf ihre eigene Weise zu verabschieden. Es wird aus Pilzen und recycelten Hanffasern gez\u00fcchtet und kehrt sanft in die Erde zur\u00fcck. Im Inneren schafft ein weiches Bett aus Moos oder Wolle einen ruhigen und beruhigenden Ort zum Ausruhen. Geeignet f\u00fcr Naturbestattung, traditionelle Bestattung und Ein\u00e4scherung.","og_url":"https:\/\/loop-biotech.com\/de\/Produkt\/loop-little-cocoon\/","og_site_name":"Loop Biotech","article_modified_time":"2026-05-05T09:49:02+00:00","og_image":[{"width":2560,"height":1707,"url":"https:\/\/loop-biotech.com\/wp-content\/uploads\/2026\/04\/1.-2026_04_27_Moederdag-Campagne_Cocoon-8_V2-scaled.jpg","type":"image\/jpeg"}],"twitter_card":"summary_large_image","twitter_misc":{"Gesch\u00e4tzte Lesezeit":"1\u00a0Minute"},"schema":{"@context":"https:\/\/schema.org","@graph":[{"@type":"WebPage","@id":"https:\/\/loop-biotech.com\/de\/Produkt\/loop-little-cocoon\/","url":"https:\/\/loop-biotech.com\/de\/Produkt\/loop-little-cocoon\/","name":"Schleife Little Cocoon\u2122 - Loop Biotech","isPartOf":{"@id":"https:\/\/loop-biotech.com\/de\/#website"},"primaryImageOfPage":{"@id":"https:\/\/loop-biotech.com\/de\/Produkt\/loop-little-cocoon\/#primaryimage"},"image":{"@id":"https:\/\/loop-biotech.com\/de\/Produkt\/loop-little-cocoon\/#primaryimage"},"thumbnailUrl":"https:\/\/loop-biotech.com\/wp-content\/uploads\/2026\/04\/1.-2026_04_27_Moederdag-Campagne_Cocoon-8_V2-scaled.jpg","datePublished":"2026-04-06T13:19:16+00:00","dateModified":"2026-05-05T09:49:02+00:00","breadcrumb":{"@id":"https:\/\/loop-biotech.com\/de\/Produkt\/loop-little-cocoon\/#breadcrumb"},"inLanguage":"de","potentialAction":[{"@type":"ReadAction","target":["https:\/\/loop-biotech.com\/de\/Produkt\/loop-little-cocoon\/"]}]},{"@type":"ImageObject","inLanguage":"de","@id":"https:\/\/loop-biotech.com\/de\/Produkt\/loop-little-cocoon\/#primaryimage","url":"https:\/\/loop-biotech.com\/wp-content\/uploads\/2026\/04\/1.-2026_04_27_Moederdag-Campagne_Cocoon-8_V2-scaled.jpg","contentUrl":"https:\/\/loop-biotech.com\/wp-content\/uploads\/2026\/04\/1.-2026_04_27_Moederdag-Campagne_Cocoon-8_V2-scaled.jpg","width":2560,"height":1707},{"@type":"BreadcrumbList","@id":"https:\/\/loop-biotech.com\/de\/Produkt\/loop-little-cocoon\/#breadcrumb","itemListElement":[{"@type":"ListItem","position":1,"name":"Startseite","item":"https:\/\/loop-biotech.com\/de\/"},{"@type":"ListItem","position":2,"name":"Shop","item":"https:\/\/loop-biotech.com\/de\/shop\/"},{"@type":"ListItem","position":3,"name":"Schleife Little Cocoon\u2122"}]},{"@type":"WebSite","@id":"https:\/\/loop-biotech.com\/de\/#website","url":"https:\/\/loop-biotech.com\/de\/","name":"Loop Biotech","description":"Bereichern wir die Natur","publisher":{"@id":"https:\/\/loop-biotech.com\/de\/#organization"},"potentialAction":[{"@type":"SearchAction","target":{"@type":"EntryPoint","urlTemplate":"https:\/\/loop-biotech.com\/de\/?s={search_term_string}"},"query-input":{"@type":"PropertyValueSpecification","valueRequired":true,"valueName":"search_term_string"}}],"inLanguage":"de"},{"@type":"Organization","@id":"https:\/\/loop-biotech.com\/de\/#organization","name":"Loop Biotech","url":"https:\/\/loop-biotech.com\/de\/","logo":{"@type":"ImageObject","inLanguage":"de","@id":"https:\/\/loop-biotech.com\/de\/#\/schema\/logo\/image\/","url":"https:\/\/loop-biotech.com\/wp-content\/uploads\/2023\/04\/LogoBlack-04.webp","contentUrl":"https:\/\/loop-biotech.com\/wp-content\/uploads\/2023\/04\/LogoBlack-04.webp","width":214,"height":78,"caption":"Loop Biotech"},"image":{"@id":"https:\/\/loop-biotech.com\/de\/#\/schema\/logo\/image\/"}}]}},"_links":{"self":[{"href":"https:\/\/loop-biotech.com\/de\/wp-json\/wp\/v2\/product\/30532","targetHints":{"allow":["GET"]}}],"collection":[{"href":"https:\/\/loop-biotech.com\/de\/wp-json\/wp\/v2\/product"}],"about":[{"href":"https:\/\/loop-biotech.com\/de\/wp-json\/wp\/v2\/types\/product"}],"wp:featuredmedia":[{"embeddable":true,"href":"https:\/\/loop-biotech.com\/de\/wp-json\/wp\/v2\/media\/31007"}],"wp:attachment":[{"href":"https:\/\/loop-biotech.com\/de\/wp-json\/wp\/v2\/media?parent=30532"}],"wp:term":[{"taxonomy":"product_brand","embeddable":true,"href":"https:\/\/loop-biotech.com\/de\/wp-json\/wp\/v2\/product_brand?post=30532"},{"taxonomy":"product_cat","embeddable":true,"href":"https:\/\/loop-biotech.com\/de\/wp-json\/wp\/v2\/product_cat?post=30532"},{"taxonomy":"product_tag","embeddable":true,"href":"https:\/\/loop-biotech.com\/de\/wp-json\/wp\/v2\/product_tag?post=30532"}],"curies":[{"name":"wp","href":"https:\/\/api.w.org\/{rel}","templated":true}]}}