{"id":19193,"date":"2025-03-10T09:14:46","date_gmt":"2025-03-10T08:14:46","guid":{"rendered":"https:\/\/loop-biotech.com\/product\/loop-earthrise\/"},"modified":"2026-03-17T16:37:45","modified_gmt":"2026-03-17T15:37:45","slug":"earthrise","status":"publish","type":"product","link":"https:\/\/loop-biotech.com\/es\/producto\/earthrise\/","title":{"rendered":"Loop EarthRise\u2122"},"content":{"rendered":"<p>Prueba<\/p>\n","protected":false},"excerpt":{"rendered":"<p>Loop EarthRise\u2122 es la primera urna del mundo hecha con setas. Cultivada en solo siete d\u00edas a partir de setas locales y fibras de c\u00e1\u00f1amo recicladas, est\u00e1 dise\u00f1ada para nutrir la tierra y hacer crecer un \u00e1rbol en tu memoria. Util\u00edzala como adorno natural en casa o pl\u00e1ntala en un jard\u00edn o cementerio. Elige una tapa con cavidad para una planta o un dise\u00f1o cerrado. Disponible en tonos \"Calm\" o \"Wild\" y en dos tama\u00f1os: Est\u00e1ndar (4L) o Para Compartir (0,5L) para compartir con los seres queridos. Una elecci\u00f3n significativa para quienes desean devolver algo a la naturaleza y dejar un mundo mejor.     <\/p>\n","protected":false},"featured_media":10933,"template":"","meta":{"_acf_changed":false},"product_brand":[],"product_cat":[171],"product_tag":[],"class_list":{"0":"post-19193","1":"product","2":"type-product","3":"status-publish","4":"has-post-thumbnail","6":"product_cat-loop-earthrise-es","7":"product_shipping_class-paquete-normal","9":"first","10":"instock","11":"taxable","12":"shipping-taxable","13":"purchasable","14":"product-type-variable","15":"has-default-attributes"},"acf":[],"yoast_head":"<!-- This site is optimized with the Yoast SEO plugin v27.3 - https:\/\/yoast.com\/product\/yoast-seo-wordpress\/ -->\n<title>Loop EarthRise\u2122 - Loop Biotech<\/title>\n<meta name=\"robots\" content=\"index, follow, max-snippet:-1, max-image-preview:large, max-video-preview:-1\" \/>\n<link rel=\"canonical\" href=\"https:\/\/loop-biotech.com\/es\/producto\/earthrise\/\" \/>\n<meta property=\"og:locale\" content=\"es_ES\" \/>\n<meta property=\"og:type\" content=\"article\" \/>\n<meta property=\"og:title\" content=\"Loop EarthRise\u2122 - Loop Biotech\" \/>\n<meta property=\"og:description\" content=\"Loop EarthRise\u2122 es la primera urna del mundo hecha con setas. Cultivada en solo siete d\u00edas a partir de setas locales y fibras de c\u00e1\u00f1amo recicladas, est\u00e1 dise\u00f1ada para nutrir la tierra y hacer crecer un \u00e1rbol en tu memoria. Util\u00edzala como adorno natural en casa o pl\u00e1ntala en un jard\u00edn o cementerio. Elige una tapa con cavidad para una planta o un dise\u00f1o cerrado. Disponible en tonos &quot;Calm&quot; o &quot;Wild&quot; y en dos tama\u00f1os: Est\u00e1ndar (4L) o Para Compartir (0,5L) para compartir con los seres queridos. Una elecci\u00f3n significativa para quienes desean devolver algo a la naturaleza y dejar un mundo mejor.\" \/>\n<meta property=\"og:url\" content=\"https:\/\/loop-biotech.com\/es\/producto\/earthrise\/\" \/>\n<meta property=\"og:site_name\" content=\"Loop Biotech\" \/>\n<meta property=\"article:modified_time\" content=\"2026-03-17T15:37:45+00:00\" \/>\n<meta property=\"og:image\" content=\"https:\/\/loop-biotech.com\/wp-content\/uploads\/2025\/03\/loop_earthrise.webp\" \/>\n\t<meta property=\"og:image:width\" content=\"1375\" \/>\n\t<meta property=\"og:image:height\" content=\"922\" \/>\n\t<meta property=\"og:image:type\" content=\"image\/webp\" \/>\n<meta name=\"twitter:card\" content=\"summary_large_image\" \/>\n<meta name=\"twitter:label1\" content=\"Tiempo de lectura\" \/>\n\t<meta name=\"twitter:data1\" content=\"1 minuto\" \/>\n<script type=\"application\/ld+json\" class=\"yoast-schema-graph\">{\"@context\":\"https:\\\/\\\/schema.org\",\"@graph\":[{\"@type\":\"WebPage\",\"@id\":\"https:\\\/\\\/loop-biotech.com\\\/es\\\/producto\\\/earthrise\\\/\",\"url\":\"https:\\\/\\\/loop-biotech.com\\\/es\\\/producto\\\/earthrise\\\/\",\"name\":\"Loop EarthRise\u2122 - Loop Biotech\",\"isPartOf\":{\"@id\":\"https:\\\/\\\/loop-biotech.com\\\/es\\\/#website\"},\"primaryImageOfPage\":{\"@id\":\"https:\\\/\\\/loop-biotech.com\\\/es\\\/producto\\\/earthrise\\\/#primaryimage\"},\"image\":{\"@id\":\"https:\\\/\\\/loop-biotech.com\\\/es\\\/producto\\\/earthrise\\\/#primaryimage\"},\"thumbnailUrl\":\"https:\\\/\\\/loop-biotech.com\\\/wp-content\\\/uploads\\\/2025\\\/03\\\/loop_earthrise.webp\",\"datePublished\":\"2025-03-10T08:14:46+00:00\",\"dateModified\":\"2026-03-17T15:37:45+00:00\",\"breadcrumb\":{\"@id\":\"https:\\\/\\\/loop-biotech.com\\\/es\\\/producto\\\/earthrise\\\/#breadcrumb\"},\"inLanguage\":\"es\",\"potentialAction\":[{\"@type\":\"ReadAction\",\"target\":[\"https:\\\/\\\/loop-biotech.com\\\/es\\\/producto\\\/earthrise\\\/\"]}]},{\"@type\":\"ImageObject\",\"inLanguage\":\"es\",\"@id\":\"https:\\\/\\\/loop-biotech.com\\\/es\\\/producto\\\/earthrise\\\/#primaryimage\",\"url\":\"https:\\\/\\\/loop-biotech.com\\\/wp-content\\\/uploads\\\/2025\\\/03\\\/loop_earthrise.webp\",\"contentUrl\":\"https:\\\/\\\/loop-biotech.com\\\/wp-content\\\/uploads\\\/2025\\\/03\\\/loop_earthrise.webp\",\"width\":1375,\"height\":922},{\"@type\":\"BreadcrumbList\",\"@id\":\"https:\\\/\\\/loop-biotech.com\\\/es\\\/producto\\\/earthrise\\\/#breadcrumb\",\"itemListElement\":[{\"@type\":\"ListItem\",\"position\":1,\"name\":\"Inicio\",\"item\":\"https:\\\/\\\/loop-biotech.com\\\/es\\\/\"},{\"@type\":\"ListItem\",\"position\":2,\"name\":\"Tienda\",\"item\":\"https:\\\/\\\/loop-biotech.com\\\/es\\\/tienda\\\/\"},{\"@type\":\"ListItem\",\"position\":3,\"name\":\"Loop EarthRise\u2122\"}]},{\"@type\":\"WebSite\",\"@id\":\"https:\\\/\\\/loop-biotech.com\\\/es\\\/#website\",\"url\":\"https:\\\/\\\/loop-biotech.com\\\/es\\\/\",\"name\":\"Loop Biotech\",\"description\":\"Enriquezcamos la Naturaleza\",\"potentialAction\":[{\"@type\":\"SearchAction\",\"target\":{\"@type\":\"EntryPoint\",\"urlTemplate\":\"https:\\\/\\\/loop-biotech.com\\\/es\\\/?s={search_term_string}\"},\"query-input\":{\"@type\":\"PropertyValueSpecification\",\"valueRequired\":true,\"valueName\":\"search_term_string\"}}],\"inLanguage\":\"es\"}]}<\/script>\n<!-- \/ Yoast SEO plugin. -->","yoast_head_json":{"title":"Loop EarthRise\u2122 - Loop Biotech","robots":{"index":"index","follow":"follow","max-snippet":"max-snippet:-1","max-image-preview":"max-image-preview:large","max-video-preview":"max-video-preview:-1"},"canonical":"https:\/\/loop-biotech.com\/es\/producto\/earthrise\/","og_locale":"es_ES","og_type":"article","og_title":"Loop EarthRise\u2122 - Loop Biotech","og_description":"Loop EarthRise\u2122 es la primera urna del mundo hecha con setas. Cultivada en solo siete d\u00edas a partir de setas locales y fibras de c\u00e1\u00f1amo recicladas, est\u00e1 dise\u00f1ada para nutrir la tierra y hacer crecer un \u00e1rbol en tu memoria. Util\u00edzala como adorno natural en casa o pl\u00e1ntala en un jard\u00edn o cementerio. Elige una tapa con cavidad para una planta o un dise\u00f1o cerrado. Disponible en tonos \"Calm\" o \"Wild\" y en dos tama\u00f1os: Est\u00e1ndar (4L) o Para Compartir (0,5L) para compartir con los seres queridos. Una elecci\u00f3n significativa para quienes desean devolver algo a la naturaleza y dejar un mundo mejor.","og_url":"https:\/\/loop-biotech.com\/es\/producto\/earthrise\/","og_site_name":"Loop Biotech","article_modified_time":"2026-03-17T15:37:45+00:00","og_image":[{"width":1375,"height":922,"url":"https:\/\/loop-biotech.com\/wp-content\/uploads\/2025\/03\/loop_earthrise.webp","type":"image\/webp"}],"twitter_card":"summary_large_image","twitter_misc":{"Tiempo de lectura":"1 minuto"},"schema":{"@context":"https:\/\/schema.org","@graph":[{"@type":"WebPage","@id":"https:\/\/loop-biotech.com\/es\/producto\/earthrise\/","url":"https:\/\/loop-biotech.com\/es\/producto\/earthrise\/","name":"Loop EarthRise\u2122 - Loop Biotech","isPartOf":{"@id":"https:\/\/loop-biotech.com\/es\/#website"},"primaryImageOfPage":{"@id":"https:\/\/loop-biotech.com\/es\/producto\/earthrise\/#primaryimage"},"image":{"@id":"https:\/\/loop-biotech.com\/es\/producto\/earthrise\/#primaryimage"},"thumbnailUrl":"https:\/\/loop-biotech.com\/wp-content\/uploads\/2025\/03\/loop_earthrise.webp","datePublished":"2025-03-10T08:14:46+00:00","dateModified":"2026-03-17T15:37:45+00:00","breadcrumb":{"@id":"https:\/\/loop-biotech.com\/es\/producto\/earthrise\/#breadcrumb"},"inLanguage":"es","potentialAction":[{"@type":"ReadAction","target":["https:\/\/loop-biotech.com\/es\/producto\/earthrise\/"]}]},{"@type":"ImageObject","inLanguage":"es","@id":"https:\/\/loop-biotech.com\/es\/producto\/earthrise\/#primaryimage","url":"https:\/\/loop-biotech.com\/wp-content\/uploads\/2025\/03\/loop_earthrise.webp","contentUrl":"https:\/\/loop-biotech.com\/wp-content\/uploads\/2025\/03\/loop_earthrise.webp","width":1375,"height":922},{"@type":"BreadcrumbList","@id":"https:\/\/loop-biotech.com\/es\/producto\/earthrise\/#breadcrumb","itemListElement":[{"@type":"ListItem","position":1,"name":"Inicio","item":"https:\/\/loop-biotech.com\/es\/"},{"@type":"ListItem","position":2,"name":"Tienda","item":"https:\/\/loop-biotech.com\/es\/tienda\/"},{"@type":"ListItem","position":3,"name":"Loop EarthRise\u2122"}]},{"@type":"WebSite","@id":"https:\/\/loop-biotech.com\/es\/#website","url":"https:\/\/loop-biotech.com\/es\/","name":"Loop Biotech","description":"Enriquezcamos la Naturaleza","potentialAction":[{"@type":"SearchAction","target":{"@type":"EntryPoint","urlTemplate":"https:\/\/loop-biotech.com\/es\/?s={search_term_string}"},"query-input":{"@type":"PropertyValueSpecification","valueRequired":true,"valueName":"search_term_string"}}],"inLanguage":"es"}]}},"_links":{"self":[{"href":"https:\/\/loop-biotech.com\/es\/wp-json\/wp\/v2\/product\/19193","targetHints":{"allow":["GET"]}}],"collection":[{"href":"https:\/\/loop-biotech.com\/es\/wp-json\/wp\/v2\/product"}],"about":[{"href":"https:\/\/loop-biotech.com\/es\/wp-json\/wp\/v2\/types\/product"}],"wp:featuredmedia":[{"embeddable":true,"href":"https:\/\/loop-biotech.com\/es\/wp-json\/wp\/v2\/media\/10933"}],"wp:attachment":[{"href":"https:\/\/loop-biotech.com\/es\/wp-json\/wp\/v2\/media?parent=19193"}],"wp:term":[{"taxonomy":"product_brand","embeddable":true,"href":"https:\/\/loop-biotech.com\/es\/wp-json\/wp\/v2\/product_brand?post=19193"},{"taxonomy":"product_cat","embeddable":true,"href":"https:\/\/loop-biotech.com\/es\/wp-json\/wp\/v2\/product_cat?post=19193"},{"taxonomy":"product_tag","embeddable":true,"href":"https:\/\/loop-biotech.com\/es\/wp-json\/wp\/v2\/product_tag?post=19193"}],"curies":[{"name":"wp","href":"https:\/\/api.w.org\/{rel}","templated":true}]}}