{"id":19245,"date":"2025-05-30T11:41:53","date_gmt":"2025-05-30T09:41:53","guid":{"rendered":"https:\/\/loop-biotech.com\/product\/set-de-pintura-ecologica\/"},"modified":"2025-11-04T15:40:32","modified_gmt":"2025-11-04T14:40:32","slug":"organic-paint-set","status":"publish","type":"product","link":"https:\/\/loop-biotech.com\/es\/producto\/organic-paint-set\/","title":{"rendered":"Set de pintura org\u00e1nica"},"content":{"rendered":"<p>Decora el Loop Living Cocoon\u2122, el Loop ForestBed\u2122 o el Loop EarthRise\u2122 con nuestro set de pintura org\u00e1nica y biodegradable. Cree un dise\u00f1o duradero y personal para su ser querido.<\/p>\n","protected":false},"excerpt":{"rendered":"<p>El Loop Paint Set te permite a\u00f1adir un toque personal y cari\u00f1oso a Loop Living Cocoon\u2122, Loop ForestBed\u2122 y Loop EarthRise\u2122. Utiliza la pintura org\u00e1nica para escribir un nombre, pintar un s\u00edmbolo o compartir un mensaje desde el coraz\u00f3n. Una forma sencilla de convertir una despedida en un recuerdo bonito y significativo, junto a tus seres queridos o en un momento de tranquilidad a solas.<\/p>\n","protected":false},"featured_media":11053,"template":"","meta":{"_acf_changed":false},"product_brand":[],"product_cat":[184],"product_tag":[],"class_list":{"0":"post-19245","1":"product","2":"type-product","3":"status-publish","4":"has-post-thumbnail","6":"product_cat-accesorios","7":"product_shipping_class-brievenbuspakket-es","9":"first","10":"instock","11":"taxable","12":"shipping-taxable","13":"purchasable","14":"product-type-simple"},"acf":[],"yoast_head":"<!-- This site is optimized with the Yoast SEO plugin v27.3 - https:\/\/yoast.com\/product\/yoast-seo-wordpress\/ -->\n<title>Set de pintura org\u00e1nica - Loop Biotech<\/title>\n<meta name=\"robots\" content=\"index, follow, max-snippet:-1, max-image-preview:large, max-video-preview:-1\" \/>\n<link rel=\"canonical\" href=\"https:\/\/loop-biotech.com\/es\/producto\/organic-paint-set\/\" \/>\n<meta property=\"og:locale\" content=\"es_ES\" \/>\n<meta property=\"og:type\" content=\"article\" \/>\n<meta property=\"og:title\" content=\"Set de pintura org\u00e1nica - Loop Biotech\" \/>\n<meta property=\"og:description\" content=\"El Loop Paint Set te permite a\u00f1adir un toque personal y cari\u00f1oso a Loop Living Cocoon\u2122, Loop ForestBed\u2122 y Loop EarthRise\u2122. Utiliza la pintura org\u00e1nica para escribir un nombre, pintar un s\u00edmbolo o compartir un mensaje desde el coraz\u00f3n. Una forma sencilla de convertir una despedida en un recuerdo bonito y significativo, junto a tus seres queridos o en un momento de tranquilidad a solas.\" \/>\n<meta property=\"og:url\" content=\"https:\/\/loop-biotech.com\/es\/producto\/organic-paint-set\/\" \/>\n<meta property=\"og:site_name\" content=\"Loop Biotech\" \/>\n<meta property=\"article:modified_time\" content=\"2025-11-04T14:40:32+00:00\" \/>\n<meta property=\"og:image\" content=\"https:\/\/loop-biotech.com\/wp-content\/uploads\/2025\/03\/DSC04627.webp\" \/>\n\t<meta property=\"og:image:width\" content=\"1680\" \/>\n\t<meta property=\"og:image:height\" content=\"1120\" \/>\n\t<meta property=\"og:image:type\" content=\"image\/webp\" \/>\n<meta name=\"twitter:card\" content=\"summary_large_image\" \/>\n<meta name=\"twitter:label1\" content=\"Tiempo de lectura\" \/>\n\t<meta name=\"twitter:data1\" content=\"1 minuto\" \/>\n<script type=\"application\/ld+json\" class=\"yoast-schema-graph\">{\"@context\":\"https:\\\/\\\/schema.org\",\"@graph\":[{\"@type\":\"WebPage\",\"@id\":\"https:\\\/\\\/loop-biotech.com\\\/es\\\/producto\\\/organic-paint-set\\\/\",\"url\":\"https:\\\/\\\/loop-biotech.com\\\/es\\\/producto\\\/organic-paint-set\\\/\",\"name\":\"Set de pintura org\u00e1nica - Loop Biotech\",\"isPartOf\":{\"@id\":\"https:\\\/\\\/loop-biotech.com\\\/es\\\/#website\"},\"primaryImageOfPage\":{\"@id\":\"https:\\\/\\\/loop-biotech.com\\\/es\\\/producto\\\/organic-paint-set\\\/#primaryimage\"},\"image\":{\"@id\":\"https:\\\/\\\/loop-biotech.com\\\/es\\\/producto\\\/organic-paint-set\\\/#primaryimage\"},\"thumbnailUrl\":\"https:\\\/\\\/loop-biotech.com\\\/wp-content\\\/uploads\\\/2025\\\/03\\\/DSC04627.webp\",\"datePublished\":\"2025-05-30T09:41:53+00:00\",\"dateModified\":\"2025-11-04T14:40:32+00:00\",\"breadcrumb\":{\"@id\":\"https:\\\/\\\/loop-biotech.com\\\/es\\\/producto\\\/organic-paint-set\\\/#breadcrumb\"},\"inLanguage\":\"es\",\"potentialAction\":[{\"@type\":\"ReadAction\",\"target\":[\"https:\\\/\\\/loop-biotech.com\\\/es\\\/producto\\\/organic-paint-set\\\/\"]}]},{\"@type\":\"ImageObject\",\"inLanguage\":\"es\",\"@id\":\"https:\\\/\\\/loop-biotech.com\\\/es\\\/producto\\\/organic-paint-set\\\/#primaryimage\",\"url\":\"https:\\\/\\\/loop-biotech.com\\\/wp-content\\\/uploads\\\/2025\\\/03\\\/DSC04627.webp\",\"contentUrl\":\"https:\\\/\\\/loop-biotech.com\\\/wp-content\\\/uploads\\\/2025\\\/03\\\/DSC04627.webp\",\"width\":1680,\"height\":1120},{\"@type\":\"BreadcrumbList\",\"@id\":\"https:\\\/\\\/loop-biotech.com\\\/es\\\/producto\\\/organic-paint-set\\\/#breadcrumb\",\"itemListElement\":[{\"@type\":\"ListItem\",\"position\":1,\"name\":\"Inicio\",\"item\":\"https:\\\/\\\/loop-biotech.com\\\/es\\\/\"},{\"@type\":\"ListItem\",\"position\":2,\"name\":\"Tienda\",\"item\":\"https:\\\/\\\/loop-biotech.com\\\/es\\\/tienda\\\/\"},{\"@type\":\"ListItem\",\"position\":3,\"name\":\"Set de pintura org\u00e1nica\"}]},{\"@type\":\"WebSite\",\"@id\":\"https:\\\/\\\/loop-biotech.com\\\/es\\\/#website\",\"url\":\"https:\\\/\\\/loop-biotech.com\\\/es\\\/\",\"name\":\"Loop Biotech\",\"description\":\"Enriquezcamos la Naturaleza\",\"potentialAction\":[{\"@type\":\"SearchAction\",\"target\":{\"@type\":\"EntryPoint\",\"urlTemplate\":\"https:\\\/\\\/loop-biotech.com\\\/es\\\/?s={search_term_string}\"},\"query-input\":{\"@type\":\"PropertyValueSpecification\",\"valueRequired\":true,\"valueName\":\"search_term_string\"}}],\"inLanguage\":\"es\"}]}<\/script>\n<!-- \/ Yoast SEO plugin. -->","yoast_head_json":{"title":"Set de pintura org\u00e1nica - Loop Biotech","robots":{"index":"index","follow":"follow","max-snippet":"max-snippet:-1","max-image-preview":"max-image-preview:large","max-video-preview":"max-video-preview:-1"},"canonical":"https:\/\/loop-biotech.com\/es\/producto\/organic-paint-set\/","og_locale":"es_ES","og_type":"article","og_title":"Set de pintura org\u00e1nica - Loop Biotech","og_description":"El Loop Paint Set te permite a\u00f1adir un toque personal y cari\u00f1oso a Loop Living Cocoon\u2122, Loop ForestBed\u2122 y Loop EarthRise\u2122. Utiliza la pintura org\u00e1nica para escribir un nombre, pintar un s\u00edmbolo o compartir un mensaje desde el coraz\u00f3n. Una forma sencilla de convertir una despedida en un recuerdo bonito y significativo, junto a tus seres queridos o en un momento de tranquilidad a solas.","og_url":"https:\/\/loop-biotech.com\/es\/producto\/organic-paint-set\/","og_site_name":"Loop Biotech","article_modified_time":"2025-11-04T14:40:32+00:00","og_image":[{"width":1680,"height":1120,"url":"https:\/\/loop-biotech.com\/wp-content\/uploads\/2025\/03\/DSC04627.webp","type":"image\/webp"}],"twitter_card":"summary_large_image","twitter_misc":{"Tiempo de lectura":"1 minuto"},"schema":{"@context":"https:\/\/schema.org","@graph":[{"@type":"WebPage","@id":"https:\/\/loop-biotech.com\/es\/producto\/organic-paint-set\/","url":"https:\/\/loop-biotech.com\/es\/producto\/organic-paint-set\/","name":"Set de pintura org\u00e1nica - Loop Biotech","isPartOf":{"@id":"https:\/\/loop-biotech.com\/es\/#website"},"primaryImageOfPage":{"@id":"https:\/\/loop-biotech.com\/es\/producto\/organic-paint-set\/#primaryimage"},"image":{"@id":"https:\/\/loop-biotech.com\/es\/producto\/organic-paint-set\/#primaryimage"},"thumbnailUrl":"https:\/\/loop-biotech.com\/wp-content\/uploads\/2025\/03\/DSC04627.webp","datePublished":"2025-05-30T09:41:53+00:00","dateModified":"2025-11-04T14:40:32+00:00","breadcrumb":{"@id":"https:\/\/loop-biotech.com\/es\/producto\/organic-paint-set\/#breadcrumb"},"inLanguage":"es","potentialAction":[{"@type":"ReadAction","target":["https:\/\/loop-biotech.com\/es\/producto\/organic-paint-set\/"]}]},{"@type":"ImageObject","inLanguage":"es","@id":"https:\/\/loop-biotech.com\/es\/producto\/organic-paint-set\/#primaryimage","url":"https:\/\/loop-biotech.com\/wp-content\/uploads\/2025\/03\/DSC04627.webp","contentUrl":"https:\/\/loop-biotech.com\/wp-content\/uploads\/2025\/03\/DSC04627.webp","width":1680,"height":1120},{"@type":"BreadcrumbList","@id":"https:\/\/loop-biotech.com\/es\/producto\/organic-paint-set\/#breadcrumb","itemListElement":[{"@type":"ListItem","position":1,"name":"Inicio","item":"https:\/\/loop-biotech.com\/es\/"},{"@type":"ListItem","position":2,"name":"Tienda","item":"https:\/\/loop-biotech.com\/es\/tienda\/"},{"@type":"ListItem","position":3,"name":"Set de pintura org\u00e1nica"}]},{"@type":"WebSite","@id":"https:\/\/loop-biotech.com\/es\/#website","url":"https:\/\/loop-biotech.com\/es\/","name":"Loop Biotech","description":"Enriquezcamos la Naturaleza","potentialAction":[{"@type":"SearchAction","target":{"@type":"EntryPoint","urlTemplate":"https:\/\/loop-biotech.com\/es\/?s={search_term_string}"},"query-input":{"@type":"PropertyValueSpecification","valueRequired":true,"valueName":"search_term_string"}}],"inLanguage":"es"}]}},"_links":{"self":[{"href":"https:\/\/loop-biotech.com\/es\/wp-json\/wp\/v2\/product\/19245","targetHints":{"allow":["GET"]}}],"collection":[{"href":"https:\/\/loop-biotech.com\/es\/wp-json\/wp\/v2\/product"}],"about":[{"href":"https:\/\/loop-biotech.com\/es\/wp-json\/wp\/v2\/types\/product"}],"wp:featuredmedia":[{"embeddable":true,"href":"https:\/\/loop-biotech.com\/es\/wp-json\/wp\/v2\/media\/11053"}],"wp:attachment":[{"href":"https:\/\/loop-biotech.com\/es\/wp-json\/wp\/v2\/media?parent=19245"}],"wp:term":[{"taxonomy":"product_brand","embeddable":true,"href":"https:\/\/loop-biotech.com\/es\/wp-json\/wp\/v2\/product_brand?post=19245"},{"taxonomy":"product_cat","embeddable":true,"href":"https:\/\/loop-biotech.com\/es\/wp-json\/wp\/v2\/product_cat?post=19245"},{"taxonomy":"product_tag","embeddable":true,"href":"https:\/\/loop-biotech.com\/es\/wp-json\/wp\/v2\/product_tag?post=19245"}],"curies":[{"name":"wp","href":"https:\/\/api.w.org\/{rel}","templated":true}]}}