{"id":19284,"date":"2025-03-10T21:53:28","date_gmt":"2025-03-10T20:53:28","guid":{"rendered":"https:\/\/loop-biotech.com\/product\/caja-de-descubrimiento\/"},"modified":"2025-11-04T15:41:50","modified_gmt":"2025-11-04T14:41:50","slug":"discovery-box","status":"publish","type":"product","link":"https:\/\/loop-biotech.com\/es\/producto\/discovery-box\/","title":{"rendered":"Caja de descubrimiento"},"content":{"rendered":"<p>Descubre por ti mismo el poder del micelio con nuestra Caja Descubrimiento. En su interior encontrar\u00e1s una muestra de setas para tocar y palpar, nuestro Loopbook e informaci\u00f3n adicional sobre nuestras soluciones funerarias sostenibles. Es una introducci\u00f3n compacta e inspiradora a una forma natural y consciente de decir adi\u00f3s.<\/p>\n","protected":false},"excerpt":{"rendered":"<p>La Loop Discovery Box ofrece una manera significativa de explorar una despedida natural, una introducci\u00f3n pr\u00e1ctica a una nueva forma de volver a la naturaleza. En su interior encontrar\u00e1 una muestra de setas, informaci\u00f3n sobre nuestra misi\u00f3n de enriquecer la naturaleza y todo lo que necesita para descubrir la despedida m\u00e1s natural del mundo, a su propio ritmo. \u00bfTodav\u00eda no se ha decidido? \u00bfQuiere implicar a su familia? \u00bfO simplemente necesita algo tangible que sostener y compartir? Este es tu primer paso. Elija entre una Caja Descubrimiento f\u00edsica con un bonito envoltorio (entregada en su domicilio) o una versi\u00f3n digital gratuita (enviada al instante a su bandeja de entrada).<\/p>\n","protected":false},"featured_media":19288,"template":"","meta":{"_acf_changed":false},"product_brand":[],"product_cat":[203],"product_tag":[],"class_list":{"0":"post-19284","1":"product","2":"type-product","3":"status-publish","4":"has-post-thumbnail","6":"product_cat-caja-de-descubrimiento","7":"product_shipping_class-brievenbuspakket-es","9":"first","10":"instock","11":"taxable","12":"shipping-taxable","13":"purchasable","14":"product-type-variable","15":"has-default-attributes"},"acf":[],"yoast_head":"<!-- This site is optimized with the Yoast SEO plugin v27.3 - https:\/\/yoast.com\/product\/yoast-seo-wordpress\/ -->\n<title>Caja de descubrimiento - Loop Biotech<\/title>\n<meta name=\"robots\" content=\"index, follow, max-snippet:-1, max-image-preview:large, max-video-preview:-1\" \/>\n<link rel=\"canonical\" href=\"https:\/\/loop-biotech.com\/es\/producto\/discovery-box\/\" \/>\n<meta property=\"og:locale\" content=\"es_ES\" \/>\n<meta property=\"og:type\" content=\"article\" \/>\n<meta property=\"og:title\" content=\"Caja de descubrimiento - Loop Biotech\" \/>\n<meta property=\"og:description\" content=\"La Loop Discovery Box ofrece una manera significativa de explorar una despedida natural, una introducci\u00f3n pr\u00e1ctica a una nueva forma de volver a la naturaleza. En su interior encontrar\u00e1 una muestra de setas, informaci\u00f3n sobre nuestra misi\u00f3n de enriquecer la naturaleza y todo lo que necesita para descubrir la despedida m\u00e1s natural del mundo, a su propio ritmo. \u00bfTodav\u00eda no se ha decidido? \u00bfQuiere implicar a su familia? \u00bfO simplemente necesita algo tangible que sostener y compartir? Este es tu primer paso. Elija entre una Caja Descubrimiento f\u00edsica con un bonito envoltorio (entregada en su domicilio) o una versi\u00f3n digital gratuita (enviada al instante a su bandeja de entrada).\" \/>\n<meta property=\"og:url\" content=\"https:\/\/loop-biotech.com\/es\/producto\/discovery-box\/\" \/>\n<meta property=\"og:site_name\" content=\"Loop Biotech\" \/>\n<meta property=\"article:modified_time\" content=\"2025-11-04T14:41:50+00:00\" \/>\n<meta property=\"og:image\" content=\"https:\/\/loop-biotech.com\/wp-content\/uploads\/2025\/03\/Still-Discovery-Box.jpg\" \/>\n\t<meta property=\"og:image:width\" content=\"1920\" \/>\n\t<meta property=\"og:image:height\" content=\"1080\" \/>\n\t<meta property=\"og:image:type\" content=\"image\/jpeg\" \/>\n<meta name=\"twitter:card\" content=\"summary_large_image\" \/>\n<meta name=\"twitter:label1\" content=\"Tiempo de lectura\" \/>\n\t<meta name=\"twitter:data1\" content=\"1 minuto\" \/>\n<script type=\"application\/ld+json\" class=\"yoast-schema-graph\">{\"@context\":\"https:\\\/\\\/schema.org\",\"@graph\":[{\"@type\":\"WebPage\",\"@id\":\"https:\\\/\\\/loop-biotech.com\\\/es\\\/producto\\\/discovery-box\\\/\",\"url\":\"https:\\\/\\\/loop-biotech.com\\\/es\\\/producto\\\/discovery-box\\\/\",\"name\":\"Caja de descubrimiento - Loop Biotech\",\"isPartOf\":{\"@id\":\"https:\\\/\\\/loop-biotech.com\\\/es\\\/#website\"},\"primaryImageOfPage\":{\"@id\":\"https:\\\/\\\/loop-biotech.com\\\/es\\\/producto\\\/discovery-box\\\/#primaryimage\"},\"image\":{\"@id\":\"https:\\\/\\\/loop-biotech.com\\\/es\\\/producto\\\/discovery-box\\\/#primaryimage\"},\"thumbnailUrl\":\"https:\\\/\\\/loop-biotech.com\\\/wp-content\\\/uploads\\\/2025\\\/03\\\/Still-Discovery-Box.jpg\",\"datePublished\":\"2025-03-10T20:53:28+00:00\",\"dateModified\":\"2025-11-04T14:41:50+00:00\",\"breadcrumb\":{\"@id\":\"https:\\\/\\\/loop-biotech.com\\\/es\\\/producto\\\/discovery-box\\\/#breadcrumb\"},\"inLanguage\":\"es\",\"potentialAction\":[{\"@type\":\"ReadAction\",\"target\":[\"https:\\\/\\\/loop-biotech.com\\\/es\\\/producto\\\/discovery-box\\\/\"]}]},{\"@type\":\"ImageObject\",\"inLanguage\":\"es\",\"@id\":\"https:\\\/\\\/loop-biotech.com\\\/es\\\/producto\\\/discovery-box\\\/#primaryimage\",\"url\":\"https:\\\/\\\/loop-biotech.com\\\/wp-content\\\/uploads\\\/2025\\\/03\\\/Still-Discovery-Box.jpg\",\"contentUrl\":\"https:\\\/\\\/loop-biotech.com\\\/wp-content\\\/uploads\\\/2025\\\/03\\\/Still-Discovery-Box.jpg\",\"width\":1920,\"height\":1080},{\"@type\":\"BreadcrumbList\",\"@id\":\"https:\\\/\\\/loop-biotech.com\\\/es\\\/producto\\\/discovery-box\\\/#breadcrumb\",\"itemListElement\":[{\"@type\":\"ListItem\",\"position\":1,\"name\":\"Inicio\",\"item\":\"https:\\\/\\\/loop-biotech.com\\\/es\\\/\"},{\"@type\":\"ListItem\",\"position\":2,\"name\":\"Tienda\",\"item\":\"https:\\\/\\\/loop-biotech.com\\\/es\\\/tienda\\\/\"},{\"@type\":\"ListItem\",\"position\":3,\"name\":\"Caja de descubrimiento\"}]},{\"@type\":\"WebSite\",\"@id\":\"https:\\\/\\\/loop-biotech.com\\\/es\\\/#website\",\"url\":\"https:\\\/\\\/loop-biotech.com\\\/es\\\/\",\"name\":\"Loop Biotech\",\"description\":\"Enriquezcamos la Naturaleza\",\"potentialAction\":[{\"@type\":\"SearchAction\",\"target\":{\"@type\":\"EntryPoint\",\"urlTemplate\":\"https:\\\/\\\/loop-biotech.com\\\/es\\\/?s={search_term_string}\"},\"query-input\":{\"@type\":\"PropertyValueSpecification\",\"valueRequired\":true,\"valueName\":\"search_term_string\"}}],\"inLanguage\":\"es\"}]}<\/script>\n<!-- \/ Yoast SEO plugin. -->","yoast_head_json":{"title":"Caja de descubrimiento - Loop Biotech","robots":{"index":"index","follow":"follow","max-snippet":"max-snippet:-1","max-image-preview":"max-image-preview:large","max-video-preview":"max-video-preview:-1"},"canonical":"https:\/\/loop-biotech.com\/es\/producto\/discovery-box\/","og_locale":"es_ES","og_type":"article","og_title":"Caja de descubrimiento - Loop Biotech","og_description":"La Loop Discovery Box ofrece una manera significativa de explorar una despedida natural, una introducci\u00f3n pr\u00e1ctica a una nueva forma de volver a la naturaleza. En su interior encontrar\u00e1 una muestra de setas, informaci\u00f3n sobre nuestra misi\u00f3n de enriquecer la naturaleza y todo lo que necesita para descubrir la despedida m\u00e1s natural del mundo, a su propio ritmo. \u00bfTodav\u00eda no se ha decidido? \u00bfQuiere implicar a su familia? \u00bfO simplemente necesita algo tangible que sostener y compartir? Este es tu primer paso. Elija entre una Caja Descubrimiento f\u00edsica con un bonito envoltorio (entregada en su domicilio) o una versi\u00f3n digital gratuita (enviada al instante a su bandeja de entrada).","og_url":"https:\/\/loop-biotech.com\/es\/producto\/discovery-box\/","og_site_name":"Loop Biotech","article_modified_time":"2025-11-04T14:41:50+00:00","og_image":[{"width":1920,"height":1080,"url":"https:\/\/loop-biotech.com\/wp-content\/uploads\/2025\/03\/Still-Discovery-Box.jpg","type":"image\/jpeg"}],"twitter_card":"summary_large_image","twitter_misc":{"Tiempo de lectura":"1 minuto"},"schema":{"@context":"https:\/\/schema.org","@graph":[{"@type":"WebPage","@id":"https:\/\/loop-biotech.com\/es\/producto\/discovery-box\/","url":"https:\/\/loop-biotech.com\/es\/producto\/discovery-box\/","name":"Caja de descubrimiento - Loop Biotech","isPartOf":{"@id":"https:\/\/loop-biotech.com\/es\/#website"},"primaryImageOfPage":{"@id":"https:\/\/loop-biotech.com\/es\/producto\/discovery-box\/#primaryimage"},"image":{"@id":"https:\/\/loop-biotech.com\/es\/producto\/discovery-box\/#primaryimage"},"thumbnailUrl":"https:\/\/loop-biotech.com\/wp-content\/uploads\/2025\/03\/Still-Discovery-Box.jpg","datePublished":"2025-03-10T20:53:28+00:00","dateModified":"2025-11-04T14:41:50+00:00","breadcrumb":{"@id":"https:\/\/loop-biotech.com\/es\/producto\/discovery-box\/#breadcrumb"},"inLanguage":"es","potentialAction":[{"@type":"ReadAction","target":["https:\/\/loop-biotech.com\/es\/producto\/discovery-box\/"]}]},{"@type":"ImageObject","inLanguage":"es","@id":"https:\/\/loop-biotech.com\/es\/producto\/discovery-box\/#primaryimage","url":"https:\/\/loop-biotech.com\/wp-content\/uploads\/2025\/03\/Still-Discovery-Box.jpg","contentUrl":"https:\/\/loop-biotech.com\/wp-content\/uploads\/2025\/03\/Still-Discovery-Box.jpg","width":1920,"height":1080},{"@type":"BreadcrumbList","@id":"https:\/\/loop-biotech.com\/es\/producto\/discovery-box\/#breadcrumb","itemListElement":[{"@type":"ListItem","position":1,"name":"Inicio","item":"https:\/\/loop-biotech.com\/es\/"},{"@type":"ListItem","position":2,"name":"Tienda","item":"https:\/\/loop-biotech.com\/es\/tienda\/"},{"@type":"ListItem","position":3,"name":"Caja de descubrimiento"}]},{"@type":"WebSite","@id":"https:\/\/loop-biotech.com\/es\/#website","url":"https:\/\/loop-biotech.com\/es\/","name":"Loop Biotech","description":"Enriquezcamos la Naturaleza","potentialAction":[{"@type":"SearchAction","target":{"@type":"EntryPoint","urlTemplate":"https:\/\/loop-biotech.com\/es\/?s={search_term_string}"},"query-input":{"@type":"PropertyValueSpecification","valueRequired":true,"valueName":"search_term_string"}}],"inLanguage":"es"}]}},"_links":{"self":[{"href":"https:\/\/loop-biotech.com\/es\/wp-json\/wp\/v2\/product\/19284","targetHints":{"allow":["GET"]}}],"collection":[{"href":"https:\/\/loop-biotech.com\/es\/wp-json\/wp\/v2\/product"}],"about":[{"href":"https:\/\/loop-biotech.com\/es\/wp-json\/wp\/v2\/types\/product"}],"wp:featuredmedia":[{"embeddable":true,"href":"https:\/\/loop-biotech.com\/es\/wp-json\/wp\/v2\/media\/19288"}],"wp:attachment":[{"href":"https:\/\/loop-biotech.com\/es\/wp-json\/wp\/v2\/media?parent=19284"}],"wp:term":[{"taxonomy":"product_brand","embeddable":true,"href":"https:\/\/loop-biotech.com\/es\/wp-json\/wp\/v2\/product_brand?post=19284"},{"taxonomy":"product_cat","embeddable":true,"href":"https:\/\/loop-biotech.com\/es\/wp-json\/wp\/v2\/product_cat?post=19284"},{"taxonomy":"product_tag","embeddable":true,"href":"https:\/\/loop-biotech.com\/es\/wp-json\/wp\/v2\/product_tag?post=19284"}],"curies":[{"name":"wp","href":"https:\/\/api.w.org\/{rel}","templated":true}]}}