{"id":19294,"date":"2025-03-11T13:49:58","date_gmt":"2025-03-11T12:49:58","guid":{"rendered":"https:\/\/loop-biotech.com\/product\/sabana-santa\/"},"modified":"2025-11-04T15:41:16","modified_gmt":"2025-11-04T14:41:16","slug":"shroud","status":"publish","type":"product","link":"https:\/\/loop-biotech.com\/es\/producto\/shroud\/","title":{"rendered":"Mortaja"},"content":{"rendered":"","protected":false},"excerpt":{"rendered":"<p>Completa Loop Living Cocoon\u2122 o Loop ForestBed\u2122 con una funda suave y sostenible. Elige entre tres suaves tejidos: lana de oveja, bioalgod\u00f3n suave o c\u00e1\u00f1amo. Cada tejido es totalmente biodegradable y ha sido cuidadosamente seleccionado por su sostenibilidad y su car\u00e1cter suave y natural.<\/p>\n","protected":false},"featured_media":9215,"template":"","meta":{"_acf_changed":false},"product_brand":[],"product_cat":[184],"product_tag":[],"class_list":{"0":"post-19294","1":"product","2":"type-product","3":"status-publish","4":"has-post-thumbnail","6":"product_cat-accesorios","7":"product_shipping_class-paquete-normal","9":"first","10":"instock","11":"taxable","12":"shipping-taxable","13":"purchasable","14":"product-type-variable","15":"has-default-attributes"},"acf":[],"yoast_head":"<!-- This site is optimized with the Yoast SEO plugin v27.3 - https:\/\/yoast.com\/product\/yoast-seo-wordpress\/ -->\n<title>Mortaja - Loop Biotech<\/title>\n<meta name=\"robots\" content=\"index, follow, max-snippet:-1, max-image-preview:large, max-video-preview:-1\" \/>\n<link rel=\"canonical\" href=\"https:\/\/loop-biotech.com\/es\/producto\/shroud\/\" \/>\n<meta property=\"og:locale\" content=\"es_ES\" \/>\n<meta property=\"og:type\" content=\"article\" \/>\n<meta property=\"og:title\" content=\"Mortaja - Loop Biotech\" \/>\n<meta property=\"og:description\" content=\"Completa Loop Living Cocoon\u2122 o Loop ForestBed\u2122 con una funda suave y sostenible. Elige entre tres suaves tejidos: lana de oveja, bioalgod\u00f3n suave o c\u00e1\u00f1amo. Cada tejido es totalmente biodegradable y ha sido cuidadosamente seleccionado por su sostenibilidad y su car\u00e1cter suave y natural.\" \/>\n<meta property=\"og:url\" content=\"https:\/\/loop-biotech.com\/es\/producto\/shroud\/\" \/>\n<meta property=\"og:site_name\" content=\"Loop Biotech\" \/>\n<meta property=\"article:modified_time\" content=\"2025-11-04T14:41:16+00:00\" \/>\n<meta property=\"og:image\" content=\"https:\/\/loop-biotech.com\/wp-content\/uploads\/2024\/04\/DSC8756-scaled.jpg\" \/>\n\t<meta property=\"og:image:width\" content=\"2560\" \/>\n\t<meta property=\"og:image:height\" content=\"1707\" \/>\n\t<meta property=\"og:image:type\" content=\"image\/jpeg\" \/>\n<meta name=\"twitter:card\" content=\"summary_large_image\" \/>\n<meta name=\"twitter:label1\" content=\"Tiempo de lectura\" \/>\n\t<meta name=\"twitter:data1\" content=\"1 minuto\" \/>\n<script type=\"application\/ld+json\" class=\"yoast-schema-graph\">{\"@context\":\"https:\\\/\\\/schema.org\",\"@graph\":[{\"@type\":\"WebPage\",\"@id\":\"https:\\\/\\\/loop-biotech.com\\\/es\\\/producto\\\/shroud\\\/\",\"url\":\"https:\\\/\\\/loop-biotech.com\\\/es\\\/producto\\\/shroud\\\/\",\"name\":\"Mortaja - Loop Biotech\",\"isPartOf\":{\"@id\":\"https:\\\/\\\/loop-biotech.com\\\/es\\\/#website\"},\"primaryImageOfPage\":{\"@id\":\"https:\\\/\\\/loop-biotech.com\\\/es\\\/producto\\\/shroud\\\/#primaryimage\"},\"image\":{\"@id\":\"https:\\\/\\\/loop-biotech.com\\\/es\\\/producto\\\/shroud\\\/#primaryimage\"},\"thumbnailUrl\":\"https:\\\/\\\/loop-biotech.com\\\/wp-content\\\/uploads\\\/2024\\\/04\\\/DSC8756-scaled.jpg\",\"datePublished\":\"2025-03-11T12:49:58+00:00\",\"dateModified\":\"2025-11-04T14:41:16+00:00\",\"breadcrumb\":{\"@id\":\"https:\\\/\\\/loop-biotech.com\\\/es\\\/producto\\\/shroud\\\/#breadcrumb\"},\"inLanguage\":\"es\",\"potentialAction\":[{\"@type\":\"ReadAction\",\"target\":[\"https:\\\/\\\/loop-biotech.com\\\/es\\\/producto\\\/shroud\\\/\"]}]},{\"@type\":\"ImageObject\",\"inLanguage\":\"es\",\"@id\":\"https:\\\/\\\/loop-biotech.com\\\/es\\\/producto\\\/shroud\\\/#primaryimage\",\"url\":\"https:\\\/\\\/loop-biotech.com\\\/wp-content\\\/uploads\\\/2024\\\/04\\\/DSC8756-scaled.jpg\",\"contentUrl\":\"https:\\\/\\\/loop-biotech.com\\\/wp-content\\\/uploads\\\/2024\\\/04\\\/DSC8756-scaled.jpg\",\"width\":2560,\"height\":1707},{\"@type\":\"BreadcrumbList\",\"@id\":\"https:\\\/\\\/loop-biotech.com\\\/es\\\/producto\\\/shroud\\\/#breadcrumb\",\"itemListElement\":[{\"@type\":\"ListItem\",\"position\":1,\"name\":\"Inicio\",\"item\":\"https:\\\/\\\/loop-biotech.com\\\/es\\\/\"},{\"@type\":\"ListItem\",\"position\":2,\"name\":\"Tienda\",\"item\":\"https:\\\/\\\/loop-biotech.com\\\/es\\\/tienda\\\/\"},{\"@type\":\"ListItem\",\"position\":3,\"name\":\"Mortaja\"}]},{\"@type\":\"WebSite\",\"@id\":\"https:\\\/\\\/loop-biotech.com\\\/es\\\/#website\",\"url\":\"https:\\\/\\\/loop-biotech.com\\\/es\\\/\",\"name\":\"Loop Biotech\",\"description\":\"Enriquezcamos la Naturaleza\",\"potentialAction\":[{\"@type\":\"SearchAction\",\"target\":{\"@type\":\"EntryPoint\",\"urlTemplate\":\"https:\\\/\\\/loop-biotech.com\\\/es\\\/?s={search_term_string}\"},\"query-input\":{\"@type\":\"PropertyValueSpecification\",\"valueRequired\":true,\"valueName\":\"search_term_string\"}}],\"inLanguage\":\"es\"}]}<\/script>\n<!-- \/ Yoast SEO plugin. -->","yoast_head_json":{"title":"Mortaja - Loop Biotech","robots":{"index":"index","follow":"follow","max-snippet":"max-snippet:-1","max-image-preview":"max-image-preview:large","max-video-preview":"max-video-preview:-1"},"canonical":"https:\/\/loop-biotech.com\/es\/producto\/shroud\/","og_locale":"es_ES","og_type":"article","og_title":"Mortaja - Loop Biotech","og_description":"Completa Loop Living Cocoon\u2122 o Loop ForestBed\u2122 con una funda suave y sostenible. Elige entre tres suaves tejidos: lana de oveja, bioalgod\u00f3n suave o c\u00e1\u00f1amo. Cada tejido es totalmente biodegradable y ha sido cuidadosamente seleccionado por su sostenibilidad y su car\u00e1cter suave y natural.","og_url":"https:\/\/loop-biotech.com\/es\/producto\/shroud\/","og_site_name":"Loop Biotech","article_modified_time":"2025-11-04T14:41:16+00:00","og_image":[{"width":2560,"height":1707,"url":"https:\/\/loop-biotech.com\/wp-content\/uploads\/2024\/04\/DSC8756-scaled.jpg","type":"image\/jpeg"}],"twitter_card":"summary_large_image","twitter_misc":{"Tiempo de lectura":"1 minuto"},"schema":{"@context":"https:\/\/schema.org","@graph":[{"@type":"WebPage","@id":"https:\/\/loop-biotech.com\/es\/producto\/shroud\/","url":"https:\/\/loop-biotech.com\/es\/producto\/shroud\/","name":"Mortaja - Loop Biotech","isPartOf":{"@id":"https:\/\/loop-biotech.com\/es\/#website"},"primaryImageOfPage":{"@id":"https:\/\/loop-biotech.com\/es\/producto\/shroud\/#primaryimage"},"image":{"@id":"https:\/\/loop-biotech.com\/es\/producto\/shroud\/#primaryimage"},"thumbnailUrl":"https:\/\/loop-biotech.com\/wp-content\/uploads\/2024\/04\/DSC8756-scaled.jpg","datePublished":"2025-03-11T12:49:58+00:00","dateModified":"2025-11-04T14:41:16+00:00","breadcrumb":{"@id":"https:\/\/loop-biotech.com\/es\/producto\/shroud\/#breadcrumb"},"inLanguage":"es","potentialAction":[{"@type":"ReadAction","target":["https:\/\/loop-biotech.com\/es\/producto\/shroud\/"]}]},{"@type":"ImageObject","inLanguage":"es","@id":"https:\/\/loop-biotech.com\/es\/producto\/shroud\/#primaryimage","url":"https:\/\/loop-biotech.com\/wp-content\/uploads\/2024\/04\/DSC8756-scaled.jpg","contentUrl":"https:\/\/loop-biotech.com\/wp-content\/uploads\/2024\/04\/DSC8756-scaled.jpg","width":2560,"height":1707},{"@type":"BreadcrumbList","@id":"https:\/\/loop-biotech.com\/es\/producto\/shroud\/#breadcrumb","itemListElement":[{"@type":"ListItem","position":1,"name":"Inicio","item":"https:\/\/loop-biotech.com\/es\/"},{"@type":"ListItem","position":2,"name":"Tienda","item":"https:\/\/loop-biotech.com\/es\/tienda\/"},{"@type":"ListItem","position":3,"name":"Mortaja"}]},{"@type":"WebSite","@id":"https:\/\/loop-biotech.com\/es\/#website","url":"https:\/\/loop-biotech.com\/es\/","name":"Loop Biotech","description":"Enriquezcamos la Naturaleza","potentialAction":[{"@type":"SearchAction","target":{"@type":"EntryPoint","urlTemplate":"https:\/\/loop-biotech.com\/es\/?s={search_term_string}"},"query-input":{"@type":"PropertyValueSpecification","valueRequired":true,"valueName":"search_term_string"}}],"inLanguage":"es"}]}},"_links":{"self":[{"href":"https:\/\/loop-biotech.com\/es\/wp-json\/wp\/v2\/product\/19294","targetHints":{"allow":["GET"]}}],"collection":[{"href":"https:\/\/loop-biotech.com\/es\/wp-json\/wp\/v2\/product"}],"about":[{"href":"https:\/\/loop-biotech.com\/es\/wp-json\/wp\/v2\/types\/product"}],"wp:featuredmedia":[{"embeddable":true,"href":"https:\/\/loop-biotech.com\/es\/wp-json\/wp\/v2\/media\/9215"}],"wp:attachment":[{"href":"https:\/\/loop-biotech.com\/es\/wp-json\/wp\/v2\/media?parent=19294"}],"wp:term":[{"taxonomy":"product_brand","embeddable":true,"href":"https:\/\/loop-biotech.com\/es\/wp-json\/wp\/v2\/product_brand?post=19294"},{"taxonomy":"product_cat","embeddable":true,"href":"https:\/\/loop-biotech.com\/es\/wp-json\/wp\/v2\/product_cat?post=19294"},{"taxonomy":"product_tag","embeddable":true,"href":"https:\/\/loop-biotech.com\/es\/wp-json\/wp\/v2\/product_tag?post=19294"}],"curies":[{"name":"wp","href":"https:\/\/api.w.org\/{rel}","templated":true}]}}