{"id":19389,"date":"2025-03-10T15:45:55","date_gmt":"2025-03-10T14:45:55","guid":{"rendered":"https:\/\/loop-biotech.com\/product\/loop-living-cocoon\/"},"modified":"2026-03-17T16:31:59","modified_gmt":"2026-03-17T15:31:59","slug":"living-cocoon","status":"publish","type":"product","link":"https:\/\/loop-biotech.com\/es\/producto\/living-cocoon\/","title":{"rendered":"Loop Living Cocoon\u2122"},"content":{"rendered":"<p>Loop Living Cocoon, ata\u00fad de setas, ata\u00fad de setas, loop biotech, loop living coffin, loop biotech coffin, loop coffins, ata\u00fades que se convierten en \u00e1rboles, vaina funeraria biodegradable, funeral ecol\u00f3gico, ata\u00fad funerario de setas, ata\u00fad de hongos, ata\u00fad de micelio loop, ata\u00fades biodegradables, comprar ata\u00fad<\/p>\n","protected":false},"excerpt":{"rendered":"<p>El Loop Living Cocoon\u2122 es el primer ata\u00fad del mundo hecho con setas. Cultivado en solo 7 d\u00edas a partir de setas locales y fibras de c\u00e1\u00f1amo recicladas, vuelve completamente a la tierra en 45 d\u00edas, enriqueciendo la naturaleza de la forma m\u00e1s natural. Forrado con un suave lecho de musgo (con otros forros naturales disponibles) y disponible en color \"Calm\" o \"Wild\". Certificado para enterramiento natural, enterramiento tradicional e incineraci\u00f3n. Una elecci\u00f3n sentida para quienes desean devolver algo a la naturaleza y dejar un mundo mejor a las generaciones venideras.    <\/p>\n","protected":false},"featured_media":15440,"template":"","meta":{"_acf_changed":false},"product_brand":[],"product_cat":[235],"product_tag":[],"class_list":{"0":"post-19389","1":"product","2":"type-product","3":"status-publish","4":"has-post-thumbnail","6":"product_cat-loop-living-cocoon-es","7":"product_shipping_class-paleta","9":"first","10":"instock","11":"taxable","12":"shipping-taxable","13":"purchasable","14":"product-type-variable","15":"has-default-attributes"},"acf":[],"yoast_head":"<!-- This site is optimized with the Yoast SEO plugin v27.3 - https:\/\/yoast.com\/product\/yoast-seo-wordpress\/ -->\n<title>Loop Living Cocoon\u2122 - Loop Biotech<\/title>\n<meta name=\"robots\" content=\"index, follow, max-snippet:-1, max-image-preview:large, max-video-preview:-1\" \/>\n<link rel=\"canonical\" href=\"https:\/\/loop-biotech.com\/es\/producto\/living-cocoon\/\" \/>\n<meta property=\"og:locale\" content=\"es_ES\" \/>\n<meta property=\"og:type\" content=\"article\" \/>\n<meta property=\"og:title\" content=\"Loop Living Cocoon\u2122 - Loop Biotech\" \/>\n<meta property=\"og:description\" content=\"El Loop Living Cocoon\u2122 es el primer ata\u00fad del mundo hecho con setas. Cultivado en solo 7 d\u00edas a partir de setas locales y fibras de c\u00e1\u00f1amo recicladas, vuelve completamente a la tierra en 45 d\u00edas, enriqueciendo la naturaleza de la forma m\u00e1s natural. Forrado con un suave lecho de musgo (con otros forros naturales disponibles) y disponible en color &quot;Calm&quot; o &quot;Wild&quot;. Certificado para enterramiento natural, enterramiento tradicional e incineraci\u00f3n. Una elecci\u00f3n sentida para quienes desean devolver algo a la naturaleza y dejar un mundo mejor a las generaciones venideras.\" \/>\n<meta property=\"og:url\" content=\"https:\/\/loop-biotech.com\/es\/producto\/living-cocoon\/\" \/>\n<meta property=\"og:site_name\" content=\"Loop Biotech\" \/>\n<meta property=\"article:modified_time\" content=\"2026-03-17T15:31:59+00:00\" \/>\n<meta property=\"og:image\" content=\"https:\/\/loop-biotech.com\/wp-content\/uploads\/2025\/03\/LOOP_COCOON-904x1024.png\" \/>\n\t<meta property=\"og:image:width\" content=\"904\" \/>\n\t<meta property=\"og:image:height\" content=\"1024\" \/>\n\t<meta property=\"og:image:type\" content=\"image\/png\" \/>\n<meta name=\"twitter:card\" content=\"summary_large_image\" \/>\n<meta name=\"twitter:label1\" content=\"Tiempo de lectura\" \/>\n\t<meta name=\"twitter:data1\" content=\"1 minuto\" \/>\n<script type=\"application\/ld+json\" class=\"yoast-schema-graph\">{\"@context\":\"https:\\\/\\\/schema.org\",\"@graph\":[{\"@type\":\"WebPage\",\"@id\":\"https:\\\/\\\/loop-biotech.com\\\/es\\\/producto\\\/living-cocoon\\\/\",\"url\":\"https:\\\/\\\/loop-biotech.com\\\/es\\\/producto\\\/living-cocoon\\\/\",\"name\":\"Loop Living Cocoon\u2122 - Loop Biotech\",\"isPartOf\":{\"@id\":\"https:\\\/\\\/loop-biotech.com\\\/es\\\/#website\"},\"primaryImageOfPage\":{\"@id\":\"https:\\\/\\\/loop-biotech.com\\\/es\\\/producto\\\/living-cocoon\\\/#primaryimage\"},\"image\":{\"@id\":\"https:\\\/\\\/loop-biotech.com\\\/es\\\/producto\\\/living-cocoon\\\/#primaryimage\"},\"thumbnailUrl\":\"https:\\\/\\\/loop-biotech.com\\\/wp-content\\\/uploads\\\/2025\\\/03\\\/LOOP_COCOON.png\",\"datePublished\":\"2025-03-10T14:45:55+00:00\",\"dateModified\":\"2026-03-17T15:31:59+00:00\",\"breadcrumb\":{\"@id\":\"https:\\\/\\\/loop-biotech.com\\\/es\\\/producto\\\/living-cocoon\\\/#breadcrumb\"},\"inLanguage\":\"es\",\"potentialAction\":[{\"@type\":\"ReadAction\",\"target\":[\"https:\\\/\\\/loop-biotech.com\\\/es\\\/producto\\\/living-cocoon\\\/\"]}]},{\"@type\":\"ImageObject\",\"inLanguage\":\"es\",\"@id\":\"https:\\\/\\\/loop-biotech.com\\\/es\\\/producto\\\/living-cocoon\\\/#primaryimage\",\"url\":\"https:\\\/\\\/loop-biotech.com\\\/wp-content\\\/uploads\\\/2025\\\/03\\\/LOOP_COCOON.png\",\"contentUrl\":\"https:\\\/\\\/loop-biotech.com\\\/wp-content\\\/uploads\\\/2025\\\/03\\\/LOOP_COCOON.png\",\"width\":953,\"height\":1079},{\"@type\":\"BreadcrumbList\",\"@id\":\"https:\\\/\\\/loop-biotech.com\\\/es\\\/producto\\\/living-cocoon\\\/#breadcrumb\",\"itemListElement\":[{\"@type\":\"ListItem\",\"position\":1,\"name\":\"Inicio\",\"item\":\"https:\\\/\\\/loop-biotech.com\\\/es\\\/\"},{\"@type\":\"ListItem\",\"position\":2,\"name\":\"Tienda\",\"item\":\"https:\\\/\\\/loop-biotech.com\\\/es\\\/tienda\\\/\"},{\"@type\":\"ListItem\",\"position\":3,\"name\":\"Loop Living Cocoon\u2122\"}]},{\"@type\":\"WebSite\",\"@id\":\"https:\\\/\\\/loop-biotech.com\\\/es\\\/#website\",\"url\":\"https:\\\/\\\/loop-biotech.com\\\/es\\\/\",\"name\":\"Loop Biotech\",\"description\":\"Enriquezcamos la Naturaleza\",\"potentialAction\":[{\"@type\":\"SearchAction\",\"target\":{\"@type\":\"EntryPoint\",\"urlTemplate\":\"https:\\\/\\\/loop-biotech.com\\\/es\\\/?s={search_term_string}\"},\"query-input\":{\"@type\":\"PropertyValueSpecification\",\"valueRequired\":true,\"valueName\":\"search_term_string\"}}],\"inLanguage\":\"es\"}]}<\/script>\n<!-- \/ Yoast SEO plugin. -->","yoast_head_json":{"title":"Loop Living Cocoon\u2122 - Loop Biotech","robots":{"index":"index","follow":"follow","max-snippet":"max-snippet:-1","max-image-preview":"max-image-preview:large","max-video-preview":"max-video-preview:-1"},"canonical":"https:\/\/loop-biotech.com\/es\/producto\/living-cocoon\/","og_locale":"es_ES","og_type":"article","og_title":"Loop Living Cocoon\u2122 - Loop Biotech","og_description":"El Loop Living Cocoon\u2122 es el primer ata\u00fad del mundo hecho con setas. Cultivado en solo 7 d\u00edas a partir de setas locales y fibras de c\u00e1\u00f1amo recicladas, vuelve completamente a la tierra en 45 d\u00edas, enriqueciendo la naturaleza de la forma m\u00e1s natural. Forrado con un suave lecho de musgo (con otros forros naturales disponibles) y disponible en color \"Calm\" o \"Wild\". Certificado para enterramiento natural, enterramiento tradicional e incineraci\u00f3n. Una elecci\u00f3n sentida para quienes desean devolver algo a la naturaleza y dejar un mundo mejor a las generaciones venideras.","og_url":"https:\/\/loop-biotech.com\/es\/producto\/living-cocoon\/","og_site_name":"Loop Biotech","article_modified_time":"2026-03-17T15:31:59+00:00","og_image":[{"width":904,"height":1024,"url":"https:\/\/loop-biotech.com\/wp-content\/uploads\/2025\/03\/LOOP_COCOON-904x1024.png","type":"image\/png"}],"twitter_card":"summary_large_image","twitter_misc":{"Tiempo de lectura":"1 minuto"},"schema":{"@context":"https:\/\/schema.org","@graph":[{"@type":"WebPage","@id":"https:\/\/loop-biotech.com\/es\/producto\/living-cocoon\/","url":"https:\/\/loop-biotech.com\/es\/producto\/living-cocoon\/","name":"Loop Living Cocoon\u2122 - Loop Biotech","isPartOf":{"@id":"https:\/\/loop-biotech.com\/es\/#website"},"primaryImageOfPage":{"@id":"https:\/\/loop-biotech.com\/es\/producto\/living-cocoon\/#primaryimage"},"image":{"@id":"https:\/\/loop-biotech.com\/es\/producto\/living-cocoon\/#primaryimage"},"thumbnailUrl":"https:\/\/loop-biotech.com\/wp-content\/uploads\/2025\/03\/LOOP_COCOON.png","datePublished":"2025-03-10T14:45:55+00:00","dateModified":"2026-03-17T15:31:59+00:00","breadcrumb":{"@id":"https:\/\/loop-biotech.com\/es\/producto\/living-cocoon\/#breadcrumb"},"inLanguage":"es","potentialAction":[{"@type":"ReadAction","target":["https:\/\/loop-biotech.com\/es\/producto\/living-cocoon\/"]}]},{"@type":"ImageObject","inLanguage":"es","@id":"https:\/\/loop-biotech.com\/es\/producto\/living-cocoon\/#primaryimage","url":"https:\/\/loop-biotech.com\/wp-content\/uploads\/2025\/03\/LOOP_COCOON.png","contentUrl":"https:\/\/loop-biotech.com\/wp-content\/uploads\/2025\/03\/LOOP_COCOON.png","width":953,"height":1079},{"@type":"BreadcrumbList","@id":"https:\/\/loop-biotech.com\/es\/producto\/living-cocoon\/#breadcrumb","itemListElement":[{"@type":"ListItem","position":1,"name":"Inicio","item":"https:\/\/loop-biotech.com\/es\/"},{"@type":"ListItem","position":2,"name":"Tienda","item":"https:\/\/loop-biotech.com\/es\/tienda\/"},{"@type":"ListItem","position":3,"name":"Loop Living Cocoon\u2122"}]},{"@type":"WebSite","@id":"https:\/\/loop-biotech.com\/es\/#website","url":"https:\/\/loop-biotech.com\/es\/","name":"Loop Biotech","description":"Enriquezcamos la Naturaleza","potentialAction":[{"@type":"SearchAction","target":{"@type":"EntryPoint","urlTemplate":"https:\/\/loop-biotech.com\/es\/?s={search_term_string}"},"query-input":{"@type":"PropertyValueSpecification","valueRequired":true,"valueName":"search_term_string"}}],"inLanguage":"es"}]}},"_links":{"self":[{"href":"https:\/\/loop-biotech.com\/es\/wp-json\/wp\/v2\/product\/19389","targetHints":{"allow":["GET"]}}],"collection":[{"href":"https:\/\/loop-biotech.com\/es\/wp-json\/wp\/v2\/product"}],"about":[{"href":"https:\/\/loop-biotech.com\/es\/wp-json\/wp\/v2\/types\/product"}],"wp:featuredmedia":[{"embeddable":true,"href":"https:\/\/loop-biotech.com\/es\/wp-json\/wp\/v2\/media\/15440"}],"wp:attachment":[{"href":"https:\/\/loop-biotech.com\/es\/wp-json\/wp\/v2\/media?parent=19389"}],"wp:term":[{"taxonomy":"product_brand","embeddable":true,"href":"https:\/\/loop-biotech.com\/es\/wp-json\/wp\/v2\/product_brand?post=19389"},{"taxonomy":"product_cat","embeddable":true,"href":"https:\/\/loop-biotech.com\/es\/wp-json\/wp\/v2\/product_cat?post=19389"},{"taxonomy":"product_tag","embeddable":true,"href":"https:\/\/loop-biotech.com\/es\/wp-json\/wp\/v2\/product_tag?post=19389"}],"curies":[{"name":"wp","href":"https:\/\/api.w.org\/{rel}","templated":true}]}}