{"id":19463,"date":"2025-05-30T14:24:08","date_gmt":"2025-05-30T12:24:08","guid":{"rendered":"https:\/\/loop-biotech.com\/product\/vale-loop\/"},"modified":"2025-11-04T15:38:29","modified_gmt":"2025-11-04T14:38:29","slug":"vale","status":"publish","type":"product","link":"https:\/\/loop-biotech.com\/es\/producto\/vale\/","title":{"rendered":"Vale Loop"},"content":{"rendered":"<p>Reserve un Loop Living Cocoon\u2122 o un Loop ForestBed\u2122 para m\u00e1s adelante con el Vale Loop. Asegure su elecci\u00f3n, alivie a sus seres queridos y deje el mundo como un lugar mejor para las generaciones futuras.<\/p>\n","protected":false},"excerpt":{"rendered":"<p>Asegure su elecci\u00f3n, alivie a sus seres queridos y deje al mundo un lugar mejor para las generaciones futuras. Planifique con antelaci\u00f3n y reserve un Loop Living Cocoon\u2122 o ForestBed\u2122 para m\u00e1s adelante con el Bono Loop. Tanto si lo necesita en 1 a\u00f1o como en 30, estar\u00e1 oficialmente registrado, y coordinaremos todo con sus seres queridos y la empresa funeraria, para que su legado natural est\u00e9 totalmente cuidado.<\/p>\n","protected":false},"featured_media":15946,"template":"","meta":{"_acf_changed":false},"product_brand":[],"product_cat":[229,235],"product_tag":[310],"class_list":{"0":"post-19463","1":"product","2":"type-product","3":"status-publish","4":"has-post-thumbnail","6":"product_cat-loop-forestbed-es","7":"product_cat-loop-living-cocoon-es","8":"product_tag-vale","9":"product_shipping_class-brievenbuspakket-es","11":"first","12":"instock","13":"taxable","14":"shipping-taxable","15":"purchasable","16":"product-type-variable","17":"has-default-attributes"},"acf":[],"yoast_head":"<!-- This site is optimized with the Yoast SEO plugin v27.3 - https:\/\/yoast.com\/product\/yoast-seo-wordpress\/ -->\n<title>Vale Loop - Loop Biotech<\/title>\n<meta name=\"robots\" content=\"index, follow, max-snippet:-1, max-image-preview:large, max-video-preview:-1\" \/>\n<link rel=\"canonical\" href=\"https:\/\/loop-biotech.com\/es\/producto\/vale\/\" \/>\n<meta property=\"og:locale\" content=\"es_ES\" \/>\n<meta property=\"og:type\" content=\"article\" \/>\n<meta property=\"og:title\" content=\"Vale Loop - Loop Biotech\" \/>\n<meta property=\"og:description\" content=\"Asegure su elecci\u00f3n, alivie a sus seres queridos y deje al mundo un lugar mejor para las generaciones futuras. Planifique con antelaci\u00f3n y reserve un Loop Living Cocoon\u2122 o ForestBed\u2122 para m\u00e1s adelante con el Bono Loop. Tanto si lo necesita en 1 a\u00f1o como en 30, estar\u00e1 oficialmente registrado, y coordinaremos todo con sus seres queridos y la empresa funeraria, para que su legado natural est\u00e9 totalmente cuidado.\" \/>\n<meta property=\"og:url\" content=\"https:\/\/loop-biotech.com\/es\/producto\/vale\/\" \/>\n<meta property=\"og:site_name\" content=\"Loop Biotech\" \/>\n<meta property=\"article:modified_time\" content=\"2025-11-04T14:38:29+00:00\" \/>\n<meta property=\"og:image\" content=\"https:\/\/loop-biotech.com\/wp-content\/uploads\/2025\/05\/voucher.png\" \/>\n\t<meta property=\"og:image:width\" content=\"1077\" \/>\n\t<meta property=\"og:image:height\" content=\"683\" \/>\n\t<meta property=\"og:image:type\" content=\"image\/png\" \/>\n<meta name=\"twitter:card\" content=\"summary_large_image\" \/>\n<meta name=\"twitter:label1\" content=\"Tiempo de lectura\" \/>\n\t<meta name=\"twitter:data1\" content=\"1 minuto\" \/>\n<script type=\"application\/ld+json\" class=\"yoast-schema-graph\">{\"@context\":\"https:\\\/\\\/schema.org\",\"@graph\":[{\"@type\":\"WebPage\",\"@id\":\"https:\\\/\\\/loop-biotech.com\\\/es\\\/producto\\\/vale\\\/\",\"url\":\"https:\\\/\\\/loop-biotech.com\\\/es\\\/producto\\\/vale\\\/\",\"name\":\"Vale Loop - Loop Biotech\",\"isPartOf\":{\"@id\":\"https:\\\/\\\/loop-biotech.com\\\/es\\\/#website\"},\"primaryImageOfPage\":{\"@id\":\"https:\\\/\\\/loop-biotech.com\\\/es\\\/producto\\\/vale\\\/#primaryimage\"},\"image\":{\"@id\":\"https:\\\/\\\/loop-biotech.com\\\/es\\\/producto\\\/vale\\\/#primaryimage\"},\"thumbnailUrl\":\"https:\\\/\\\/loop-biotech.com\\\/wp-content\\\/uploads\\\/2025\\\/05\\\/voucher.png\",\"datePublished\":\"2025-05-30T12:24:08+00:00\",\"dateModified\":\"2025-11-04T14:38:29+00:00\",\"breadcrumb\":{\"@id\":\"https:\\\/\\\/loop-biotech.com\\\/es\\\/producto\\\/vale\\\/#breadcrumb\"},\"inLanguage\":\"es\",\"potentialAction\":[{\"@type\":\"ReadAction\",\"target\":[\"https:\\\/\\\/loop-biotech.com\\\/es\\\/producto\\\/vale\\\/\"]}]},{\"@type\":\"ImageObject\",\"inLanguage\":\"es\",\"@id\":\"https:\\\/\\\/loop-biotech.com\\\/es\\\/producto\\\/vale\\\/#primaryimage\",\"url\":\"https:\\\/\\\/loop-biotech.com\\\/wp-content\\\/uploads\\\/2025\\\/05\\\/voucher.png\",\"contentUrl\":\"https:\\\/\\\/loop-biotech.com\\\/wp-content\\\/uploads\\\/2025\\\/05\\\/voucher.png\",\"width\":1077,\"height\":683},{\"@type\":\"BreadcrumbList\",\"@id\":\"https:\\\/\\\/loop-biotech.com\\\/es\\\/producto\\\/vale\\\/#breadcrumb\",\"itemListElement\":[{\"@type\":\"ListItem\",\"position\":1,\"name\":\"Inicio\",\"item\":\"https:\\\/\\\/loop-biotech.com\\\/es\\\/\"},{\"@type\":\"ListItem\",\"position\":2,\"name\":\"Tienda\",\"item\":\"https:\\\/\\\/loop-biotech.com\\\/es\\\/tienda\\\/\"},{\"@type\":\"ListItem\",\"position\":3,\"name\":\"Vale Loop\"}]},{\"@type\":\"WebSite\",\"@id\":\"https:\\\/\\\/loop-biotech.com\\\/es\\\/#website\",\"url\":\"https:\\\/\\\/loop-biotech.com\\\/es\\\/\",\"name\":\"Loop Biotech\",\"description\":\"Enriquezcamos la Naturaleza\",\"potentialAction\":[{\"@type\":\"SearchAction\",\"target\":{\"@type\":\"EntryPoint\",\"urlTemplate\":\"https:\\\/\\\/loop-biotech.com\\\/es\\\/?s={search_term_string}\"},\"query-input\":{\"@type\":\"PropertyValueSpecification\",\"valueRequired\":true,\"valueName\":\"search_term_string\"}}],\"inLanguage\":\"es\"}]}<\/script>\n<!-- \/ Yoast SEO plugin. -->","yoast_head_json":{"title":"Vale Loop - Loop Biotech","robots":{"index":"index","follow":"follow","max-snippet":"max-snippet:-1","max-image-preview":"max-image-preview:large","max-video-preview":"max-video-preview:-1"},"canonical":"https:\/\/loop-biotech.com\/es\/producto\/vale\/","og_locale":"es_ES","og_type":"article","og_title":"Vale Loop - Loop Biotech","og_description":"Asegure su elecci\u00f3n, alivie a sus seres queridos y deje al mundo un lugar mejor para las generaciones futuras. Planifique con antelaci\u00f3n y reserve un Loop Living Cocoon\u2122 o ForestBed\u2122 para m\u00e1s adelante con el Bono Loop. Tanto si lo necesita en 1 a\u00f1o como en 30, estar\u00e1 oficialmente registrado, y coordinaremos todo con sus seres queridos y la empresa funeraria, para que su legado natural est\u00e9 totalmente cuidado.","og_url":"https:\/\/loop-biotech.com\/es\/producto\/vale\/","og_site_name":"Loop Biotech","article_modified_time":"2025-11-04T14:38:29+00:00","og_image":[{"width":1077,"height":683,"url":"https:\/\/loop-biotech.com\/wp-content\/uploads\/2025\/05\/voucher.png","type":"image\/png"}],"twitter_card":"summary_large_image","twitter_misc":{"Tiempo de lectura":"1 minuto"},"schema":{"@context":"https:\/\/schema.org","@graph":[{"@type":"WebPage","@id":"https:\/\/loop-biotech.com\/es\/producto\/vale\/","url":"https:\/\/loop-biotech.com\/es\/producto\/vale\/","name":"Vale Loop - Loop Biotech","isPartOf":{"@id":"https:\/\/loop-biotech.com\/es\/#website"},"primaryImageOfPage":{"@id":"https:\/\/loop-biotech.com\/es\/producto\/vale\/#primaryimage"},"image":{"@id":"https:\/\/loop-biotech.com\/es\/producto\/vale\/#primaryimage"},"thumbnailUrl":"https:\/\/loop-biotech.com\/wp-content\/uploads\/2025\/05\/voucher.png","datePublished":"2025-05-30T12:24:08+00:00","dateModified":"2025-11-04T14:38:29+00:00","breadcrumb":{"@id":"https:\/\/loop-biotech.com\/es\/producto\/vale\/#breadcrumb"},"inLanguage":"es","potentialAction":[{"@type":"ReadAction","target":["https:\/\/loop-biotech.com\/es\/producto\/vale\/"]}]},{"@type":"ImageObject","inLanguage":"es","@id":"https:\/\/loop-biotech.com\/es\/producto\/vale\/#primaryimage","url":"https:\/\/loop-biotech.com\/wp-content\/uploads\/2025\/05\/voucher.png","contentUrl":"https:\/\/loop-biotech.com\/wp-content\/uploads\/2025\/05\/voucher.png","width":1077,"height":683},{"@type":"BreadcrumbList","@id":"https:\/\/loop-biotech.com\/es\/producto\/vale\/#breadcrumb","itemListElement":[{"@type":"ListItem","position":1,"name":"Inicio","item":"https:\/\/loop-biotech.com\/es\/"},{"@type":"ListItem","position":2,"name":"Tienda","item":"https:\/\/loop-biotech.com\/es\/tienda\/"},{"@type":"ListItem","position":3,"name":"Vale Loop"}]},{"@type":"WebSite","@id":"https:\/\/loop-biotech.com\/es\/#website","url":"https:\/\/loop-biotech.com\/es\/","name":"Loop Biotech","description":"Enriquezcamos la Naturaleza","potentialAction":[{"@type":"SearchAction","target":{"@type":"EntryPoint","urlTemplate":"https:\/\/loop-biotech.com\/es\/?s={search_term_string}"},"query-input":{"@type":"PropertyValueSpecification","valueRequired":true,"valueName":"search_term_string"}}],"inLanguage":"es"}]}},"_links":{"self":[{"href":"https:\/\/loop-biotech.com\/es\/wp-json\/wp\/v2\/product\/19463","targetHints":{"allow":["GET"]}}],"collection":[{"href":"https:\/\/loop-biotech.com\/es\/wp-json\/wp\/v2\/product"}],"about":[{"href":"https:\/\/loop-biotech.com\/es\/wp-json\/wp\/v2\/types\/product"}],"wp:featuredmedia":[{"embeddable":true,"href":"https:\/\/loop-biotech.com\/es\/wp-json\/wp\/v2\/media\/15946"}],"wp:attachment":[{"href":"https:\/\/loop-biotech.com\/es\/wp-json\/wp\/v2\/media?parent=19463"}],"wp:term":[{"taxonomy":"product_brand","embeddable":true,"href":"https:\/\/loop-biotech.com\/es\/wp-json\/wp\/v2\/product_brand?post=19463"},{"taxonomy":"product_cat","embeddable":true,"href":"https:\/\/loop-biotech.com\/es\/wp-json\/wp\/v2\/product_cat?post=19463"},{"taxonomy":"product_tag","embeddable":true,"href":"https:\/\/loop-biotech.com\/es\/wp-json\/wp\/v2\/product_tag?post=19463"}],"curies":[{"name":"wp","href":"https:\/\/api.w.org\/{rel}","templated":true}]}}