{"id":30546,"date":"2026-04-06T15:19:16","date_gmt":"2026-04-06T13:19:16","guid":{"rendered":"https:\/\/loop-biotech.com\/?post_type=product&#038;p=30546"},"modified":"2026-05-05T11:49:01","modified_gmt":"2026-05-05T09:49:01","slug":"loop-little-cocoon","status":"publish","type":"product","link":"https:\/\/loop-biotech.com\/es\/producto\/loop-little-cocoon\/","title":{"rendered":"Loop Little Cocoon\u2122"},"content":{"rendered":"<p class=\"p2\">Por las vidas m\u00e1s peque\u00f1as, sostenidas con el mayor amor.<\/p>\n<p class=\"p2\">En momentos que llegan demasiado pronto, hay una necesidad silenciosa de mantenerlos cerca, aunque s\u00f3lo sea por un rato.<\/p>\n<p class=\"p2\">El Loop Little Cocoon\u2122 se ha creado para los beb\u00e9s que nacen muertos o que fallecen poco despu\u00e9s de nacer. Un capullo suave, c\u00e1lido y natural que permite a los padres abrazar a su hijo y despedirse a su manera. <\/p>\n<p class=\"p2\">Cultivada a partir de setas y fibras de c\u00e1\u00f1amo recicladas, vuelve suavemente a la tierra. En su interior, un suave lecho de musgo o lana crea un lugar tranquilo y reconfortante para descansar. <\/p>\n<p class=\"p2\">Apto para enterramiento natural, enterramiento tradicional e incineraci\u00f3n.<\/p>\n","protected":false},"excerpt":{"rendered":"<p class=\"p2\">Por las vidas m\u00e1s peque\u00f1as, sostenidas con el mayor amor.<\/p>\n<p class=\"p2\">En momentos que llegan demasiado pronto, hay una necesidad silenciosa de mantenerlos cerca, aunque s\u00f3lo sea por un rato.<\/p>\n<p class=\"p2\">El Loop Little Cocoon\u2122 se ha creado para los beb\u00e9s que nacen muertos o que fallecen poco despu\u00e9s de nacer. Un capullo suave, c\u00e1lido y natural que permite a los padres abrazar a su hijo y despedirse a su manera. <\/p>\n<p class=\"p2\">Cultivada a partir de setas y fibras de c\u00e1\u00f1amo recicladas, vuelve suavemente a la tierra. En su interior, un suave lecho de musgo o lana crea un lugar tranquilo y reconfortante para descansar. <\/p>\n<p class=\"p2\">Apto para enterramiento natural, enterramiento tradicional e incineraci\u00f3n.<\/p>\n","protected":false},"featured_media":31008,"template":"","meta":{"_acf_changed":false},"product_brand":[],"product_cat":[426],"product_tag":[],"class_list":{"0":"post-30546","1":"product","2":"type-product","3":"status-publish","4":"has-post-thumbnail","6":"product_cat-loop-little-cocoon","7":"product_shipping_class-paleta","9":"first","10":"instock","11":"taxable","12":"shipping-taxable","13":"purchasable","14":"product-type-variable","15":"has-default-attributes"},"acf":[],"yoast_head":"<!-- This site is optimized with the Yoast SEO plugin v27.5 - https:\/\/yoast.com\/product\/yoast-seo-wordpress\/ -->\n<title>Loop Little Cocoon\u2122 - Loop Biotech<\/title>\n<meta name=\"robots\" content=\"index, follow, max-snippet:-1, max-image-preview:large, max-video-preview:-1\" \/>\n<link rel=\"canonical\" href=\"https:\/\/loop-biotech.com\/es\/producto\/loop-little-cocoon\/\" \/>\n<meta property=\"og:locale\" content=\"es_ES\" \/>\n<meta property=\"og:type\" content=\"article\" \/>\n<meta property=\"og:title\" content=\"Loop Little Cocoon\u2122 - Loop Biotech\" \/>\n<meta property=\"og:description\" content=\"Por las vidas m\u00e1s peque\u00f1as, sostenidas con el mayor amor. En momentos que llegan demasiado pronto, hay una necesidad silenciosa de mantenerlos cerca, aunque s\u00f3lo sea por un rato. El Loop Little Cocoon\u2122 se ha creado para los beb\u00e9s que nacen muertos o que fallecen poco despu\u00e9s de nacer. Un capullo suave, c\u00e1lido y natural que permite a los padres abrazar a su hijo y despedirse a su manera. Cultivada a partir de setas y fibras de c\u00e1\u00f1amo recicladas, vuelve suavemente a la tierra. En su interior, un suave lecho de musgo o lana crea un lugar tranquilo y reconfortante para descansar. Apto para enterramiento natural, enterramiento tradicional e incineraci\u00f3n.\" \/>\n<meta property=\"og:url\" content=\"https:\/\/loop-biotech.com\/es\/producto\/loop-little-cocoon\/\" \/>\n<meta property=\"og:site_name\" content=\"Loop Biotech\" \/>\n<meta property=\"article:modified_time\" content=\"2026-05-05T09:49:01+00:00\" \/>\n<meta property=\"og:image\" content=\"https:\/\/loop-biotech.com\/wp-content\/uploads\/2026\/04\/1.-2026_04_27_Moederdag-Campagne_Cocoon-8_V2-scaled.jpg\" \/>\n\t<meta property=\"og:image:width\" content=\"2560\" \/>\n\t<meta property=\"og:image:height\" content=\"1707\" \/>\n\t<meta property=\"og:image:type\" content=\"image\/jpeg\" \/>\n<meta name=\"twitter:card\" content=\"summary_large_image\" \/>\n<meta name=\"twitter:label1\" content=\"Tiempo de lectura\" \/>\n\t<meta name=\"twitter:data1\" content=\"1 minuto\" \/>\n<script type=\"application\/ld+json\" class=\"yoast-schema-graph\">{\"@context\":\"https:\\\/\\\/schema.org\",\"@graph\":[{\"@type\":\"WebPage\",\"@id\":\"https:\\\/\\\/loop-biotech.com\\\/es\\\/producto\\\/loop-little-cocoon\\\/\",\"url\":\"https:\\\/\\\/loop-biotech.com\\\/es\\\/producto\\\/loop-little-cocoon\\\/\",\"name\":\"Loop Little Cocoon\u2122 - Loop Biotech\",\"isPartOf\":{\"@id\":\"https:\\\/\\\/loop-biotech.com\\\/es\\\/#website\"},\"primaryImageOfPage\":{\"@id\":\"https:\\\/\\\/loop-biotech.com\\\/es\\\/producto\\\/loop-little-cocoon\\\/#primaryimage\"},\"image\":{\"@id\":\"https:\\\/\\\/loop-biotech.com\\\/es\\\/producto\\\/loop-little-cocoon\\\/#primaryimage\"},\"thumbnailUrl\":\"https:\\\/\\\/loop-biotech.com\\\/wp-content\\\/uploads\\\/2026\\\/04\\\/1.-2026_04_27_Moederdag-Campagne_Cocoon-8_V2-scaled.jpg\",\"datePublished\":\"2026-04-06T13:19:16+00:00\",\"dateModified\":\"2026-05-05T09:49:01+00:00\",\"breadcrumb\":{\"@id\":\"https:\\\/\\\/loop-biotech.com\\\/es\\\/producto\\\/loop-little-cocoon\\\/#breadcrumb\"},\"inLanguage\":\"es\",\"potentialAction\":[{\"@type\":\"ReadAction\",\"target\":[\"https:\\\/\\\/loop-biotech.com\\\/es\\\/producto\\\/loop-little-cocoon\\\/\"]}]},{\"@type\":\"ImageObject\",\"inLanguage\":\"es\",\"@id\":\"https:\\\/\\\/loop-biotech.com\\\/es\\\/producto\\\/loop-little-cocoon\\\/#primaryimage\",\"url\":\"https:\\\/\\\/loop-biotech.com\\\/wp-content\\\/uploads\\\/2026\\\/04\\\/1.-2026_04_27_Moederdag-Campagne_Cocoon-8_V2-scaled.jpg\",\"contentUrl\":\"https:\\\/\\\/loop-biotech.com\\\/wp-content\\\/uploads\\\/2026\\\/04\\\/1.-2026_04_27_Moederdag-Campagne_Cocoon-8_V2-scaled.jpg\",\"width\":2560,\"height\":1707},{\"@type\":\"BreadcrumbList\",\"@id\":\"https:\\\/\\\/loop-biotech.com\\\/es\\\/producto\\\/loop-little-cocoon\\\/#breadcrumb\",\"itemListElement\":[{\"@type\":\"ListItem\",\"position\":1,\"name\":\"Inicio\",\"item\":\"https:\\\/\\\/loop-biotech.com\\\/es\\\/\"},{\"@type\":\"ListItem\",\"position\":2,\"name\":\"Tienda\",\"item\":\"https:\\\/\\\/loop-biotech.com\\\/es\\\/tienda\\\/\"},{\"@type\":\"ListItem\",\"position\":3,\"name\":\"Loop Little Cocoon\u2122\"}]},{\"@type\":\"WebSite\",\"@id\":\"https:\\\/\\\/loop-biotech.com\\\/es\\\/#website\",\"url\":\"https:\\\/\\\/loop-biotech.com\\\/es\\\/\",\"name\":\"Loop Biotech\",\"description\":\"Enriquezcamos la Naturaleza\",\"potentialAction\":[{\"@type\":\"SearchAction\",\"target\":{\"@type\":\"EntryPoint\",\"urlTemplate\":\"https:\\\/\\\/loop-biotech.com\\\/es\\\/?s={search_term_string}\"},\"query-input\":{\"@type\":\"PropertyValueSpecification\",\"valueRequired\":true,\"valueName\":\"search_term_string\"}}],\"inLanguage\":\"es\"}]}<\/script>\n<!-- \/ Yoast SEO plugin. -->","yoast_head_json":{"title":"Loop Little Cocoon\u2122 - Loop Biotech","robots":{"index":"index","follow":"follow","max-snippet":"max-snippet:-1","max-image-preview":"max-image-preview:large","max-video-preview":"max-video-preview:-1"},"canonical":"https:\/\/loop-biotech.com\/es\/producto\/loop-little-cocoon\/","og_locale":"es_ES","og_type":"article","og_title":"Loop Little Cocoon\u2122 - Loop Biotech","og_description":"Por las vidas m\u00e1s peque\u00f1as, sostenidas con el mayor amor. En momentos que llegan demasiado pronto, hay una necesidad silenciosa de mantenerlos cerca, aunque s\u00f3lo sea por un rato. El Loop Little Cocoon\u2122 se ha creado para los beb\u00e9s que nacen muertos o que fallecen poco despu\u00e9s de nacer. Un capullo suave, c\u00e1lido y natural que permite a los padres abrazar a su hijo y despedirse a su manera. Cultivada a partir de setas y fibras de c\u00e1\u00f1amo recicladas, vuelve suavemente a la tierra. En su interior, un suave lecho de musgo o lana crea un lugar tranquilo y reconfortante para descansar. Apto para enterramiento natural, enterramiento tradicional e incineraci\u00f3n.","og_url":"https:\/\/loop-biotech.com\/es\/producto\/loop-little-cocoon\/","og_site_name":"Loop Biotech","article_modified_time":"2026-05-05T09:49:01+00:00","og_image":[{"width":2560,"height":1707,"url":"https:\/\/loop-biotech.com\/wp-content\/uploads\/2026\/04\/1.-2026_04_27_Moederdag-Campagne_Cocoon-8_V2-scaled.jpg","type":"image\/jpeg"}],"twitter_card":"summary_large_image","twitter_misc":{"Tiempo de lectura":"1 minuto"},"schema":{"@context":"https:\/\/schema.org","@graph":[{"@type":"WebPage","@id":"https:\/\/loop-biotech.com\/es\/producto\/loop-little-cocoon\/","url":"https:\/\/loop-biotech.com\/es\/producto\/loop-little-cocoon\/","name":"Loop Little Cocoon\u2122 - Loop Biotech","isPartOf":{"@id":"https:\/\/loop-biotech.com\/es\/#website"},"primaryImageOfPage":{"@id":"https:\/\/loop-biotech.com\/es\/producto\/loop-little-cocoon\/#primaryimage"},"image":{"@id":"https:\/\/loop-biotech.com\/es\/producto\/loop-little-cocoon\/#primaryimage"},"thumbnailUrl":"https:\/\/loop-biotech.com\/wp-content\/uploads\/2026\/04\/1.-2026_04_27_Moederdag-Campagne_Cocoon-8_V2-scaled.jpg","datePublished":"2026-04-06T13:19:16+00:00","dateModified":"2026-05-05T09:49:01+00:00","breadcrumb":{"@id":"https:\/\/loop-biotech.com\/es\/producto\/loop-little-cocoon\/#breadcrumb"},"inLanguage":"es","potentialAction":[{"@type":"ReadAction","target":["https:\/\/loop-biotech.com\/es\/producto\/loop-little-cocoon\/"]}]},{"@type":"ImageObject","inLanguage":"es","@id":"https:\/\/loop-biotech.com\/es\/producto\/loop-little-cocoon\/#primaryimage","url":"https:\/\/loop-biotech.com\/wp-content\/uploads\/2026\/04\/1.-2026_04_27_Moederdag-Campagne_Cocoon-8_V2-scaled.jpg","contentUrl":"https:\/\/loop-biotech.com\/wp-content\/uploads\/2026\/04\/1.-2026_04_27_Moederdag-Campagne_Cocoon-8_V2-scaled.jpg","width":2560,"height":1707},{"@type":"BreadcrumbList","@id":"https:\/\/loop-biotech.com\/es\/producto\/loop-little-cocoon\/#breadcrumb","itemListElement":[{"@type":"ListItem","position":1,"name":"Inicio","item":"https:\/\/loop-biotech.com\/es\/"},{"@type":"ListItem","position":2,"name":"Tienda","item":"https:\/\/loop-biotech.com\/es\/tienda\/"},{"@type":"ListItem","position":3,"name":"Loop Little Cocoon\u2122"}]},{"@type":"WebSite","@id":"https:\/\/loop-biotech.com\/es\/#website","url":"https:\/\/loop-biotech.com\/es\/","name":"Loop Biotech","description":"Enriquezcamos la Naturaleza","potentialAction":[{"@type":"SearchAction","target":{"@type":"EntryPoint","urlTemplate":"https:\/\/loop-biotech.com\/es\/?s={search_term_string}"},"query-input":{"@type":"PropertyValueSpecification","valueRequired":true,"valueName":"search_term_string"}}],"inLanguage":"es"}]}},"_links":{"self":[{"href":"https:\/\/loop-biotech.com\/es\/wp-json\/wp\/v2\/product\/30546","targetHints":{"allow":["GET"]}}],"collection":[{"href":"https:\/\/loop-biotech.com\/es\/wp-json\/wp\/v2\/product"}],"about":[{"href":"https:\/\/loop-biotech.com\/es\/wp-json\/wp\/v2\/types\/product"}],"wp:featuredmedia":[{"embeddable":true,"href":"https:\/\/loop-biotech.com\/es\/wp-json\/wp\/v2\/media\/31008"}],"wp:attachment":[{"href":"https:\/\/loop-biotech.com\/es\/wp-json\/wp\/v2\/media?parent=30546"}],"wp:term":[{"taxonomy":"product_brand","embeddable":true,"href":"https:\/\/loop-biotech.com\/es\/wp-json\/wp\/v2\/product_brand?post=30546"},{"taxonomy":"product_cat","embeddable":true,"href":"https:\/\/loop-biotech.com\/es\/wp-json\/wp\/v2\/product_cat?post=30546"},{"taxonomy":"product_tag","embeddable":true,"href":"https:\/\/loop-biotech.com\/es\/wp-json\/wp\/v2\/product_tag?post=30546"}],"curies":[{"name":"wp","href":"https:\/\/api.w.org\/{rel}","templated":true}]}}