{"id":21364,"date":"2023-04-13T13:50:57","date_gmt":"2023-04-13T11:50:57","guid":{"rendered":"https:\/\/loop-biotech.com\/privacy-policy\/"},"modified":"2025-09-08T11:21:26","modified_gmt":"2025-09-08T09:21:26","slug":"privacy-policy","status":"publish","type":"page","link":"https:\/\/loop-biotech.com\/fr\/privacy-policy\/","title":{"rendered":"Politique de confidentialit\u00e9"},"content":{"rendered":"\t\t<div data-elementor-type=\"wp-page\" data-elementor-id=\"21364\" class=\"elementor elementor-21364 elementor-3\" data-elementor-post-type=\"page\">\n\t\t\t\t\t\t<section class=\"elementor-section elementor-top-section elementor-element elementor-element-55572791 elementor-section-boxed elementor-section-height-default elementor-section-height-default\" data-id=\"55572791\" data-element_type=\"section\" data-e-type=\"section\">\n\t\t\t\t\t\t<div class=\"elementor-container elementor-column-gap-default\">\n\t\t\t\t\t<div class=\"elementor-column elementor-col-100 elementor-top-column elementor-element elementor-element-2fe0581f\" data-id=\"2fe0581f\" data-element_type=\"column\" data-e-type=\"column\">\n\t\t\t<div class=\"elementor-widget-wrap elementor-element-populated\">\n\t\t\t\t\t\t<div class=\"elementor-element elementor-element-8420325 elementor-widget elementor-widget-heading\" data-id=\"8420325\" data-element_type=\"widget\" data-e-type=\"widget\" data-widget_type=\"heading.default\">\n\t\t\t\t<div class=\"elementor-widget-container\">\n\t\t\t\t\t<h1 class=\"elementor-heading-title elementor-size-default\">Politique de confidentialit\u00e9<\/h1>\t\t\t\t<\/div>\n\t\t\t\t<\/div>\n\t\t\t\t<div class=\"elementor-element elementor-element-3c46293e elementor-widget elementor-widget-text-editor\" data-id=\"3c46293e\" data-element_type=\"widget\" data-e-type=\"widget\" data-widget_type=\"text-editor.default\">\n\t\t\t\t<div class=\"elementor-widget-container\">\n\t\t\t\t\t\t\t\t\t<p> <\/p><p><em>Derni\u00e8re mise \u00e0 jour : 28 juillet 2025<\/em><\/p><p><span style=\"font-weight: 400;\">Loop Biotech B.V., situ\u00e9 \u00e0 Vulcanusweg 279, 2624 AV Delft, Pays-Bas, est responsable de la collecte et du traitement des donn\u00e9es personnelles par le biais de ses sites Web, de ses outils de communication, de ses visites physiques d&rsquo;usine, de ses \u00e9v\u00e9nements et de toutes ses autres activit\u00e9s commerciales. Nous traitons les donn\u00e9es personnelles en stricte conformit\u00e9 avec le R\u00e8glement g\u00e9n\u00e9ral sur la protection des donn\u00e9es (RGPD), le California Consumer Privacy Act (CCPA\/CPRA) et la Loi sur la protection des renseignements personnels et les documents \u00e9lectroniques (LPRPDE) du Canada, le cas \u00e9ch\u00e9ant. Toute communication concernant cette politique doit \u00eatre soumise par \u00e9crit \u00e0 info@loop-biotech.com.  <\/span><\/p><p><span style=\"font-weight: 400;\">Lorsque vous interagissez avec nos services, par exemple en visitant notre site web, en passant une commande, en vous abonnant \u00e0 nos communications, en participant \u00e0 une visite guid\u00e9e ou en discutant avec notre \u00e9quipe lors d&rsquo;un \u00e9v\u00e9nement commercial, nous pouvons recueillir des donn\u00e9es \u00e0 caract\u00e8re personnel. Il s&rsquo;agit de votre nom, du nom de votre soci\u00e9t\u00e9, de votre adresse \u00e9lectronique, de votre num\u00e9ro de t\u00e9l\u00e9phone, de votre adresse de facturation et de livraison, de vos donn\u00e9es de paiement et de donn\u00e9es techniques telles que votre adresse IP, votre type de navigateur, les informations relatives \u00e0 votre appareil et vos habitudes de navigation. Nous ne collectons pas d&rsquo;informations personnelles sensibles telles que des donn\u00e9es relatives \u00e0 la sant\u00e9, \u00e0 la religion ou \u00e0 l&rsquo;appartenance ethnique, et toute donn\u00e9e de ce type re\u00e7ue involontairement sera imm\u00e9diatement supprim\u00e9e.  <\/span><\/p><p><span style=\"font-weight: 400;\">En outre, lorsque vous visitez notre site de production ou participez \u00e0 des \u00e9v\u00e9nements organis\u00e9s par l&rsquo;entreprise ou \u00e0 des visites guid\u00e9es, vous pouvez \u00eatre photographi\u00e9 ou film\u00e9. Ces images ou enregistrements peuvent \u00eatre utilis\u00e9s par Loop Biotech \u00e0 des fins de documentation interne, de formation et de communication externe, notamment pour des supports marketing, des m\u00e9dias sociaux, des sites web, des brochures imprim\u00e9es, des documents de presse ou des pr\u00e9sentations. Les personnes ne seront pas nomm\u00e9es, \u00e9tiquet\u00e9es ou identifi\u00e9es d&rsquo;une autre mani\u00e8re sans leur consentement \u00e9crit pr\u00e9alable. Si vous ne souhaitez pas appara\u00eetre dans ce type de mat\u00e9riel, il vous incombe de nous en informer par \u00e9crit avant ou pendant votre visite. Les demandes de retrait d&rsquo;images identifiables peuvent \u00eatre soumises \u00e0 tout moment \u00e0 info@loop-biotech.com.    <\/span><\/p><p><span style=\"font-weight: 400;\">Nous traitons vos donn\u00e9es personnelles \u00e0 plusieurs fins : pour ex\u00e9cuter vos commandes, traiter les paiements, fournir une assistance \u00e0 la client\u00e8le, am\u00e9liorer nos services, communiquer avec vous au sujet de votre achat et vous envoyer des documents marketing pertinents si vous avez choisi de le faire. Les donn\u00e9es sont \u00e9galement utilis\u00e9es \u00e0 des fins d&rsquo;analyse et pour s\u00e9curiser et optimiser notre plateforme. Nous n&rsquo;utilisons jamais vos donn\u00e9es personnelles \u00e0 des fins de profilage ou de prise de d\u00e9cision automatis\u00e9e ayant des cons\u00e9quences juridiques. Les bases juridiques du traitement des donn\u00e9es sont l&rsquo;ex\u00e9cution d&rsquo;un contrat, le respect d&rsquo;obligations l\u00e9gales, l&rsquo;int\u00e9r\u00eat l\u00e9gitime ou votre consentement explicite, en fonction de l&rsquo;activit\u00e9 concern\u00e9e. Si nous nous appuyons sur le consentement, vous avez le droit de le retirer \u00e0 tout moment, sans que cela n&rsquo;affecte la l\u00e9galit\u00e9 du traitement ant\u00e9rieur.    <\/span><\/p><p><span style=\"font-weight: 400;\">Nous pouvons \u00e9galement utiliser des donn\u00e9es personnelles \u00e0 des fins de marketing direct, \u00e0 la fois num\u00e9riquement et en personne. Par exemple, si vous vous inscrivez \u00e0 notre lettre d&rsquo;information, nous pouvons suivre les mesures d&rsquo;engagement telles que les taux d&rsquo;ouverture et les comportements de clics afin d&rsquo;analyser et d&rsquo;am\u00e9liorer les performances de la communication. Si vous visitez notre site web et acceptez les cookies, nous pouvons utiliser des outils de remarketing de plateformes telles que Meta, Google ou LinkedIn pour vous montrer des publicit\u00e9s pertinentes. Dans certains cas, et uniquement avec un consentement explicite, nous pouvons utiliser des donn\u00e9es de contact hach\u00e9es pour cr\u00e9er des audiences personnalis\u00e9es anonymes sur des plateformes publicitaires. Les donn\u00e9es personnelles obtenues lors de foires commerciales, par le biais de formulaires physiques, de codes QR ou de brochures peuvent \u00eatre utilis\u00e9es pour une communication de suivi si le consentement appropri\u00e9 a \u00e9t\u00e9 obtenu. \u00c0 aucun moment nous ne vendons, \u00e9changeons ou louons vos donn\u00e9es \u00e0 des tiers.     <\/span><\/p><p><span style=\"font-weight: 400;\">Nous ne conservons vos donn\u00e9es personnelles que pour la dur\u00e9e n\u00e9cessaire. Les donn\u00e9es transactionnelles relatives aux commandes et aux paiements sont conserv\u00e9es pendant sept ans au maximum, conform\u00e9ment aux exigences fiscales n\u00e9erlandaises. Les comptes d&rsquo;utilisateurs inactifs sont supprim\u00e9s apr\u00e8s 24 mois de non-utilisation. Les donn\u00e9es d&rsquo;analyse Web sont conserv\u00e9es sous forme anonyme pendant douze mois au maximum. \u00c0 l&rsquo;expiration de la p\u00e9riode de conservation applicable, les donn\u00e9es sont supprim\u00e9es ou rendues anonymes de mani\u00e8re s\u00fbre et irr\u00e9versible.    <\/span><\/p><p><span style=\"font-weight: 400;\">Vos donn\u00e9es peuvent \u00eatre partag\u00e9es avec des sous-traitants externes v\u00e9rifi\u00e9s qui soutiennent nos op\u00e9rations, tels que les prestataires de paiement, les partenaires logistiques, les services d&rsquo;h\u00e9bergement informatique, les outils d&rsquo;analyse et les plateformes de gestion de la relation client. Ces parties sont contractuellement tenues de traiter vos donn\u00e9es uniquement selon nos instructions et dans le respect total des r\u00e9glementations applicables en mati\u00e8re de protection de la vie priv\u00e9e. Tous les tiers doivent signer un accord sur le traitement des donn\u00e9es (DPA) et faire preuve de mesures de s\u00e9curit\u00e9 techniques et organisationnelles appropri\u00e9es. Lorsque nous transf\u00e9rons des donn\u00e9es en dehors de l&rsquo;Espace \u00e9conomique europ\u00e9en, y compris vers des pays tels que les \u00c9tats-Unis ou le Canada, nous le faisons uniquement lorsque des garanties juridiques sont en place, notamment des clauses contractuelles types (CCN), la participation au cadre UE-\u00c9tats-Unis de protection des donn\u00e9es \u00e0 caract\u00e8re personnel, ou des m\u00e9canismes \u00e9quivalents en vertu de la l\u00e9gislation applicable.   <\/span><\/p><p><span style=\"font-weight: 400;\">Les cookies et les technologies de suivi similaires sont utilis\u00e9s sur notre site web \u00e0 des fins de fonctionnalit\u00e9, d&rsquo;optimisation des performances et - si vous y consentez - de marketing cibl\u00e9. Une banni\u00e8re de cookies conforme est pr\u00e9sent\u00e9e lors de la premi\u00e8re visite, vous permettant d&rsquo;accepter, de rejeter ou de personnaliser les pr\u00e9f\u00e9rences. La plateforme utilise un outil de gestion du consentement certifi\u00e9 conforme \u00e0 la l\u00e9gislation europ\u00e9enne et allemande, y compris l&rsquo;article 25 de la TTDSG. Vous pouvez modifier ou retirer vos pr\u00e9f\u00e9rences en mati\u00e8re de cookies \u00e0 tout moment via les param\u00e8tres figurant dans le pied de page du site web. Pour plus de d\u00e9tails, veuillez consulter notre politique en mati\u00e8re de cookies.    <\/span><\/p><p><span style=\"font-weight: 400;\">Nous appliquons une gamme compl\u00e8te de mesures techniques et organisationnelles pour prot\u00e9ger vos donn\u00e9es. Ces mesures comprennent des serveurs europ\u00e9ens s\u00e9curis\u00e9s, le cryptage de toutes les donn\u00e9es en transit, des mots de passe hach\u00e9s, une authentification \u00e0 deux facteurs pour l&rsquo;acc\u00e8s interne, un contr\u00f4le d&rsquo;acc\u00e8s bas\u00e9 sur les r\u00f4les et des audits r\u00e9guliers du syst\u00e8me. Bien qu&rsquo;aucune plateforme en ligne ne soit jamais totalement \u00e0 l&rsquo;abri des risques, nous prenons toutes les mesures appropri\u00e9es pour att\u00e9nuer les menaces potentielles et y r\u00e9pondre.  <\/span><\/p><p><span style=\"font-weight: 400;\">Dans le cas improbable d&rsquo;une violation de donn\u00e9es \u00e0 caract\u00e8re personnel, nous suivons des protocoles internes stricts et, si n\u00e9cessaire, nous informons l&rsquo;autorit\u00e9 de contr\u00f4le comp\u00e9tente dans les 72 heures. Si la loi l&rsquo;exige, les personnes concern\u00e9es sont \u00e9galement inform\u00e9es dans les plus brefs d\u00e9lais. Tous les incidents sont document\u00e9s conform\u00e9ment aux exigences l\u00e9gales.  <\/span><\/p><p><span style=\"font-weight: 400;\">Vous avez le droit d&rsquo;acc\u00e9der \u00e0 vos donn\u00e9es, d&rsquo;en demander la correction ou l&rsquo;effacement, d&rsquo;en restreindre le traitement, de vous opposer au marketing direct, de demander la portabilit\u00e9 des donn\u00e9es ou de retirer un consentement donn\u00e9 ant\u00e9rieurement. Toutes ces demandes doivent \u00eatre soumises par \u00e9crit \u00e0 info@loop-biotech.com. Nous nous r\u00e9servons le droit de rejeter les demandes manifestement infond\u00e9es, excessives ou r\u00e9p\u00e9titives. Nous pouvons exiger une v\u00e9rification d&rsquo;identit\u00e9 avant de donner suite \u00e0 toute demande et nous r\u00e9pondrons dans les d\u00e9lais prescrits par la loi.   <\/span><\/p><p><span style=\"font-weight: 400;\">Loop Biotech ne collecte ni ne traite sciemment des donn\u00e9es concernant des personnes \u00e2g\u00e9es de moins de 16 ans. Si nous apprenons que des donn\u00e9es concernant des mineurs ont \u00e9t\u00e9 soumises, elles seront supprim\u00e9es sans d\u00e9lai. L&rsquo;utilisation de notre site web et de nos services implique la confirmation que l&rsquo;utilisateur est \u00e2g\u00e9 de 16 ans ou plus.  <\/span><\/p><p><span style=\"font-weight: 400;\">Nous nous r\u00e9servons le droit de modifier \u00e0 tout moment la pr\u00e9sente politique de protection de la vie priv\u00e9e afin de tenir compte des modifications apport\u00e9es \u00e0 la l\u00e9gislation, \u00e0 la technologie ou \u00e0 nos activit\u00e9s commerciales. La version la plus r\u00e9cente sera toujours publi\u00e9e sur notre site web. L&rsquo;utilisation continue de nos services constitue l&rsquo;acceptation de la politique actuelle.  <\/span><\/p><p><span style=\"font-weight: 400;\">La pr\u00e9sente politique de confidentialit\u00e9 est r\u00e9gie exclusivement par le droit n\u00e9erlandais. Tout litige r\u00e9sultant de son interpr\u00e9tation ou de son ex\u00e9cution sera soumis au tribunal comp\u00e9tent de La Haye, aux Pays-Bas. <\/span><\/p><p><span style=\"font-weight: 400;\">Si vous avez des questions, des pr\u00e9occupations ou des plaintes concernant la mani\u00e8re dont nous traitons les donn\u00e9es \u00e0 caract\u00e8re personnel, vous pouvez nous contacter \u00e0 l&rsquo;adresse suivante : info@loop-biotech.com.<\/span><\/p><p> <\/p>\t\t\t\t\t\t\t\t<\/div>\n\t\t\t\t<\/div>\n\t\t\t\t\t<\/div>\n\t\t<\/div>\n\t\t\t\t\t<\/div>\n\t\t<\/section>\n\t\t\t\t<\/div>\n\t\t","protected":false},"excerpt":{"rendered":"<p>Politique de confidentialit\u00e9 Derni\u00e8re mise \u00e0 jour : 28 juillet 2025 Loop Biotech B.V., situ\u00e9 \u00e0 Vulcanusweg 279, 2624 AV Delft, Pays-Bas, est responsable de la collecte et du traitement des donn\u00e9es personnelles par le biais de ses sites Web, de ses outils de communication, de ses visites physiques d&rsquo;usine, de ses \u00e9v\u00e9nements et de [&hellip;]<\/p>\n","protected":false},"author":1,"featured_media":0,"parent":0,"menu_order":16,"comment_status":"closed","ping_status":"closed","template":"","meta":{"_acf_changed":false,"footnotes":""},"class_list":["post-21364","page","type-page","status-publish","hentry"],"acf":[],"yoast_head":"<!-- This site is optimized with the Yoast SEO plugin v27.4 - https:\/\/yoast.com\/product\/yoast-seo-wordpress\/ -->\n<title>Politique de confidentialit\u00e9 - Loop Biotech<\/title>\n<meta name=\"robots\" content=\"index, follow, max-snippet:-1, max-image-preview:large, max-video-preview:-1\" \/>\n<link rel=\"canonical\" href=\"https:\/\/loop-biotech.com\/fr\/privacy-policy\/\" \/>\n<meta property=\"og:locale\" content=\"fr_FR\" \/>\n<meta property=\"og:type\" content=\"article\" \/>\n<meta property=\"og:title\" content=\"Politique de confidentialit\u00e9 - Loop Biotech\" \/>\n<meta property=\"og:description\" content=\"Politique de confidentialit\u00e9 Derni\u00e8re mise \u00e0 jour : 28 juillet 2025 Loop Biotech B.V., situ\u00e9 \u00e0 Vulcanusweg 279, 2624 AV Delft, Pays-Bas, est responsable de la collecte et du traitement des donn\u00e9es personnelles par le biais de ses sites Web, de ses outils de communication, de ses visites physiques d&rsquo;usine, de ses \u00e9v\u00e9nements et de [&hellip;]\" \/>\n<meta property=\"og:url\" content=\"https:\/\/loop-biotech.com\/fr\/privacy-policy\/\" \/>\n<meta property=\"og:site_name\" content=\"Loop Biotech\" \/>\n<meta property=\"article:modified_time\" content=\"2025-09-08T09:21:26+00:00\" \/>\n<meta name=\"twitter:card\" content=\"summary_large_image\" \/>\n<meta name=\"twitter:label1\" content=\"Dur\u00e9e de lecture estim\u00e9e\" \/>\n\t<meta name=\"twitter:data1\" content=\"8 minutes\" \/>\n<script type=\"application\/ld+json\" class=\"yoast-schema-graph\">{\"@context\":\"https:\\\/\\\/schema.org\",\"@graph\":[{\"@type\":\"WebPage\",\"@id\":\"https:\\\/\\\/loop-biotech.com\\\/fr\\\/privacy-policy\\\/\",\"url\":\"https:\\\/\\\/loop-biotech.com\\\/fr\\\/privacy-policy\\\/\",\"name\":\"Politique de confidentialit\u00e9 - Loop Biotech\",\"isPartOf\":{\"@id\":\"https:\\\/\\\/loop-biotech.com\\\/fr\\\/#website\"},\"datePublished\":\"2023-04-13T11:50:57+00:00\",\"dateModified\":\"2025-09-08T09:21:26+00:00\",\"breadcrumb\":{\"@id\":\"https:\\\/\\\/loop-biotech.com\\\/fr\\\/privacy-policy\\\/#breadcrumb\"},\"inLanguage\":\"fr-FR\",\"potentialAction\":[{\"@type\":\"ReadAction\",\"target\":[\"https:\\\/\\\/loop-biotech.com\\\/fr\\\/privacy-policy\\\/\"]}]},{\"@type\":\"BreadcrumbList\",\"@id\":\"https:\\\/\\\/loop-biotech.com\\\/fr\\\/privacy-policy\\\/#breadcrumb\",\"itemListElement\":[{\"@type\":\"ListItem\",\"position\":1,\"name\":\"Accueil\",\"item\":\"https:\\\/\\\/loop-biotech.com\\\/fr\\\/\"},{\"@type\":\"ListItem\",\"position\":2,\"name\":\"Politique de confidentialit\u00e9\"}]},{\"@type\":\"WebSite\",\"@id\":\"https:\\\/\\\/loop-biotech.com\\\/fr\\\/#website\",\"url\":\"https:\\\/\\\/loop-biotech.com\\\/fr\\\/\",\"name\":\"Loop Biotech\",\"description\":\"Enrichissons la nature\",\"potentialAction\":[{\"@type\":\"SearchAction\",\"target\":{\"@type\":\"EntryPoint\",\"urlTemplate\":\"https:\\\/\\\/loop-biotech.com\\\/fr\\\/?s={search_term_string}\"},\"query-input\":{\"@type\":\"PropertyValueSpecification\",\"valueRequired\":true,\"valueName\":\"search_term_string\"}}],\"inLanguage\":\"fr-FR\"}]}<\/script>\n<!-- \/ Yoast SEO plugin. -->","yoast_head_json":{"title":"Politique de confidentialit\u00e9 - Loop Biotech","robots":{"index":"index","follow":"follow","max-snippet":"max-snippet:-1","max-image-preview":"max-image-preview:large","max-video-preview":"max-video-preview:-1"},"canonical":"https:\/\/loop-biotech.com\/fr\/privacy-policy\/","og_locale":"fr_FR","og_type":"article","og_title":"Politique de confidentialit\u00e9 - Loop Biotech","og_description":"Politique de confidentialit\u00e9 Derni\u00e8re mise \u00e0 jour : 28 juillet 2025 Loop Biotech B.V., situ\u00e9 \u00e0 Vulcanusweg 279, 2624 AV Delft, Pays-Bas, est responsable de la collecte et du traitement des donn\u00e9es personnelles par le biais de ses sites Web, de ses outils de communication, de ses visites physiques d&rsquo;usine, de ses \u00e9v\u00e9nements et de [&hellip;]","og_url":"https:\/\/loop-biotech.com\/fr\/privacy-policy\/","og_site_name":"Loop Biotech","article_modified_time":"2025-09-08T09:21:26+00:00","twitter_card":"summary_large_image","twitter_misc":{"Dur\u00e9e de lecture estim\u00e9e":"8 minutes"},"schema":{"@context":"https:\/\/schema.org","@graph":[{"@type":"WebPage","@id":"https:\/\/loop-biotech.com\/fr\/privacy-policy\/","url":"https:\/\/loop-biotech.com\/fr\/privacy-policy\/","name":"Politique de confidentialit\u00e9 - Loop Biotech","isPartOf":{"@id":"https:\/\/loop-biotech.com\/fr\/#website"},"datePublished":"2023-04-13T11:50:57+00:00","dateModified":"2025-09-08T09:21:26+00:00","breadcrumb":{"@id":"https:\/\/loop-biotech.com\/fr\/privacy-policy\/#breadcrumb"},"inLanguage":"fr-FR","potentialAction":[{"@type":"ReadAction","target":["https:\/\/loop-biotech.com\/fr\/privacy-policy\/"]}]},{"@type":"BreadcrumbList","@id":"https:\/\/loop-biotech.com\/fr\/privacy-policy\/#breadcrumb","itemListElement":[{"@type":"ListItem","position":1,"name":"Accueil","item":"https:\/\/loop-biotech.com\/fr\/"},{"@type":"ListItem","position":2,"name":"Politique de confidentialit\u00e9"}]},{"@type":"WebSite","@id":"https:\/\/loop-biotech.com\/fr\/#website","url":"https:\/\/loop-biotech.com\/fr\/","name":"Loop Biotech","description":"Enrichissons la nature","potentialAction":[{"@type":"SearchAction","target":{"@type":"EntryPoint","urlTemplate":"https:\/\/loop-biotech.com\/fr\/?s={search_term_string}"},"query-input":{"@type":"PropertyValueSpecification","valueRequired":true,"valueName":"search_term_string"}}],"inLanguage":"fr-FR"}]}},"_links":{"self":[{"href":"https:\/\/loop-biotech.com\/fr\/wp-json\/wp\/v2\/pages\/21364","targetHints":{"allow":["GET"]}}],"collection":[{"href":"https:\/\/loop-biotech.com\/fr\/wp-json\/wp\/v2\/pages"}],"about":[{"href":"https:\/\/loop-biotech.com\/fr\/wp-json\/wp\/v2\/types\/page"}],"author":[{"embeddable":true,"href":"https:\/\/loop-biotech.com\/fr\/wp-json\/wp\/v2\/users\/1"}],"replies":[{"embeddable":true,"href":"https:\/\/loop-biotech.com\/fr\/wp-json\/wp\/v2\/comments?post=21364"}],"version-history":[{"count":1,"href":"https:\/\/loop-biotech.com\/fr\/wp-json\/wp\/v2\/pages\/21364\/revisions"}],"predecessor-version":[{"id":21365,"href":"https:\/\/loop-biotech.com\/fr\/wp-json\/wp\/v2\/pages\/21364\/revisions\/21365"}],"wp:attachment":[{"href":"https:\/\/loop-biotech.com\/fr\/wp-json\/wp\/v2\/media?parent=21364"}],"curies":[{"name":"wp","href":"https:\/\/api.w.org\/{rel}","templated":true}]}}