{"id":19177,"date":"2025-03-10T09:14:46","date_gmt":"2025-03-10T08:14:46","guid":{"rendered":"https:\/\/loop-biotech.com\/product\/loop-earthrise\/"},"modified":"2026-03-17T16:37:48","modified_gmt":"2026-03-17T15:37:48","slug":"earthrise","status":"publish","type":"product","link":"https:\/\/loop-biotech.com\/fr\/produit\/earthrise\/","title":{"rendered":"Loop EarthRise\u2122"},"content":{"rendered":"<p>Test<\/p>\n","protected":false},"excerpt":{"rendered":"<p>La Loop EarthRise\u2122 est la premi\u00e8re urne au monde fabriqu\u00e9e \u00e0 partir de champignons. Cultiv\u00e9e en seulement sept jours \u00e0 partir de champignons locaux et de fibres de chanvre recycl\u00e9es, con\u00e7ue pour nourrir la terre et faire pousser un arbre en votre m\u00e9moire. Utilisez-la comme ornement naturel \u00e0 la maison ou plantez-la dans un jardin ou un cimeti\u00e8re. Choisissez un couvercle avec une cavit\u00e9 pour une plante ou un mod\u00e8le ferm\u00e9. Disponible dans les tons \"Calm\" ou \"Wild\" et en deux tailles : Standard (4L) ou To Share (0,5L) pour le partage avec les proches. Un choix significatif pour ceux qui souhaitent rendre \u00e0 la nature ce qu&rsquo;elle leur a donn\u00e9 et laisser un monde meilleur.     <\/p>\n","protected":false},"featured_media":10931,"template":"","meta":{"_acf_changed":false},"product_brand":[],"product_cat":[163],"product_tag":[],"class_list":{"0":"post-19177","1":"product","2":"type-product","3":"status-publish","4":"has-post-thumbnail","6":"product_cat-loop-earthrise-fr","7":"product_shipping_class-paquet-normal","9":"first","10":"instock","11":"taxable","12":"shipping-taxable","13":"purchasable","14":"product-type-variable","15":"has-default-attributes"},"acf":[],"yoast_head":"<!-- This site is optimized with the Yoast SEO plugin v27.3 - https:\/\/yoast.com\/product\/yoast-seo-wordpress\/ -->\n<title>Loop EarthRise\u2122 - Loop Biotech<\/title>\n<meta name=\"robots\" content=\"index, follow, max-snippet:-1, max-image-preview:large, max-video-preview:-1\" \/>\n<link rel=\"canonical\" href=\"https:\/\/loop-biotech.com\/fr\/produit\/earthrise\/\" \/>\n<meta property=\"og:locale\" content=\"fr_FR\" \/>\n<meta property=\"og:type\" content=\"article\" \/>\n<meta property=\"og:title\" content=\"Loop EarthRise\u2122 - Loop Biotech\" \/>\n<meta property=\"og:description\" content=\"La Loop EarthRise\u2122 est la premi\u00e8re urne au monde fabriqu\u00e9e \u00e0 partir de champignons. Cultiv\u00e9e en seulement sept jours \u00e0 partir de champignons locaux et de fibres de chanvre recycl\u00e9es, con\u00e7ue pour nourrir la terre et faire pousser un arbre en votre m\u00e9moire. Utilisez-la comme ornement naturel \u00e0 la maison ou plantez-la dans un jardin ou un cimeti\u00e8re. Choisissez un couvercle avec une cavit\u00e9 pour une plante ou un mod\u00e8le ferm\u00e9. Disponible dans les tons &quot;Calm&quot; ou &quot;Wild&quot; et en deux tailles : Standard (4L) ou To Share (0,5L) pour le partage avec les proches. Un choix significatif pour ceux qui souhaitent rendre \u00e0 la nature ce qu&#039;elle leur a donn\u00e9 et laisser un monde meilleur.\" \/>\n<meta property=\"og:url\" content=\"https:\/\/loop-biotech.com\/fr\/produit\/earthrise\/\" \/>\n<meta property=\"og:site_name\" content=\"Loop Biotech\" \/>\n<meta property=\"article:modified_time\" content=\"2026-03-17T15:37:48+00:00\" \/>\n<meta property=\"og:image\" content=\"https:\/\/loop-biotech.com\/wp-content\/uploads\/2025\/03\/loop_earthrise.webp\" \/>\n\t<meta property=\"og:image:width\" content=\"1375\" \/>\n\t<meta property=\"og:image:height\" content=\"922\" \/>\n\t<meta property=\"og:image:type\" content=\"image\/webp\" \/>\n<meta name=\"twitter:card\" content=\"summary_large_image\" \/>\n<meta name=\"twitter:label1\" content=\"Dur\u00e9e de lecture estim\u00e9e\" \/>\n\t<meta name=\"twitter:data1\" content=\"1 minute\" \/>\n<script type=\"application\/ld+json\" class=\"yoast-schema-graph\">{\"@context\":\"https:\\\/\\\/schema.org\",\"@graph\":[{\"@type\":\"WebPage\",\"@id\":\"https:\\\/\\\/loop-biotech.com\\\/fr\\\/produit\\\/earthrise\\\/\",\"url\":\"https:\\\/\\\/loop-biotech.com\\\/fr\\\/produit\\\/earthrise\\\/\",\"name\":\"Loop EarthRise\u2122 - Loop Biotech\",\"isPartOf\":{\"@id\":\"https:\\\/\\\/loop-biotech.com\\\/fr\\\/#website\"},\"primaryImageOfPage\":{\"@id\":\"https:\\\/\\\/loop-biotech.com\\\/fr\\\/produit\\\/earthrise\\\/#primaryimage\"},\"image\":{\"@id\":\"https:\\\/\\\/loop-biotech.com\\\/fr\\\/produit\\\/earthrise\\\/#primaryimage\"},\"thumbnailUrl\":\"https:\\\/\\\/loop-biotech.com\\\/wp-content\\\/uploads\\\/2025\\\/03\\\/loop_earthrise.webp\",\"datePublished\":\"2025-03-10T08:14:46+00:00\",\"dateModified\":\"2026-03-17T15:37:48+00:00\",\"breadcrumb\":{\"@id\":\"https:\\\/\\\/loop-biotech.com\\\/fr\\\/produit\\\/earthrise\\\/#breadcrumb\"},\"inLanguage\":\"fr-FR\",\"potentialAction\":[{\"@type\":\"ReadAction\",\"target\":[\"https:\\\/\\\/loop-biotech.com\\\/fr\\\/produit\\\/earthrise\\\/\"]}]},{\"@type\":\"ImageObject\",\"inLanguage\":\"fr-FR\",\"@id\":\"https:\\\/\\\/loop-biotech.com\\\/fr\\\/produit\\\/earthrise\\\/#primaryimage\",\"url\":\"https:\\\/\\\/loop-biotech.com\\\/wp-content\\\/uploads\\\/2025\\\/03\\\/loop_earthrise.webp\",\"contentUrl\":\"https:\\\/\\\/loop-biotech.com\\\/wp-content\\\/uploads\\\/2025\\\/03\\\/loop_earthrise.webp\",\"width\":1375,\"height\":922},{\"@type\":\"BreadcrumbList\",\"@id\":\"https:\\\/\\\/loop-biotech.com\\\/fr\\\/produit\\\/earthrise\\\/#breadcrumb\",\"itemListElement\":[{\"@type\":\"ListItem\",\"position\":1,\"name\":\"Accueil\",\"item\":\"https:\\\/\\\/loop-biotech.com\\\/fr\\\/\"},{\"@type\":\"ListItem\",\"position\":2,\"name\":\"Boutique\",\"item\":\"https:\\\/\\\/loop-biotech.com\\\/fr\\\/boutique\\\/\"},{\"@type\":\"ListItem\",\"position\":3,\"name\":\"Loop EarthRise\u2122\"}]},{\"@type\":\"WebSite\",\"@id\":\"https:\\\/\\\/loop-biotech.com\\\/fr\\\/#website\",\"url\":\"https:\\\/\\\/loop-biotech.com\\\/fr\\\/\",\"name\":\"Loop Biotech\",\"description\":\"Enrichissons la nature\",\"potentialAction\":[{\"@type\":\"SearchAction\",\"target\":{\"@type\":\"EntryPoint\",\"urlTemplate\":\"https:\\\/\\\/loop-biotech.com\\\/fr\\\/?s={search_term_string}\"},\"query-input\":{\"@type\":\"PropertyValueSpecification\",\"valueRequired\":true,\"valueName\":\"search_term_string\"}}],\"inLanguage\":\"fr-FR\"}]}<\/script>\n<!-- \/ Yoast SEO plugin. -->","yoast_head_json":{"title":"Loop EarthRise\u2122 - Loop Biotech","robots":{"index":"index","follow":"follow","max-snippet":"max-snippet:-1","max-image-preview":"max-image-preview:large","max-video-preview":"max-video-preview:-1"},"canonical":"https:\/\/loop-biotech.com\/fr\/produit\/earthrise\/","og_locale":"fr_FR","og_type":"article","og_title":"Loop EarthRise\u2122 - Loop Biotech","og_description":"La Loop EarthRise\u2122 est la premi\u00e8re urne au monde fabriqu\u00e9e \u00e0 partir de champignons. Cultiv\u00e9e en seulement sept jours \u00e0 partir de champignons locaux et de fibres de chanvre recycl\u00e9es, con\u00e7ue pour nourrir la terre et faire pousser un arbre en votre m\u00e9moire. Utilisez-la comme ornement naturel \u00e0 la maison ou plantez-la dans un jardin ou un cimeti\u00e8re. Choisissez un couvercle avec une cavit\u00e9 pour une plante ou un mod\u00e8le ferm\u00e9. Disponible dans les tons \"Calm\" ou \"Wild\" et en deux tailles : Standard (4L) ou To Share (0,5L) pour le partage avec les proches. Un choix significatif pour ceux qui souhaitent rendre \u00e0 la nature ce qu'elle leur a donn\u00e9 et laisser un monde meilleur.","og_url":"https:\/\/loop-biotech.com\/fr\/produit\/earthrise\/","og_site_name":"Loop Biotech","article_modified_time":"2026-03-17T15:37:48+00:00","og_image":[{"width":1375,"height":922,"url":"https:\/\/loop-biotech.com\/wp-content\/uploads\/2025\/03\/loop_earthrise.webp","type":"image\/webp"}],"twitter_card":"summary_large_image","twitter_misc":{"Dur\u00e9e de lecture estim\u00e9e":"1 minute"},"schema":{"@context":"https:\/\/schema.org","@graph":[{"@type":"WebPage","@id":"https:\/\/loop-biotech.com\/fr\/produit\/earthrise\/","url":"https:\/\/loop-biotech.com\/fr\/produit\/earthrise\/","name":"Loop EarthRise\u2122 - Loop Biotech","isPartOf":{"@id":"https:\/\/loop-biotech.com\/fr\/#website"},"primaryImageOfPage":{"@id":"https:\/\/loop-biotech.com\/fr\/produit\/earthrise\/#primaryimage"},"image":{"@id":"https:\/\/loop-biotech.com\/fr\/produit\/earthrise\/#primaryimage"},"thumbnailUrl":"https:\/\/loop-biotech.com\/wp-content\/uploads\/2025\/03\/loop_earthrise.webp","datePublished":"2025-03-10T08:14:46+00:00","dateModified":"2026-03-17T15:37:48+00:00","breadcrumb":{"@id":"https:\/\/loop-biotech.com\/fr\/produit\/earthrise\/#breadcrumb"},"inLanguage":"fr-FR","potentialAction":[{"@type":"ReadAction","target":["https:\/\/loop-biotech.com\/fr\/produit\/earthrise\/"]}]},{"@type":"ImageObject","inLanguage":"fr-FR","@id":"https:\/\/loop-biotech.com\/fr\/produit\/earthrise\/#primaryimage","url":"https:\/\/loop-biotech.com\/wp-content\/uploads\/2025\/03\/loop_earthrise.webp","contentUrl":"https:\/\/loop-biotech.com\/wp-content\/uploads\/2025\/03\/loop_earthrise.webp","width":1375,"height":922},{"@type":"BreadcrumbList","@id":"https:\/\/loop-biotech.com\/fr\/produit\/earthrise\/#breadcrumb","itemListElement":[{"@type":"ListItem","position":1,"name":"Accueil","item":"https:\/\/loop-biotech.com\/fr\/"},{"@type":"ListItem","position":2,"name":"Boutique","item":"https:\/\/loop-biotech.com\/fr\/boutique\/"},{"@type":"ListItem","position":3,"name":"Loop EarthRise\u2122"}]},{"@type":"WebSite","@id":"https:\/\/loop-biotech.com\/fr\/#website","url":"https:\/\/loop-biotech.com\/fr\/","name":"Loop Biotech","description":"Enrichissons la nature","potentialAction":[{"@type":"SearchAction","target":{"@type":"EntryPoint","urlTemplate":"https:\/\/loop-biotech.com\/fr\/?s={search_term_string}"},"query-input":{"@type":"PropertyValueSpecification","valueRequired":true,"valueName":"search_term_string"}}],"inLanguage":"fr-FR"}]}},"_links":{"self":[{"href":"https:\/\/loop-biotech.com\/fr\/wp-json\/wp\/v2\/product\/19177","targetHints":{"allow":["GET"]}}],"collection":[{"href":"https:\/\/loop-biotech.com\/fr\/wp-json\/wp\/v2\/product"}],"about":[{"href":"https:\/\/loop-biotech.com\/fr\/wp-json\/wp\/v2\/types\/product"}],"wp:featuredmedia":[{"embeddable":true,"href":"https:\/\/loop-biotech.com\/fr\/wp-json\/wp\/v2\/media\/10931"}],"wp:attachment":[{"href":"https:\/\/loop-biotech.com\/fr\/wp-json\/wp\/v2\/media?parent=19177"}],"wp:term":[{"taxonomy":"product_brand","embeddable":true,"href":"https:\/\/loop-biotech.com\/fr\/wp-json\/wp\/v2\/product_brand?post=19177"},{"taxonomy":"product_cat","embeddable":true,"href":"https:\/\/loop-biotech.com\/fr\/wp-json\/wp\/v2\/product_cat?post=19177"},{"taxonomy":"product_tag","embeddable":true,"href":"https:\/\/loop-biotech.com\/fr\/wp-json\/wp\/v2\/product_tag?post=19177"}],"curies":[{"name":"wp","href":"https:\/\/api.w.org\/{rel}","templated":true}]}}