{"id":19243,"date":"2025-05-30T11:41:53","date_gmt":"2025-05-30T09:41:53","guid":{"rendered":"https:\/\/loop-biotech.com\/product\/set-de-peinture-organique\/"},"modified":"2025-11-04T15:24:42","modified_gmt":"2025-11-04T14:24:42","slug":"organic-paint-set","status":"publish","type":"product","link":"https:\/\/loop-biotech.com\/fr\/produit\/organic-paint-set\/","title":{"rendered":"Set de peinture organique"},"content":{"rendered":"<p>D\u00e9corez le Loop Living Cocoon\u2122, le Loop ForestBed\u2122 ou le Loop EarthRise\u2122 avec notre kit de peinture biologique et biod\u00e9gradable. Cr\u00e9ez un motif durable et personnel pour votre proche.<\/p>\n","protected":false},"excerpt":{"rendered":"<p>Le kit de peinture Loop vous permet d&rsquo;ajouter une touche personnelle et affectueuse aux Loop Living Cocoon\u2122, Loop ForestBed\u2122 et Loop EarthRise\u2122. Utilisez la peinture organique pour \u00e9crire un nom, peindre un symbole ou partager un message du c\u0153ur. Une fa\u00e7on simple de transformer un adieu en un souvenir beau et significatif, ensemble avec vos proches, ou dans un moment de calme, seul.<\/p>\n","protected":false},"featured_media":11051,"template":"","meta":{"_acf_changed":false},"product_brand":[],"product_cat":[182],"product_tag":[],"class_list":{"0":"post-19243","1":"product","2":"type-product","3":"status-publish","4":"has-post-thumbnail","6":"product_cat-accessoires","7":"product_shipping_class-pochette-pour-bus-de-brieven","9":"first","10":"instock","11":"taxable","12":"shipping-taxable","13":"purchasable","14":"product-type-simple"},"acf":[],"yoast_head":"<!-- This site is optimized with the Yoast SEO plugin v27.3 - https:\/\/yoast.com\/product\/yoast-seo-wordpress\/ -->\n<title>Set de peinture organique - Loop Biotech<\/title>\n<meta name=\"robots\" content=\"index, follow, max-snippet:-1, max-image-preview:large, max-video-preview:-1\" \/>\n<link rel=\"canonical\" href=\"https:\/\/loop-biotech.com\/fr\/produit\/organic-paint-set\/\" \/>\n<meta property=\"og:locale\" content=\"fr_FR\" \/>\n<meta property=\"og:type\" content=\"article\" \/>\n<meta property=\"og:title\" content=\"Set de peinture organique - Loop Biotech\" \/>\n<meta property=\"og:description\" content=\"Le kit de peinture Loop vous permet d&#039;ajouter une touche personnelle et affectueuse aux Loop Living Cocoon\u2122, Loop ForestBed\u2122 et Loop EarthRise\u2122. Utilisez la peinture organique pour \u00e9crire un nom, peindre un symbole ou partager un message du c\u0153ur. Une fa\u00e7on simple de transformer un adieu en un souvenir beau et significatif, ensemble avec vos proches, ou dans un moment de calme, seul.\" \/>\n<meta property=\"og:url\" content=\"https:\/\/loop-biotech.com\/fr\/produit\/organic-paint-set\/\" \/>\n<meta property=\"og:site_name\" content=\"Loop Biotech\" \/>\n<meta property=\"article:modified_time\" content=\"2025-11-04T14:24:42+00:00\" \/>\n<meta property=\"og:image\" content=\"https:\/\/loop-biotech.com\/wp-content\/uploads\/2025\/03\/DSC04627.webp\" \/>\n\t<meta property=\"og:image:width\" content=\"1680\" \/>\n\t<meta property=\"og:image:height\" content=\"1120\" \/>\n\t<meta property=\"og:image:type\" content=\"image\/webp\" \/>\n<meta name=\"twitter:card\" content=\"summary_large_image\" \/>\n<meta name=\"twitter:label1\" content=\"Dur\u00e9e de lecture estim\u00e9e\" \/>\n\t<meta name=\"twitter:data1\" content=\"1 minute\" \/>\n<script type=\"application\/ld+json\" class=\"yoast-schema-graph\">{\"@context\":\"https:\\\/\\\/schema.org\",\"@graph\":[{\"@type\":\"WebPage\",\"@id\":\"https:\\\/\\\/loop-biotech.com\\\/fr\\\/produit\\\/organic-paint-set\\\/\",\"url\":\"https:\\\/\\\/loop-biotech.com\\\/fr\\\/produit\\\/organic-paint-set\\\/\",\"name\":\"Set de peinture organique - Loop Biotech\",\"isPartOf\":{\"@id\":\"https:\\\/\\\/loop-biotech.com\\\/fr\\\/#website\"},\"primaryImageOfPage\":{\"@id\":\"https:\\\/\\\/loop-biotech.com\\\/fr\\\/produit\\\/organic-paint-set\\\/#primaryimage\"},\"image\":{\"@id\":\"https:\\\/\\\/loop-biotech.com\\\/fr\\\/produit\\\/organic-paint-set\\\/#primaryimage\"},\"thumbnailUrl\":\"https:\\\/\\\/loop-biotech.com\\\/wp-content\\\/uploads\\\/2025\\\/03\\\/DSC04627.webp\",\"datePublished\":\"2025-05-30T09:41:53+00:00\",\"dateModified\":\"2025-11-04T14:24:42+00:00\",\"breadcrumb\":{\"@id\":\"https:\\\/\\\/loop-biotech.com\\\/fr\\\/produit\\\/organic-paint-set\\\/#breadcrumb\"},\"inLanguage\":\"fr-FR\",\"potentialAction\":[{\"@type\":\"ReadAction\",\"target\":[\"https:\\\/\\\/loop-biotech.com\\\/fr\\\/produit\\\/organic-paint-set\\\/\"]}]},{\"@type\":\"ImageObject\",\"inLanguage\":\"fr-FR\",\"@id\":\"https:\\\/\\\/loop-biotech.com\\\/fr\\\/produit\\\/organic-paint-set\\\/#primaryimage\",\"url\":\"https:\\\/\\\/loop-biotech.com\\\/wp-content\\\/uploads\\\/2025\\\/03\\\/DSC04627.webp\",\"contentUrl\":\"https:\\\/\\\/loop-biotech.com\\\/wp-content\\\/uploads\\\/2025\\\/03\\\/DSC04627.webp\",\"width\":1680,\"height\":1120},{\"@type\":\"BreadcrumbList\",\"@id\":\"https:\\\/\\\/loop-biotech.com\\\/fr\\\/produit\\\/organic-paint-set\\\/#breadcrumb\",\"itemListElement\":[{\"@type\":\"ListItem\",\"position\":1,\"name\":\"Accueil\",\"item\":\"https:\\\/\\\/loop-biotech.com\\\/fr\\\/\"},{\"@type\":\"ListItem\",\"position\":2,\"name\":\"Boutique\",\"item\":\"https:\\\/\\\/loop-biotech.com\\\/fr\\\/boutique\\\/\"},{\"@type\":\"ListItem\",\"position\":3,\"name\":\"Set de peinture organique\"}]},{\"@type\":\"WebSite\",\"@id\":\"https:\\\/\\\/loop-biotech.com\\\/fr\\\/#website\",\"url\":\"https:\\\/\\\/loop-biotech.com\\\/fr\\\/\",\"name\":\"Loop Biotech\",\"description\":\"Enrichissons la nature\",\"potentialAction\":[{\"@type\":\"SearchAction\",\"target\":{\"@type\":\"EntryPoint\",\"urlTemplate\":\"https:\\\/\\\/loop-biotech.com\\\/fr\\\/?s={search_term_string}\"},\"query-input\":{\"@type\":\"PropertyValueSpecification\",\"valueRequired\":true,\"valueName\":\"search_term_string\"}}],\"inLanguage\":\"fr-FR\"}]}<\/script>\n<!-- \/ Yoast SEO plugin. -->","yoast_head_json":{"title":"Set de peinture organique - Loop Biotech","robots":{"index":"index","follow":"follow","max-snippet":"max-snippet:-1","max-image-preview":"max-image-preview:large","max-video-preview":"max-video-preview:-1"},"canonical":"https:\/\/loop-biotech.com\/fr\/produit\/organic-paint-set\/","og_locale":"fr_FR","og_type":"article","og_title":"Set de peinture organique - Loop Biotech","og_description":"Le kit de peinture Loop vous permet d'ajouter une touche personnelle et affectueuse aux Loop Living Cocoon\u2122, Loop ForestBed\u2122 et Loop EarthRise\u2122. Utilisez la peinture organique pour \u00e9crire un nom, peindre un symbole ou partager un message du c\u0153ur. Une fa\u00e7on simple de transformer un adieu en un souvenir beau et significatif, ensemble avec vos proches, ou dans un moment de calme, seul.","og_url":"https:\/\/loop-biotech.com\/fr\/produit\/organic-paint-set\/","og_site_name":"Loop Biotech","article_modified_time":"2025-11-04T14:24:42+00:00","og_image":[{"width":1680,"height":1120,"url":"https:\/\/loop-biotech.com\/wp-content\/uploads\/2025\/03\/DSC04627.webp","type":"image\/webp"}],"twitter_card":"summary_large_image","twitter_misc":{"Dur\u00e9e de lecture estim\u00e9e":"1 minute"},"schema":{"@context":"https:\/\/schema.org","@graph":[{"@type":"WebPage","@id":"https:\/\/loop-biotech.com\/fr\/produit\/organic-paint-set\/","url":"https:\/\/loop-biotech.com\/fr\/produit\/organic-paint-set\/","name":"Set de peinture organique - Loop Biotech","isPartOf":{"@id":"https:\/\/loop-biotech.com\/fr\/#website"},"primaryImageOfPage":{"@id":"https:\/\/loop-biotech.com\/fr\/produit\/organic-paint-set\/#primaryimage"},"image":{"@id":"https:\/\/loop-biotech.com\/fr\/produit\/organic-paint-set\/#primaryimage"},"thumbnailUrl":"https:\/\/loop-biotech.com\/wp-content\/uploads\/2025\/03\/DSC04627.webp","datePublished":"2025-05-30T09:41:53+00:00","dateModified":"2025-11-04T14:24:42+00:00","breadcrumb":{"@id":"https:\/\/loop-biotech.com\/fr\/produit\/organic-paint-set\/#breadcrumb"},"inLanguage":"fr-FR","potentialAction":[{"@type":"ReadAction","target":["https:\/\/loop-biotech.com\/fr\/produit\/organic-paint-set\/"]}]},{"@type":"ImageObject","inLanguage":"fr-FR","@id":"https:\/\/loop-biotech.com\/fr\/produit\/organic-paint-set\/#primaryimage","url":"https:\/\/loop-biotech.com\/wp-content\/uploads\/2025\/03\/DSC04627.webp","contentUrl":"https:\/\/loop-biotech.com\/wp-content\/uploads\/2025\/03\/DSC04627.webp","width":1680,"height":1120},{"@type":"BreadcrumbList","@id":"https:\/\/loop-biotech.com\/fr\/produit\/organic-paint-set\/#breadcrumb","itemListElement":[{"@type":"ListItem","position":1,"name":"Accueil","item":"https:\/\/loop-biotech.com\/fr\/"},{"@type":"ListItem","position":2,"name":"Boutique","item":"https:\/\/loop-biotech.com\/fr\/boutique\/"},{"@type":"ListItem","position":3,"name":"Set de peinture organique"}]},{"@type":"WebSite","@id":"https:\/\/loop-biotech.com\/fr\/#website","url":"https:\/\/loop-biotech.com\/fr\/","name":"Loop Biotech","description":"Enrichissons la nature","potentialAction":[{"@type":"SearchAction","target":{"@type":"EntryPoint","urlTemplate":"https:\/\/loop-biotech.com\/fr\/?s={search_term_string}"},"query-input":{"@type":"PropertyValueSpecification","valueRequired":true,"valueName":"search_term_string"}}],"inLanguage":"fr-FR"}]}},"_links":{"self":[{"href":"https:\/\/loop-biotech.com\/fr\/wp-json\/wp\/v2\/product\/19243","targetHints":{"allow":["GET"]}}],"collection":[{"href":"https:\/\/loop-biotech.com\/fr\/wp-json\/wp\/v2\/product"}],"about":[{"href":"https:\/\/loop-biotech.com\/fr\/wp-json\/wp\/v2\/types\/product"}],"wp:featuredmedia":[{"embeddable":true,"href":"https:\/\/loop-biotech.com\/fr\/wp-json\/wp\/v2\/media\/11051"}],"wp:attachment":[{"href":"https:\/\/loop-biotech.com\/fr\/wp-json\/wp\/v2\/media?parent=19243"}],"wp:term":[{"taxonomy":"product_brand","embeddable":true,"href":"https:\/\/loop-biotech.com\/fr\/wp-json\/wp\/v2\/product_brand?post=19243"},{"taxonomy":"product_cat","embeddable":true,"href":"https:\/\/loop-biotech.com\/fr\/wp-json\/wp\/v2\/product_cat?post=19243"},{"taxonomy":"product_tag","embeddable":true,"href":"https:\/\/loop-biotech.com\/fr\/wp-json\/wp\/v2\/product_tag?post=19243"}],"curies":[{"name":"wp","href":"https:\/\/api.w.org\/{rel}","templated":true}]}}