{"id":19285,"date":"2025-03-11T13:49:58","date_gmt":"2025-03-11T12:49:58","guid":{"rendered":"https:\/\/loop-biotech.com\/product\/linceul\/"},"modified":"2025-11-04T15:25:12","modified_gmt":"2025-11-04T14:25:12","slug":"shroud","status":"publish","type":"product","link":"https:\/\/loop-biotech.com\/fr\/produit\/shroud\/","title":{"rendered":"Linceul"},"content":{"rendered":"","protected":false},"excerpt":{"rendered":"<p>Compl\u00e9tez le Loop Living Cocoon\u2122 ou le Loop ForestBed\u2122 avec un linceul magnifiquement doux et durable. Choisissez parmi trois tissus doux : laine de mouton, coton bio doux ou chanvre. Chaque tissu est enti\u00e8rement biod\u00e9gradable et soigneusement s\u00e9lectionn\u00e9 pour sa durabilit\u00e9 et son caract\u00e8re doux et naturel.<\/p>\n","protected":false},"featured_media":9213,"template":"","meta":{"_acf_changed":false},"product_brand":[],"product_cat":[182],"product_tag":[],"class_list":{"0":"post-19285","1":"product","2":"type-product","3":"status-publish","4":"has-post-thumbnail","6":"product_cat-accessoires","7":"product_shipping_class-paquet-normal","9":"first","10":"instock","11":"taxable","12":"shipping-taxable","13":"purchasable","14":"product-type-variable","15":"has-default-attributes"},"acf":[],"yoast_head":"<!-- This site is optimized with the Yoast SEO plugin v27.3 - https:\/\/yoast.com\/product\/yoast-seo-wordpress\/ -->\n<title>Linceul - Loop Biotech<\/title>\n<meta name=\"robots\" content=\"index, follow, max-snippet:-1, max-image-preview:large, max-video-preview:-1\" \/>\n<link rel=\"canonical\" href=\"https:\/\/loop-biotech.com\/fr\/produit\/shroud\/\" \/>\n<meta property=\"og:locale\" content=\"fr_FR\" \/>\n<meta property=\"og:type\" content=\"article\" \/>\n<meta property=\"og:title\" content=\"Linceul - Loop Biotech\" \/>\n<meta property=\"og:description\" content=\"Compl\u00e9tez le Loop Living Cocoon\u2122 ou le Loop ForestBed\u2122 avec un linceul magnifiquement doux et durable. Choisissez parmi trois tissus doux : laine de mouton, coton bio doux ou chanvre. Chaque tissu est enti\u00e8rement biod\u00e9gradable et soigneusement s\u00e9lectionn\u00e9 pour sa durabilit\u00e9 et son caract\u00e8re doux et naturel.\" \/>\n<meta property=\"og:url\" content=\"https:\/\/loop-biotech.com\/fr\/produit\/shroud\/\" \/>\n<meta property=\"og:site_name\" content=\"Loop Biotech\" \/>\n<meta property=\"article:modified_time\" content=\"2025-11-04T14:25:12+00:00\" \/>\n<meta property=\"og:image\" content=\"https:\/\/loop-biotech.com\/wp-content\/uploads\/2024\/04\/DSC8756-scaled.jpg\" \/>\n\t<meta property=\"og:image:width\" content=\"2560\" \/>\n\t<meta property=\"og:image:height\" content=\"1707\" \/>\n\t<meta property=\"og:image:type\" content=\"image\/jpeg\" \/>\n<meta name=\"twitter:card\" content=\"summary_large_image\" \/>\n<meta name=\"twitter:label1\" content=\"Dur\u00e9e de lecture estim\u00e9e\" \/>\n\t<meta name=\"twitter:data1\" content=\"1 minute\" \/>\n<script type=\"application\/ld+json\" class=\"yoast-schema-graph\">{\"@context\":\"https:\\\/\\\/schema.org\",\"@graph\":[{\"@type\":\"WebPage\",\"@id\":\"https:\\\/\\\/loop-biotech.com\\\/fr\\\/produit\\\/shroud\\\/\",\"url\":\"https:\\\/\\\/loop-biotech.com\\\/fr\\\/produit\\\/shroud\\\/\",\"name\":\"Linceul - Loop Biotech\",\"isPartOf\":{\"@id\":\"https:\\\/\\\/loop-biotech.com\\\/fr\\\/#website\"},\"primaryImageOfPage\":{\"@id\":\"https:\\\/\\\/loop-biotech.com\\\/fr\\\/produit\\\/shroud\\\/#primaryimage\"},\"image\":{\"@id\":\"https:\\\/\\\/loop-biotech.com\\\/fr\\\/produit\\\/shroud\\\/#primaryimage\"},\"thumbnailUrl\":\"https:\\\/\\\/loop-biotech.com\\\/wp-content\\\/uploads\\\/2024\\\/04\\\/DSC8756-scaled.jpg\",\"datePublished\":\"2025-03-11T12:49:58+00:00\",\"dateModified\":\"2025-11-04T14:25:12+00:00\",\"breadcrumb\":{\"@id\":\"https:\\\/\\\/loop-biotech.com\\\/fr\\\/produit\\\/shroud\\\/#breadcrumb\"},\"inLanguage\":\"fr-FR\",\"potentialAction\":[{\"@type\":\"ReadAction\",\"target\":[\"https:\\\/\\\/loop-biotech.com\\\/fr\\\/produit\\\/shroud\\\/\"]}]},{\"@type\":\"ImageObject\",\"inLanguage\":\"fr-FR\",\"@id\":\"https:\\\/\\\/loop-biotech.com\\\/fr\\\/produit\\\/shroud\\\/#primaryimage\",\"url\":\"https:\\\/\\\/loop-biotech.com\\\/wp-content\\\/uploads\\\/2024\\\/04\\\/DSC8756-scaled.jpg\",\"contentUrl\":\"https:\\\/\\\/loop-biotech.com\\\/wp-content\\\/uploads\\\/2024\\\/04\\\/DSC8756-scaled.jpg\",\"width\":2560,\"height\":1707},{\"@type\":\"BreadcrumbList\",\"@id\":\"https:\\\/\\\/loop-biotech.com\\\/fr\\\/produit\\\/shroud\\\/#breadcrumb\",\"itemListElement\":[{\"@type\":\"ListItem\",\"position\":1,\"name\":\"Accueil\",\"item\":\"https:\\\/\\\/loop-biotech.com\\\/fr\\\/\"},{\"@type\":\"ListItem\",\"position\":2,\"name\":\"Boutique\",\"item\":\"https:\\\/\\\/loop-biotech.com\\\/fr\\\/boutique\\\/\"},{\"@type\":\"ListItem\",\"position\":3,\"name\":\"Linceul\"}]},{\"@type\":\"WebSite\",\"@id\":\"https:\\\/\\\/loop-biotech.com\\\/fr\\\/#website\",\"url\":\"https:\\\/\\\/loop-biotech.com\\\/fr\\\/\",\"name\":\"Loop Biotech\",\"description\":\"Enrichissons la nature\",\"potentialAction\":[{\"@type\":\"SearchAction\",\"target\":{\"@type\":\"EntryPoint\",\"urlTemplate\":\"https:\\\/\\\/loop-biotech.com\\\/fr\\\/?s={search_term_string}\"},\"query-input\":{\"@type\":\"PropertyValueSpecification\",\"valueRequired\":true,\"valueName\":\"search_term_string\"}}],\"inLanguage\":\"fr-FR\"}]}<\/script>\n<!-- \/ Yoast SEO plugin. -->","yoast_head_json":{"title":"Linceul - Loop Biotech","robots":{"index":"index","follow":"follow","max-snippet":"max-snippet:-1","max-image-preview":"max-image-preview:large","max-video-preview":"max-video-preview:-1"},"canonical":"https:\/\/loop-biotech.com\/fr\/produit\/shroud\/","og_locale":"fr_FR","og_type":"article","og_title":"Linceul - Loop Biotech","og_description":"Compl\u00e9tez le Loop Living Cocoon\u2122 ou le Loop ForestBed\u2122 avec un linceul magnifiquement doux et durable. Choisissez parmi trois tissus doux : laine de mouton, coton bio doux ou chanvre. Chaque tissu est enti\u00e8rement biod\u00e9gradable et soigneusement s\u00e9lectionn\u00e9 pour sa durabilit\u00e9 et son caract\u00e8re doux et naturel.","og_url":"https:\/\/loop-biotech.com\/fr\/produit\/shroud\/","og_site_name":"Loop Biotech","article_modified_time":"2025-11-04T14:25:12+00:00","og_image":[{"width":2560,"height":1707,"url":"https:\/\/loop-biotech.com\/wp-content\/uploads\/2024\/04\/DSC8756-scaled.jpg","type":"image\/jpeg"}],"twitter_card":"summary_large_image","twitter_misc":{"Dur\u00e9e de lecture estim\u00e9e":"1 minute"},"schema":{"@context":"https:\/\/schema.org","@graph":[{"@type":"WebPage","@id":"https:\/\/loop-biotech.com\/fr\/produit\/shroud\/","url":"https:\/\/loop-biotech.com\/fr\/produit\/shroud\/","name":"Linceul - Loop Biotech","isPartOf":{"@id":"https:\/\/loop-biotech.com\/fr\/#website"},"primaryImageOfPage":{"@id":"https:\/\/loop-biotech.com\/fr\/produit\/shroud\/#primaryimage"},"image":{"@id":"https:\/\/loop-biotech.com\/fr\/produit\/shroud\/#primaryimage"},"thumbnailUrl":"https:\/\/loop-biotech.com\/wp-content\/uploads\/2024\/04\/DSC8756-scaled.jpg","datePublished":"2025-03-11T12:49:58+00:00","dateModified":"2025-11-04T14:25:12+00:00","breadcrumb":{"@id":"https:\/\/loop-biotech.com\/fr\/produit\/shroud\/#breadcrumb"},"inLanguage":"fr-FR","potentialAction":[{"@type":"ReadAction","target":["https:\/\/loop-biotech.com\/fr\/produit\/shroud\/"]}]},{"@type":"ImageObject","inLanguage":"fr-FR","@id":"https:\/\/loop-biotech.com\/fr\/produit\/shroud\/#primaryimage","url":"https:\/\/loop-biotech.com\/wp-content\/uploads\/2024\/04\/DSC8756-scaled.jpg","contentUrl":"https:\/\/loop-biotech.com\/wp-content\/uploads\/2024\/04\/DSC8756-scaled.jpg","width":2560,"height":1707},{"@type":"BreadcrumbList","@id":"https:\/\/loop-biotech.com\/fr\/produit\/shroud\/#breadcrumb","itemListElement":[{"@type":"ListItem","position":1,"name":"Accueil","item":"https:\/\/loop-biotech.com\/fr\/"},{"@type":"ListItem","position":2,"name":"Boutique","item":"https:\/\/loop-biotech.com\/fr\/boutique\/"},{"@type":"ListItem","position":3,"name":"Linceul"}]},{"@type":"WebSite","@id":"https:\/\/loop-biotech.com\/fr\/#website","url":"https:\/\/loop-biotech.com\/fr\/","name":"Loop Biotech","description":"Enrichissons la nature","potentialAction":[{"@type":"SearchAction","target":{"@type":"EntryPoint","urlTemplate":"https:\/\/loop-biotech.com\/fr\/?s={search_term_string}"},"query-input":{"@type":"PropertyValueSpecification","valueRequired":true,"valueName":"search_term_string"}}],"inLanguage":"fr-FR"}]}},"_links":{"self":[{"href":"https:\/\/loop-biotech.com\/fr\/wp-json\/wp\/v2\/product\/19285","targetHints":{"allow":["GET"]}}],"collection":[{"href":"https:\/\/loop-biotech.com\/fr\/wp-json\/wp\/v2\/product"}],"about":[{"href":"https:\/\/loop-biotech.com\/fr\/wp-json\/wp\/v2\/types\/product"}],"wp:featuredmedia":[{"embeddable":true,"href":"https:\/\/loop-biotech.com\/fr\/wp-json\/wp\/v2\/media\/9213"}],"wp:attachment":[{"href":"https:\/\/loop-biotech.com\/fr\/wp-json\/wp\/v2\/media?parent=19285"}],"wp:term":[{"taxonomy":"product_brand","embeddable":true,"href":"https:\/\/loop-biotech.com\/fr\/wp-json\/wp\/v2\/product_brand?post=19285"},{"taxonomy":"product_cat","embeddable":true,"href":"https:\/\/loop-biotech.com\/fr\/wp-json\/wp\/v2\/product_cat?post=19285"},{"taxonomy":"product_tag","embeddable":true,"href":"https:\/\/loop-biotech.com\/fr\/wp-json\/wp\/v2\/product_tag?post=19285"}],"curies":[{"name":"wp","href":"https:\/\/api.w.org\/{rel}","templated":true}]}}