{"id":19302,"date":"2025-03-10T15:51:54","date_gmt":"2025-03-10T14:51:54","guid":{"rendered":"https:\/\/loop-biotech.com\/product\/loop-forestbed\/"},"modified":"2026-01-29T09:52:29","modified_gmt":"2026-01-29T08:52:29","slug":"forestbed","status":"publish","type":"product","link":"https:\/\/loop-biotech.com\/fr\/produit\/forestbed\/","title":{"rendered":"Loop ForestBed\u2122"},"content":{"rendered":"","protected":false},"excerpt":{"rendered":"<p>Le Loop ForestBed\u2122 est le premier porte-b\u00e9b\u00e9 fun\u00e9raire au monde fabriqu\u00e9 \u00e0 partir de champignons. Cultiv\u00e9 en seulement 7 jours \u00e0 partir de champignons locaux et de chanvre, il retourne enti\u00e8rement \u00e0 la terre en 45 jours, enrichissant la nature de la mani\u00e8re la plus naturelle qui soit. Doubl\u00e9 d&rsquo;un doux lit de mousse (d&rsquo;autres rev\u00eatements naturels sont disponibles), il est propos\u00e9 dans les couleurs \"Calme\" ou \"Sauvage\". Certifi\u00e9 pour l&rsquo;inhumation naturelle, l&rsquo;inhumation traditionnelle et la cr\u00e9mation. Un choix sinc\u00e8re pour ceux qui souhaitent rendre \u00e0 la nature ce qu&rsquo;elle leur a donn\u00e9 et laisser aux g\u00e9n\u00e9rations futures un monde meilleur.    <\/p>\n","protected":false},"featured_media":16441,"template":"","meta":{"_acf_changed":false},"product_brand":[],"product_cat":[217],"product_tag":[],"class_list":{"0":"post-19302","1":"product","2":"type-product","3":"status-publish","4":"has-post-thumbnail","6":"product_cat-loop-forestbed-fr","7":"product_shipping_class-palette","9":"first","10":"instock","11":"taxable","12":"shipping-taxable","13":"purchasable","14":"product-type-variable","15":"has-default-attributes"},"acf":[],"yoast_head":"<!-- This site is optimized with the Yoast SEO plugin v27.3 - https:\/\/yoast.com\/product\/yoast-seo-wordpress\/ -->\n<title>Loop ForestBed\u2122 - Loop Biotech<\/title>\n<meta name=\"robots\" content=\"index, follow, max-snippet:-1, max-image-preview:large, max-video-preview:-1\" \/>\n<link rel=\"canonical\" href=\"https:\/\/loop-biotech.com\/fr\/produit\/forestbed\/\" \/>\n<meta property=\"og:locale\" content=\"fr_FR\" \/>\n<meta property=\"og:type\" content=\"article\" \/>\n<meta property=\"og:title\" content=\"Loop ForestBed\u2122 - Loop Biotech\" \/>\n<meta property=\"og:description\" content=\"Le Loop ForestBed\u2122 est le premier porte-b\u00e9b\u00e9 fun\u00e9raire au monde fabriqu\u00e9 \u00e0 partir de champignons. Cultiv\u00e9 en seulement 7 jours \u00e0 partir de champignons locaux et de chanvre, il retourne enti\u00e8rement \u00e0 la terre en 45 jours, enrichissant la nature de la mani\u00e8re la plus naturelle qui soit. Doubl\u00e9 d&#039;un doux lit de mousse (d&#039;autres rev\u00eatements naturels sont disponibles), il est propos\u00e9 dans les couleurs &quot;Calme&quot; ou &quot;Sauvage&quot;. Certifi\u00e9 pour l&#039;inhumation naturelle, l&#039;inhumation traditionnelle et la cr\u00e9mation. Un choix sinc\u00e8re pour ceux qui souhaitent rendre \u00e0 la nature ce qu&#039;elle leur a donn\u00e9 et laisser aux g\u00e9n\u00e9rations futures un monde meilleur.\" \/>\n<meta property=\"og:url\" content=\"https:\/\/loop-biotech.com\/fr\/produit\/forestbed\/\" \/>\n<meta property=\"og:site_name\" content=\"Loop Biotech\" \/>\n<meta property=\"article:modified_time\" content=\"2026-01-29T08:52:29+00:00\" \/>\n<meta property=\"og:image\" content=\"https:\/\/loop-biotech.com\/wp-content\/uploads\/2025\/03\/10.-Loop-ForestBed\u2122-\u00a9Loop-Biotech-scaled.jpg\" \/>\n\t<meta property=\"og:image:width\" content=\"2560\" \/>\n\t<meta property=\"og:image:height\" content=\"1707\" \/>\n\t<meta property=\"og:image:type\" content=\"image\/jpeg\" \/>\n<meta name=\"twitter:card\" content=\"summary_large_image\" \/>\n<meta name=\"twitter:label1\" content=\"Dur\u00e9e de lecture estim\u00e9e\" \/>\n\t<meta name=\"twitter:data1\" content=\"1 minute\" \/>\n<script type=\"application\/ld+json\" class=\"yoast-schema-graph\">{\"@context\":\"https:\\\/\\\/schema.org\",\"@graph\":[{\"@type\":\"WebPage\",\"@id\":\"https:\\\/\\\/loop-biotech.com\\\/fr\\\/produit\\\/forestbed\\\/\",\"url\":\"https:\\\/\\\/loop-biotech.com\\\/fr\\\/produit\\\/forestbed\\\/\",\"name\":\"Loop ForestBed\u2122 - Loop Biotech\",\"isPartOf\":{\"@id\":\"https:\\\/\\\/loop-biotech.com\\\/fr\\\/#website\"},\"primaryImageOfPage\":{\"@id\":\"https:\\\/\\\/loop-biotech.com\\\/fr\\\/produit\\\/forestbed\\\/#primaryimage\"},\"image\":{\"@id\":\"https:\\\/\\\/loop-biotech.com\\\/fr\\\/produit\\\/forestbed\\\/#primaryimage\"},\"thumbnailUrl\":\"https:\\\/\\\/loop-biotech.com\\\/wp-content\\\/uploads\\\/2025\\\/03\\\/10.-Loop-ForestBed\u2122-\u00a9Loop-Biotech-scaled.jpg\",\"datePublished\":\"2025-03-10T14:51:54+00:00\",\"dateModified\":\"2026-01-29T08:52:29+00:00\",\"breadcrumb\":{\"@id\":\"https:\\\/\\\/loop-biotech.com\\\/fr\\\/produit\\\/forestbed\\\/#breadcrumb\"},\"inLanguage\":\"fr-FR\",\"potentialAction\":[{\"@type\":\"ReadAction\",\"target\":[\"https:\\\/\\\/loop-biotech.com\\\/fr\\\/produit\\\/forestbed\\\/\"]}]},{\"@type\":\"ImageObject\",\"inLanguage\":\"fr-FR\",\"@id\":\"https:\\\/\\\/loop-biotech.com\\\/fr\\\/produit\\\/forestbed\\\/#primaryimage\",\"url\":\"https:\\\/\\\/loop-biotech.com\\\/wp-content\\\/uploads\\\/2025\\\/03\\\/10.-Loop-ForestBed\u2122-\u00a9Loop-Biotech-scaled.jpg\",\"contentUrl\":\"https:\\\/\\\/loop-biotech.com\\\/wp-content\\\/uploads\\\/2025\\\/03\\\/10.-Loop-ForestBed\u2122-\u00a9Loop-Biotech-scaled.jpg\",\"width\":2560,\"height\":1707},{\"@type\":\"BreadcrumbList\",\"@id\":\"https:\\\/\\\/loop-biotech.com\\\/fr\\\/produit\\\/forestbed\\\/#breadcrumb\",\"itemListElement\":[{\"@type\":\"ListItem\",\"position\":1,\"name\":\"Accueil\",\"item\":\"https:\\\/\\\/loop-biotech.com\\\/fr\\\/\"},{\"@type\":\"ListItem\",\"position\":2,\"name\":\"Boutique\",\"item\":\"https:\\\/\\\/loop-biotech.com\\\/fr\\\/boutique\\\/\"},{\"@type\":\"ListItem\",\"position\":3,\"name\":\"Loop ForestBed\u2122\"}]},{\"@type\":\"WebSite\",\"@id\":\"https:\\\/\\\/loop-biotech.com\\\/fr\\\/#website\",\"url\":\"https:\\\/\\\/loop-biotech.com\\\/fr\\\/\",\"name\":\"Loop Biotech\",\"description\":\"Enrichissons la nature\",\"potentialAction\":[{\"@type\":\"SearchAction\",\"target\":{\"@type\":\"EntryPoint\",\"urlTemplate\":\"https:\\\/\\\/loop-biotech.com\\\/fr\\\/?s={search_term_string}\"},\"query-input\":{\"@type\":\"PropertyValueSpecification\",\"valueRequired\":true,\"valueName\":\"search_term_string\"}}],\"inLanguage\":\"fr-FR\"}]}<\/script>\n<!-- \/ Yoast SEO plugin. -->","yoast_head_json":{"title":"Loop ForestBed\u2122 - Loop Biotech","robots":{"index":"index","follow":"follow","max-snippet":"max-snippet:-1","max-image-preview":"max-image-preview:large","max-video-preview":"max-video-preview:-1"},"canonical":"https:\/\/loop-biotech.com\/fr\/produit\/forestbed\/","og_locale":"fr_FR","og_type":"article","og_title":"Loop ForestBed\u2122 - Loop Biotech","og_description":"Le Loop ForestBed\u2122 est le premier porte-b\u00e9b\u00e9 fun\u00e9raire au monde fabriqu\u00e9 \u00e0 partir de champignons. Cultiv\u00e9 en seulement 7 jours \u00e0 partir de champignons locaux et de chanvre, il retourne enti\u00e8rement \u00e0 la terre en 45 jours, enrichissant la nature de la mani\u00e8re la plus naturelle qui soit. Doubl\u00e9 d'un doux lit de mousse (d'autres rev\u00eatements naturels sont disponibles), il est propos\u00e9 dans les couleurs \"Calme\" ou \"Sauvage\". Certifi\u00e9 pour l'inhumation naturelle, l'inhumation traditionnelle et la cr\u00e9mation. Un choix sinc\u00e8re pour ceux qui souhaitent rendre \u00e0 la nature ce qu'elle leur a donn\u00e9 et laisser aux g\u00e9n\u00e9rations futures un monde meilleur.","og_url":"https:\/\/loop-biotech.com\/fr\/produit\/forestbed\/","og_site_name":"Loop Biotech","article_modified_time":"2026-01-29T08:52:29+00:00","og_image":[{"width":2560,"height":1707,"url":"https:\/\/loop-biotech.com\/wp-content\/uploads\/2025\/03\/10.-Loop-ForestBed\u2122-\u00a9Loop-Biotech-scaled.jpg","type":"image\/jpeg"}],"twitter_card":"summary_large_image","twitter_misc":{"Dur\u00e9e de lecture estim\u00e9e":"1 minute"},"schema":{"@context":"https:\/\/schema.org","@graph":[{"@type":"WebPage","@id":"https:\/\/loop-biotech.com\/fr\/produit\/forestbed\/","url":"https:\/\/loop-biotech.com\/fr\/produit\/forestbed\/","name":"Loop ForestBed\u2122 - Loop Biotech","isPartOf":{"@id":"https:\/\/loop-biotech.com\/fr\/#website"},"primaryImageOfPage":{"@id":"https:\/\/loop-biotech.com\/fr\/produit\/forestbed\/#primaryimage"},"image":{"@id":"https:\/\/loop-biotech.com\/fr\/produit\/forestbed\/#primaryimage"},"thumbnailUrl":"https:\/\/loop-biotech.com\/wp-content\/uploads\/2025\/03\/10.-Loop-ForestBed\u2122-\u00a9Loop-Biotech-scaled.jpg","datePublished":"2025-03-10T14:51:54+00:00","dateModified":"2026-01-29T08:52:29+00:00","breadcrumb":{"@id":"https:\/\/loop-biotech.com\/fr\/produit\/forestbed\/#breadcrumb"},"inLanguage":"fr-FR","potentialAction":[{"@type":"ReadAction","target":["https:\/\/loop-biotech.com\/fr\/produit\/forestbed\/"]}]},{"@type":"ImageObject","inLanguage":"fr-FR","@id":"https:\/\/loop-biotech.com\/fr\/produit\/forestbed\/#primaryimage","url":"https:\/\/loop-biotech.com\/wp-content\/uploads\/2025\/03\/10.-Loop-ForestBed\u2122-\u00a9Loop-Biotech-scaled.jpg","contentUrl":"https:\/\/loop-biotech.com\/wp-content\/uploads\/2025\/03\/10.-Loop-ForestBed\u2122-\u00a9Loop-Biotech-scaled.jpg","width":2560,"height":1707},{"@type":"BreadcrumbList","@id":"https:\/\/loop-biotech.com\/fr\/produit\/forestbed\/#breadcrumb","itemListElement":[{"@type":"ListItem","position":1,"name":"Accueil","item":"https:\/\/loop-biotech.com\/fr\/"},{"@type":"ListItem","position":2,"name":"Boutique","item":"https:\/\/loop-biotech.com\/fr\/boutique\/"},{"@type":"ListItem","position":3,"name":"Loop ForestBed\u2122"}]},{"@type":"WebSite","@id":"https:\/\/loop-biotech.com\/fr\/#website","url":"https:\/\/loop-biotech.com\/fr\/","name":"Loop Biotech","description":"Enrichissons la nature","potentialAction":[{"@type":"SearchAction","target":{"@type":"EntryPoint","urlTemplate":"https:\/\/loop-biotech.com\/fr\/?s={search_term_string}"},"query-input":{"@type":"PropertyValueSpecification","valueRequired":true,"valueName":"search_term_string"}}],"inLanguage":"fr-FR"}]}},"_links":{"self":[{"href":"https:\/\/loop-biotech.com\/fr\/wp-json\/wp\/v2\/product\/19302","targetHints":{"allow":["GET"]}}],"collection":[{"href":"https:\/\/loop-biotech.com\/fr\/wp-json\/wp\/v2\/product"}],"about":[{"href":"https:\/\/loop-biotech.com\/fr\/wp-json\/wp\/v2\/types\/product"}],"wp:featuredmedia":[{"embeddable":true,"href":"https:\/\/loop-biotech.com\/fr\/wp-json\/wp\/v2\/media\/16441"}],"wp:attachment":[{"href":"https:\/\/loop-biotech.com\/fr\/wp-json\/wp\/v2\/media?parent=19302"}],"wp:term":[{"taxonomy":"product_brand","embeddable":true,"href":"https:\/\/loop-biotech.com\/fr\/wp-json\/wp\/v2\/product_brand?post=19302"},{"taxonomy":"product_cat","embeddable":true,"href":"https:\/\/loop-biotech.com\/fr\/wp-json\/wp\/v2\/product_cat?post=19302"},{"taxonomy":"product_tag","embeddable":true,"href":"https:\/\/loop-biotech.com\/fr\/wp-json\/wp\/v2\/product_tag?post=19302"}],"curies":[{"name":"wp","href":"https:\/\/api.w.org\/{rel}","templated":true}]}}