{"id":19344,"date":"2025-03-10T21:53:28","date_gmt":"2025-03-10T20:53:28","guid":{"rendered":"https:\/\/loop-biotech.com\/product\/boite-a-decouvertes\/"},"modified":"2025-11-04T15:27:58","modified_gmt":"2025-11-04T14:27:58","slug":"discovery-box","status":"publish","type":"product","link":"https:\/\/loop-biotech.com\/fr\/produit\/discovery-box\/","title":{"rendered":"Bo\u00eete \u00e0 d\u00e9couvertes"},"content":{"rendered":"<p>D\u00e9couvrez le pouvoir du myc\u00e9lium par vous-m\u00eame gr\u00e2ce \u00e0 notre bo\u00eete de d\u00e9couverte. \u00c0 l&rsquo;int\u00e9rieur, vous trouverez un \u00e9chantillon de champignon \u00e0 toucher et \u00e0 sentir, notre Loopbook et des informations suppl\u00e9mentaires sur nos solutions fun\u00e9raires durables. Il s&rsquo;agit d&rsquo;une introduction compacte et inspirante \u00e0 une mani\u00e8re naturelle et consciente de dire au revoir.<\/p>\n","protected":false},"excerpt":{"rendered":"<p>La Loop Discovery Box offre un moyen significatif d&rsquo;explorer un adieu naturel, une introduction pratique \u00e0 une nouvelle fa\u00e7on de retourner \u00e0 la nature. Vous y trouverez un \u00e9chantillon de champignon, des informations sur notre mission d&rsquo;enrichissement de la nature et tout ce dont vous avez besoin pour d\u00e9couvrir l&rsquo;adieu le plus naturel du monde, \u00e0 votre propre rythme. Vous n&rsquo;avez pas encore pris votre d\u00e9cision ? Vous voulez impliquer votre famille ? Ou vous avez simplement besoin d&rsquo;un objet tangible \u00e0 tenir et \u00e0 partager ? C&rsquo;est la premi\u00e8re \u00e9tape. Vous avez le choix entre une bo\u00eete de d\u00e9couverte physique joliment emball\u00e9e (livr\u00e9e \u00e0 domicile) ou une version num\u00e9rique gratuite (envoy\u00e9e instantan\u00e9ment dans votre bo\u00eete aux lettres \u00e9lectronique).<\/p>\n","protected":false},"featured_media":19348,"template":"","meta":{"_acf_changed":false},"product_brand":[],"product_cat":[233],"product_tag":[],"class_list":{"0":"post-19344","1":"product","2":"type-product","3":"status-publish","4":"has-post-thumbnail","6":"product_cat-boite-a-decouvertes","7":"product_shipping_class-pochette-pour-bus-de-brieven","9":"first","10":"instock","11":"taxable","12":"shipping-taxable","13":"purchasable","14":"product-type-variable","15":"has-default-attributes"},"acf":[],"yoast_head":"<!-- This site is optimized with the Yoast SEO plugin v27.3 - https:\/\/yoast.com\/product\/yoast-seo-wordpress\/ -->\n<title>Bo\u00eete \u00e0 d\u00e9couvertes - Loop Biotech<\/title>\n<meta name=\"robots\" content=\"index, follow, max-snippet:-1, max-image-preview:large, max-video-preview:-1\" \/>\n<link rel=\"canonical\" href=\"https:\/\/loop-biotech.com\/fr\/produit\/discovery-box\/\" \/>\n<meta property=\"og:locale\" content=\"fr_FR\" \/>\n<meta property=\"og:type\" content=\"article\" \/>\n<meta property=\"og:title\" content=\"Bo\u00eete \u00e0 d\u00e9couvertes - Loop Biotech\" \/>\n<meta property=\"og:description\" content=\"La Loop Discovery Box offre un moyen significatif d&#039;explorer un adieu naturel, une introduction pratique \u00e0 une nouvelle fa\u00e7on de retourner \u00e0 la nature. Vous y trouverez un \u00e9chantillon de champignon, des informations sur notre mission d&#039;enrichissement de la nature et tout ce dont vous avez besoin pour d\u00e9couvrir l&#039;adieu le plus naturel du monde, \u00e0 votre propre rythme. Vous n&#039;avez pas encore pris votre d\u00e9cision ? Vous voulez impliquer votre famille ? Ou vous avez simplement besoin d&#039;un objet tangible \u00e0 tenir et \u00e0 partager ? C&#039;est la premi\u00e8re \u00e9tape. Vous avez le choix entre une bo\u00eete de d\u00e9couverte physique joliment emball\u00e9e (livr\u00e9e \u00e0 domicile) ou une version num\u00e9rique gratuite (envoy\u00e9e instantan\u00e9ment dans votre bo\u00eete aux lettres \u00e9lectronique).\" \/>\n<meta property=\"og:url\" content=\"https:\/\/loop-biotech.com\/fr\/produit\/discovery-box\/\" \/>\n<meta property=\"og:site_name\" content=\"Loop Biotech\" \/>\n<meta property=\"article:modified_time\" content=\"2025-11-04T14:27:58+00:00\" \/>\n<meta property=\"og:image\" content=\"https:\/\/loop-biotech.com\/wp-content\/uploads\/2025\/03\/Still-Discovery-Box.jpg\" \/>\n\t<meta property=\"og:image:width\" content=\"1920\" \/>\n\t<meta property=\"og:image:height\" content=\"1080\" \/>\n\t<meta property=\"og:image:type\" content=\"image\/jpeg\" \/>\n<meta name=\"twitter:card\" content=\"summary_large_image\" \/>\n<meta name=\"twitter:label1\" content=\"Dur\u00e9e de lecture estim\u00e9e\" \/>\n\t<meta name=\"twitter:data1\" content=\"1 minute\" \/>\n<script type=\"application\/ld+json\" class=\"yoast-schema-graph\">{\"@context\":\"https:\\\/\\\/schema.org\",\"@graph\":[{\"@type\":\"WebPage\",\"@id\":\"https:\\\/\\\/loop-biotech.com\\\/fr\\\/produit\\\/discovery-box\\\/\",\"url\":\"https:\\\/\\\/loop-biotech.com\\\/fr\\\/produit\\\/discovery-box\\\/\",\"name\":\"Bo\u00eete \u00e0 d\u00e9couvertes - Loop Biotech\",\"isPartOf\":{\"@id\":\"https:\\\/\\\/loop-biotech.com\\\/fr\\\/#website\"},\"primaryImageOfPage\":{\"@id\":\"https:\\\/\\\/loop-biotech.com\\\/fr\\\/produit\\\/discovery-box\\\/#primaryimage\"},\"image\":{\"@id\":\"https:\\\/\\\/loop-biotech.com\\\/fr\\\/produit\\\/discovery-box\\\/#primaryimage\"},\"thumbnailUrl\":\"https:\\\/\\\/loop-biotech.com\\\/wp-content\\\/uploads\\\/2025\\\/03\\\/Still-Discovery-Box.jpg\",\"datePublished\":\"2025-03-10T20:53:28+00:00\",\"dateModified\":\"2025-11-04T14:27:58+00:00\",\"breadcrumb\":{\"@id\":\"https:\\\/\\\/loop-biotech.com\\\/fr\\\/produit\\\/discovery-box\\\/#breadcrumb\"},\"inLanguage\":\"fr-FR\",\"potentialAction\":[{\"@type\":\"ReadAction\",\"target\":[\"https:\\\/\\\/loop-biotech.com\\\/fr\\\/produit\\\/discovery-box\\\/\"]}]},{\"@type\":\"ImageObject\",\"inLanguage\":\"fr-FR\",\"@id\":\"https:\\\/\\\/loop-biotech.com\\\/fr\\\/produit\\\/discovery-box\\\/#primaryimage\",\"url\":\"https:\\\/\\\/loop-biotech.com\\\/wp-content\\\/uploads\\\/2025\\\/03\\\/Still-Discovery-Box.jpg\",\"contentUrl\":\"https:\\\/\\\/loop-biotech.com\\\/wp-content\\\/uploads\\\/2025\\\/03\\\/Still-Discovery-Box.jpg\",\"width\":1920,\"height\":1080},{\"@type\":\"BreadcrumbList\",\"@id\":\"https:\\\/\\\/loop-biotech.com\\\/fr\\\/produit\\\/discovery-box\\\/#breadcrumb\",\"itemListElement\":[{\"@type\":\"ListItem\",\"position\":1,\"name\":\"Accueil\",\"item\":\"https:\\\/\\\/loop-biotech.com\\\/fr\\\/\"},{\"@type\":\"ListItem\",\"position\":2,\"name\":\"Boutique\",\"item\":\"https:\\\/\\\/loop-biotech.com\\\/fr\\\/boutique\\\/\"},{\"@type\":\"ListItem\",\"position\":3,\"name\":\"Bo\u00eete \u00e0 d\u00e9couvertes\"}]},{\"@type\":\"WebSite\",\"@id\":\"https:\\\/\\\/loop-biotech.com\\\/fr\\\/#website\",\"url\":\"https:\\\/\\\/loop-biotech.com\\\/fr\\\/\",\"name\":\"Loop Biotech\",\"description\":\"Enrichissons la nature\",\"potentialAction\":[{\"@type\":\"SearchAction\",\"target\":{\"@type\":\"EntryPoint\",\"urlTemplate\":\"https:\\\/\\\/loop-biotech.com\\\/fr\\\/?s={search_term_string}\"},\"query-input\":{\"@type\":\"PropertyValueSpecification\",\"valueRequired\":true,\"valueName\":\"search_term_string\"}}],\"inLanguage\":\"fr-FR\"}]}<\/script>\n<!-- \/ Yoast SEO plugin. -->","yoast_head_json":{"title":"Bo\u00eete \u00e0 d\u00e9couvertes - Loop Biotech","robots":{"index":"index","follow":"follow","max-snippet":"max-snippet:-1","max-image-preview":"max-image-preview:large","max-video-preview":"max-video-preview:-1"},"canonical":"https:\/\/loop-biotech.com\/fr\/produit\/discovery-box\/","og_locale":"fr_FR","og_type":"article","og_title":"Bo\u00eete \u00e0 d\u00e9couvertes - Loop Biotech","og_description":"La Loop Discovery Box offre un moyen significatif d'explorer un adieu naturel, une introduction pratique \u00e0 une nouvelle fa\u00e7on de retourner \u00e0 la nature. Vous y trouverez un \u00e9chantillon de champignon, des informations sur notre mission d'enrichissement de la nature et tout ce dont vous avez besoin pour d\u00e9couvrir l'adieu le plus naturel du monde, \u00e0 votre propre rythme. Vous n'avez pas encore pris votre d\u00e9cision ? Vous voulez impliquer votre famille ? Ou vous avez simplement besoin d'un objet tangible \u00e0 tenir et \u00e0 partager ? C'est la premi\u00e8re \u00e9tape. Vous avez le choix entre une bo\u00eete de d\u00e9couverte physique joliment emball\u00e9e (livr\u00e9e \u00e0 domicile) ou une version num\u00e9rique gratuite (envoy\u00e9e instantan\u00e9ment dans votre bo\u00eete aux lettres \u00e9lectronique).","og_url":"https:\/\/loop-biotech.com\/fr\/produit\/discovery-box\/","og_site_name":"Loop Biotech","article_modified_time":"2025-11-04T14:27:58+00:00","og_image":[{"width":1920,"height":1080,"url":"https:\/\/loop-biotech.com\/wp-content\/uploads\/2025\/03\/Still-Discovery-Box.jpg","type":"image\/jpeg"}],"twitter_card":"summary_large_image","twitter_misc":{"Dur\u00e9e de lecture estim\u00e9e":"1 minute"},"schema":{"@context":"https:\/\/schema.org","@graph":[{"@type":"WebPage","@id":"https:\/\/loop-biotech.com\/fr\/produit\/discovery-box\/","url":"https:\/\/loop-biotech.com\/fr\/produit\/discovery-box\/","name":"Bo\u00eete \u00e0 d\u00e9couvertes - Loop Biotech","isPartOf":{"@id":"https:\/\/loop-biotech.com\/fr\/#website"},"primaryImageOfPage":{"@id":"https:\/\/loop-biotech.com\/fr\/produit\/discovery-box\/#primaryimage"},"image":{"@id":"https:\/\/loop-biotech.com\/fr\/produit\/discovery-box\/#primaryimage"},"thumbnailUrl":"https:\/\/loop-biotech.com\/wp-content\/uploads\/2025\/03\/Still-Discovery-Box.jpg","datePublished":"2025-03-10T20:53:28+00:00","dateModified":"2025-11-04T14:27:58+00:00","breadcrumb":{"@id":"https:\/\/loop-biotech.com\/fr\/produit\/discovery-box\/#breadcrumb"},"inLanguage":"fr-FR","potentialAction":[{"@type":"ReadAction","target":["https:\/\/loop-biotech.com\/fr\/produit\/discovery-box\/"]}]},{"@type":"ImageObject","inLanguage":"fr-FR","@id":"https:\/\/loop-biotech.com\/fr\/produit\/discovery-box\/#primaryimage","url":"https:\/\/loop-biotech.com\/wp-content\/uploads\/2025\/03\/Still-Discovery-Box.jpg","contentUrl":"https:\/\/loop-biotech.com\/wp-content\/uploads\/2025\/03\/Still-Discovery-Box.jpg","width":1920,"height":1080},{"@type":"BreadcrumbList","@id":"https:\/\/loop-biotech.com\/fr\/produit\/discovery-box\/#breadcrumb","itemListElement":[{"@type":"ListItem","position":1,"name":"Accueil","item":"https:\/\/loop-biotech.com\/fr\/"},{"@type":"ListItem","position":2,"name":"Boutique","item":"https:\/\/loop-biotech.com\/fr\/boutique\/"},{"@type":"ListItem","position":3,"name":"Bo\u00eete \u00e0 d\u00e9couvertes"}]},{"@type":"WebSite","@id":"https:\/\/loop-biotech.com\/fr\/#website","url":"https:\/\/loop-biotech.com\/fr\/","name":"Loop Biotech","description":"Enrichissons la nature","potentialAction":[{"@type":"SearchAction","target":{"@type":"EntryPoint","urlTemplate":"https:\/\/loop-biotech.com\/fr\/?s={search_term_string}"},"query-input":{"@type":"PropertyValueSpecification","valueRequired":true,"valueName":"search_term_string"}}],"inLanguage":"fr-FR"}]}},"_links":{"self":[{"href":"https:\/\/loop-biotech.com\/fr\/wp-json\/wp\/v2\/product\/19344","targetHints":{"allow":["GET"]}}],"collection":[{"href":"https:\/\/loop-biotech.com\/fr\/wp-json\/wp\/v2\/product"}],"about":[{"href":"https:\/\/loop-biotech.com\/fr\/wp-json\/wp\/v2\/types\/product"}],"wp:featuredmedia":[{"embeddable":true,"href":"https:\/\/loop-biotech.com\/fr\/wp-json\/wp\/v2\/media\/19348"}],"wp:attachment":[{"href":"https:\/\/loop-biotech.com\/fr\/wp-json\/wp\/v2\/media?parent=19344"}],"wp:term":[{"taxonomy":"product_brand","embeddable":true,"href":"https:\/\/loop-biotech.com\/fr\/wp-json\/wp\/v2\/product_brand?post=19344"},{"taxonomy":"product_cat","embeddable":true,"href":"https:\/\/loop-biotech.com\/fr\/wp-json\/wp\/v2\/product_cat?post=19344"},{"taxonomy":"product_tag","embeddable":true,"href":"https:\/\/loop-biotech.com\/fr\/wp-json\/wp\/v2\/product_tag?post=19344"}],"curies":[{"name":"wp","href":"https:\/\/api.w.org\/{rel}","templated":true}]}}