{"id":19462,"date":"2025-05-30T14:24:08","date_gmt":"2025-05-30T12:24:08","guid":{"rendered":"https:\/\/loop-biotech.com\/product\/bon-dachat-loop\/"},"modified":"2025-11-04T14:56:20","modified_gmt":"2025-11-04T13:56:20","slug":"bon","status":"publish","type":"product","link":"https:\/\/loop-biotech.com\/fr\/produit\/bon\/","title":{"rendered":"Bon d\u2019achat Loop"},"content":{"rendered":"<p>R\u00e9servez un Loop Living Cocoon\u2122 ou un Loop ForestBed\u2122 pour plus tard avec le bon d\u2019achat Loop. Assurez votre choix, soulagez vos proches et laissez un monde meilleur aux g\u00e9n\u00e9rations futures.<\/p>\n","protected":false},"excerpt":{"rendered":"<p>Assurez votre choix, soulagez vos proches et laissez un monde meilleur aux g\u00e9n\u00e9rations futures. Planifiez \u00e0 l&rsquo;avance et r\u00e9servez un Loop Living Cocoon\u2122 ou un ForestBed\u2122 pour plus tard gr\u00e2ce au bon Loop. Que vous en ayez besoin dans 1 an ou dans 30 ans, vous serez officiellement enregistr\u00e9, et nous coordonnerons tout avec vos proches et l&rsquo;entreprise de pompes fun\u00e8bres, afin que votre h\u00e9ritage naturel soit enti\u00e8rement pris en charge.<\/p>\n","protected":false},"featured_media":15944,"template":"","meta":{"_acf_changed":false},"product_brand":[],"product_cat":[217,242],"product_tag":[312],"class_list":{"0":"post-19462","1":"product","2":"type-product","3":"status-publish","4":"has-post-thumbnail","6":"product_cat-loop-forestbed-fr","7":"product_cat-loop-living-cocoon-fr","8":"product_tag-bon-dachat","9":"product_shipping_class-pochette-pour-bus-de-brieven","11":"first","12":"instock","13":"taxable","14":"shipping-taxable","15":"purchasable","16":"product-type-variable","17":"has-default-attributes"},"acf":[],"yoast_head":"<!-- This site is optimized with the Yoast SEO plugin v27.3 - https:\/\/yoast.com\/product\/yoast-seo-wordpress\/ -->\n<title>Bon d\u2019achat Loop - Loop Biotech<\/title>\n<meta name=\"robots\" content=\"index, follow, max-snippet:-1, max-image-preview:large, max-video-preview:-1\" \/>\n<link rel=\"canonical\" href=\"https:\/\/loop-biotech.com\/fr\/produit\/bon\/\" \/>\n<meta property=\"og:locale\" content=\"fr_FR\" \/>\n<meta property=\"og:type\" content=\"article\" \/>\n<meta property=\"og:title\" content=\"Bon d\u2019achat Loop - Loop Biotech\" \/>\n<meta property=\"og:description\" content=\"Assurez votre choix, soulagez vos proches et laissez un monde meilleur aux g\u00e9n\u00e9rations futures. Planifiez \u00e0 l&#039;avance et r\u00e9servez un Loop Living Cocoon\u2122 ou un ForestBed\u2122 pour plus tard gr\u00e2ce au bon Loop. Que vous en ayez besoin dans 1 an ou dans 30 ans, vous serez officiellement enregistr\u00e9, et nous coordonnerons tout avec vos proches et l&#039;entreprise de pompes fun\u00e8bres, afin que votre h\u00e9ritage naturel soit enti\u00e8rement pris en charge.\" \/>\n<meta property=\"og:url\" content=\"https:\/\/loop-biotech.com\/fr\/produit\/bon\/\" \/>\n<meta property=\"og:site_name\" content=\"Loop Biotech\" \/>\n<meta property=\"article:modified_time\" content=\"2025-11-04T13:56:20+00:00\" \/>\n<meta property=\"og:image\" content=\"https:\/\/loop-biotech.com\/wp-content\/uploads\/2025\/05\/voucher.png\" \/>\n\t<meta property=\"og:image:width\" content=\"1077\" \/>\n\t<meta property=\"og:image:height\" content=\"683\" \/>\n\t<meta property=\"og:image:type\" content=\"image\/png\" \/>\n<meta name=\"twitter:card\" content=\"summary_large_image\" \/>\n<meta name=\"twitter:label1\" content=\"Dur\u00e9e de lecture estim\u00e9e\" \/>\n\t<meta name=\"twitter:data1\" content=\"1 minute\" \/>\n<script type=\"application\/ld+json\" class=\"yoast-schema-graph\">{\"@context\":\"https:\\\/\\\/schema.org\",\"@graph\":[{\"@type\":\"WebPage\",\"@id\":\"https:\\\/\\\/loop-biotech.com\\\/fr\\\/produit\\\/bon\\\/\",\"url\":\"https:\\\/\\\/loop-biotech.com\\\/fr\\\/produit\\\/bon\\\/\",\"name\":\"Bon d\u2019achat Loop - Loop Biotech\",\"isPartOf\":{\"@id\":\"https:\\\/\\\/loop-biotech.com\\\/fr\\\/#website\"},\"primaryImageOfPage\":{\"@id\":\"https:\\\/\\\/loop-biotech.com\\\/fr\\\/produit\\\/bon\\\/#primaryimage\"},\"image\":{\"@id\":\"https:\\\/\\\/loop-biotech.com\\\/fr\\\/produit\\\/bon\\\/#primaryimage\"},\"thumbnailUrl\":\"https:\\\/\\\/loop-biotech.com\\\/wp-content\\\/uploads\\\/2025\\\/05\\\/voucher.png\",\"datePublished\":\"2025-05-30T12:24:08+00:00\",\"dateModified\":\"2025-11-04T13:56:20+00:00\",\"breadcrumb\":{\"@id\":\"https:\\\/\\\/loop-biotech.com\\\/fr\\\/produit\\\/bon\\\/#breadcrumb\"},\"inLanguage\":\"fr-FR\",\"potentialAction\":[{\"@type\":\"ReadAction\",\"target\":[\"https:\\\/\\\/loop-biotech.com\\\/fr\\\/produit\\\/bon\\\/\"]}]},{\"@type\":\"ImageObject\",\"inLanguage\":\"fr-FR\",\"@id\":\"https:\\\/\\\/loop-biotech.com\\\/fr\\\/produit\\\/bon\\\/#primaryimage\",\"url\":\"https:\\\/\\\/loop-biotech.com\\\/wp-content\\\/uploads\\\/2025\\\/05\\\/voucher.png\",\"contentUrl\":\"https:\\\/\\\/loop-biotech.com\\\/wp-content\\\/uploads\\\/2025\\\/05\\\/voucher.png\",\"width\":1077,\"height\":683},{\"@type\":\"BreadcrumbList\",\"@id\":\"https:\\\/\\\/loop-biotech.com\\\/fr\\\/produit\\\/bon\\\/#breadcrumb\",\"itemListElement\":[{\"@type\":\"ListItem\",\"position\":1,\"name\":\"Accueil\",\"item\":\"https:\\\/\\\/loop-biotech.com\\\/fr\\\/\"},{\"@type\":\"ListItem\",\"position\":2,\"name\":\"Boutique\",\"item\":\"https:\\\/\\\/loop-biotech.com\\\/fr\\\/boutique\\\/\"},{\"@type\":\"ListItem\",\"position\":3,\"name\":\"Bon d\u2019achat Loop\"}]},{\"@type\":\"WebSite\",\"@id\":\"https:\\\/\\\/loop-biotech.com\\\/fr\\\/#website\",\"url\":\"https:\\\/\\\/loop-biotech.com\\\/fr\\\/\",\"name\":\"Loop Biotech\",\"description\":\"Enrichissons la nature\",\"potentialAction\":[{\"@type\":\"SearchAction\",\"target\":{\"@type\":\"EntryPoint\",\"urlTemplate\":\"https:\\\/\\\/loop-biotech.com\\\/fr\\\/?s={search_term_string}\"},\"query-input\":{\"@type\":\"PropertyValueSpecification\",\"valueRequired\":true,\"valueName\":\"search_term_string\"}}],\"inLanguage\":\"fr-FR\"}]}<\/script>\n<!-- \/ Yoast SEO plugin. -->","yoast_head_json":{"title":"Bon d\u2019achat Loop - Loop Biotech","robots":{"index":"index","follow":"follow","max-snippet":"max-snippet:-1","max-image-preview":"max-image-preview:large","max-video-preview":"max-video-preview:-1"},"canonical":"https:\/\/loop-biotech.com\/fr\/produit\/bon\/","og_locale":"fr_FR","og_type":"article","og_title":"Bon d\u2019achat Loop - Loop Biotech","og_description":"Assurez votre choix, soulagez vos proches et laissez un monde meilleur aux g\u00e9n\u00e9rations futures. Planifiez \u00e0 l'avance et r\u00e9servez un Loop Living Cocoon\u2122 ou un ForestBed\u2122 pour plus tard gr\u00e2ce au bon Loop. Que vous en ayez besoin dans 1 an ou dans 30 ans, vous serez officiellement enregistr\u00e9, et nous coordonnerons tout avec vos proches et l'entreprise de pompes fun\u00e8bres, afin que votre h\u00e9ritage naturel soit enti\u00e8rement pris en charge.","og_url":"https:\/\/loop-biotech.com\/fr\/produit\/bon\/","og_site_name":"Loop Biotech","article_modified_time":"2025-11-04T13:56:20+00:00","og_image":[{"width":1077,"height":683,"url":"https:\/\/loop-biotech.com\/wp-content\/uploads\/2025\/05\/voucher.png","type":"image\/png"}],"twitter_card":"summary_large_image","twitter_misc":{"Dur\u00e9e de lecture estim\u00e9e":"1 minute"},"schema":{"@context":"https:\/\/schema.org","@graph":[{"@type":"WebPage","@id":"https:\/\/loop-biotech.com\/fr\/produit\/bon\/","url":"https:\/\/loop-biotech.com\/fr\/produit\/bon\/","name":"Bon d\u2019achat Loop - Loop Biotech","isPartOf":{"@id":"https:\/\/loop-biotech.com\/fr\/#website"},"primaryImageOfPage":{"@id":"https:\/\/loop-biotech.com\/fr\/produit\/bon\/#primaryimage"},"image":{"@id":"https:\/\/loop-biotech.com\/fr\/produit\/bon\/#primaryimage"},"thumbnailUrl":"https:\/\/loop-biotech.com\/wp-content\/uploads\/2025\/05\/voucher.png","datePublished":"2025-05-30T12:24:08+00:00","dateModified":"2025-11-04T13:56:20+00:00","breadcrumb":{"@id":"https:\/\/loop-biotech.com\/fr\/produit\/bon\/#breadcrumb"},"inLanguage":"fr-FR","potentialAction":[{"@type":"ReadAction","target":["https:\/\/loop-biotech.com\/fr\/produit\/bon\/"]}]},{"@type":"ImageObject","inLanguage":"fr-FR","@id":"https:\/\/loop-biotech.com\/fr\/produit\/bon\/#primaryimage","url":"https:\/\/loop-biotech.com\/wp-content\/uploads\/2025\/05\/voucher.png","contentUrl":"https:\/\/loop-biotech.com\/wp-content\/uploads\/2025\/05\/voucher.png","width":1077,"height":683},{"@type":"BreadcrumbList","@id":"https:\/\/loop-biotech.com\/fr\/produit\/bon\/#breadcrumb","itemListElement":[{"@type":"ListItem","position":1,"name":"Accueil","item":"https:\/\/loop-biotech.com\/fr\/"},{"@type":"ListItem","position":2,"name":"Boutique","item":"https:\/\/loop-biotech.com\/fr\/boutique\/"},{"@type":"ListItem","position":3,"name":"Bon d\u2019achat Loop"}]},{"@type":"WebSite","@id":"https:\/\/loop-biotech.com\/fr\/#website","url":"https:\/\/loop-biotech.com\/fr\/","name":"Loop Biotech","description":"Enrichissons la nature","potentialAction":[{"@type":"SearchAction","target":{"@type":"EntryPoint","urlTemplate":"https:\/\/loop-biotech.com\/fr\/?s={search_term_string}"},"query-input":{"@type":"PropertyValueSpecification","valueRequired":true,"valueName":"search_term_string"}}],"inLanguage":"fr-FR"}]}},"_links":{"self":[{"href":"https:\/\/loop-biotech.com\/fr\/wp-json\/wp\/v2\/product\/19462","targetHints":{"allow":["GET"]}}],"collection":[{"href":"https:\/\/loop-biotech.com\/fr\/wp-json\/wp\/v2\/product"}],"about":[{"href":"https:\/\/loop-biotech.com\/fr\/wp-json\/wp\/v2\/types\/product"}],"wp:featuredmedia":[{"embeddable":true,"href":"https:\/\/loop-biotech.com\/fr\/wp-json\/wp\/v2\/media\/15944"}],"wp:attachment":[{"href":"https:\/\/loop-biotech.com\/fr\/wp-json\/wp\/v2\/media?parent=19462"}],"wp:term":[{"taxonomy":"product_brand","embeddable":true,"href":"https:\/\/loop-biotech.com\/fr\/wp-json\/wp\/v2\/product_brand?post=19462"},{"taxonomy":"product_cat","embeddable":true,"href":"https:\/\/loop-biotech.com\/fr\/wp-json\/wp\/v2\/product_cat?post=19462"},{"taxonomy":"product_tag","embeddable":true,"href":"https:\/\/loop-biotech.com\/fr\/wp-json\/wp\/v2\/product_tag?post=19462"}],"curies":[{"name":"wp","href":"https:\/\/api.w.org\/{rel}","templated":true}]}}