{"id":30553,"date":"2026-04-06T15:19:16","date_gmt":"2026-04-06T13:19:16","guid":{"rendered":"https:\/\/loop-biotech.com\/?post_type=product&#038;p=30553"},"modified":"2026-05-05T11:49:03","modified_gmt":"2026-05-05T09:49:03","slug":"loop-little-cocoon","status":"publish","type":"product","link":"https:\/\/loop-biotech.com\/fr\/produit\/loop-little-cocoon\/","title":{"rendered":"Loop Little Cocoon\u2122"},"content":{"rendered":"<p class=\"p2\">Pour les plus petites vies, tenues avec le plus grand amour.<\/p>\n<p class=\"p2\">Dans les moments qui arrivent trop vite, il y a un besoin discret de les garder pr\u00e8s de soi, ne serait-ce que pour un petit moment.<\/p>\n<p class=\"p2\">Le Loop Little Cocoon\u2122 est cr\u00e9\u00e9 pour les b\u00e9b\u00e9s mort-n\u00e9s ou d\u00e9c\u00e9d\u00e9s peu apr\u00e8s la naissance. Un cocon doux, chaud et naturel qui permet aux parents de tenir leur enfant et de lui dire au revoir \u00e0 leur mani\u00e8re. <\/p>\n<p class=\"p2\">Cultiv\u00e9 \u00e0 partir de champignons et de fibres de chanvre recycl\u00e9es, il retourne doucement \u00e0 la terre. \u00c0 l&rsquo;int\u00e9rieur, un doux lit de mousse ou de laine cr\u00e9e un lieu de repos calme et r\u00e9confortant. <\/p>\n<p class=\"p2\">Convient \u00e0 l&rsquo;inhumation naturelle, \u00e0 l&rsquo;inhumation traditionnelle et \u00e0 la cr\u00e9mation.<\/p>\n","protected":false},"excerpt":{"rendered":"<p class=\"p2\">Pour les plus petites vies, tenues avec le plus grand amour.<\/p>\n<p class=\"p2\">Dans les moments qui arrivent trop vite, il y a un besoin discret de les garder pr\u00e8s de soi, ne serait-ce que pour un petit moment.<\/p>\n<p class=\"p2\">Le Loop Little Cocoon\u2122 est cr\u00e9\u00e9 pour les b\u00e9b\u00e9s mort-n\u00e9s ou d\u00e9c\u00e9d\u00e9s peu apr\u00e8s la naissance. Un cocon doux, chaud et naturel qui permet aux parents de tenir leur enfant et de lui dire au revoir \u00e0 leur mani\u00e8re. <\/p>\n<p class=\"p2\">Cultiv\u00e9 \u00e0 partir de champignons et de fibres de chanvre recycl\u00e9es, il retourne doucement \u00e0 la terre. \u00c0 l&rsquo;int\u00e9rieur, un doux lit de mousse ou de laine cr\u00e9e un lieu de repos calme et r\u00e9confortant. <\/p>\n<p class=\"p2\">Convient \u00e0 l&rsquo;inhumation naturelle, \u00e0 l&rsquo;inhumation traditionnelle et \u00e0 la cr\u00e9mation.<\/p>\n","protected":false},"featured_media":31006,"template":"","meta":{"_acf_changed":false},"product_brand":[],"product_cat":[432],"product_tag":[],"class_list":{"0":"post-30553","1":"product","2":"type-product","3":"status-publish","4":"has-post-thumbnail","6":"product_cat-loop-little-cocoon","7":"product_shipping_class-palette","9":"first","10":"instock","11":"taxable","12":"shipping-taxable","13":"purchasable","14":"product-type-variable","15":"has-default-attributes"},"acf":[],"yoast_head":"<!-- This site is optimized with the Yoast SEO plugin v27.5 - https:\/\/yoast.com\/product\/yoast-seo-wordpress\/ -->\n<title>Loop Little Cocoon\u2122 - Loop Biotech<\/title>\n<meta name=\"robots\" content=\"index, follow, max-snippet:-1, max-image-preview:large, max-video-preview:-1\" \/>\n<link rel=\"canonical\" href=\"https:\/\/loop-biotech.com\/fr\/produit\/loop-little-cocoon\/\" \/>\n<meta property=\"og:locale\" content=\"fr_FR\" \/>\n<meta property=\"og:type\" content=\"article\" \/>\n<meta property=\"og:title\" content=\"Loop Little Cocoon\u2122 - Loop Biotech\" \/>\n<meta property=\"og:description\" content=\"Pour les plus petites vies, tenues avec le plus grand amour. Dans les moments qui arrivent trop vite, il y a un besoin discret de les garder pr\u00e8s de soi, ne serait-ce que pour un petit moment. Le Loop Little Cocoon\u2122 est cr\u00e9\u00e9 pour les b\u00e9b\u00e9s mort-n\u00e9s ou d\u00e9c\u00e9d\u00e9s peu apr\u00e8s la naissance. Un cocon doux, chaud et naturel qui permet aux parents de tenir leur enfant et de lui dire au revoir \u00e0 leur mani\u00e8re. Cultiv\u00e9 \u00e0 partir de champignons et de fibres de chanvre recycl\u00e9es, il retourne doucement \u00e0 la terre. \u00c0 l&#039;int\u00e9rieur, un doux lit de mousse ou de laine cr\u00e9e un lieu de repos calme et r\u00e9confortant. Convient \u00e0 l&#039;inhumation naturelle, \u00e0 l&#039;inhumation traditionnelle et \u00e0 la cr\u00e9mation.\" \/>\n<meta property=\"og:url\" content=\"https:\/\/loop-biotech.com\/fr\/produit\/loop-little-cocoon\/\" \/>\n<meta property=\"og:site_name\" content=\"Loop Biotech\" \/>\n<meta property=\"article:modified_time\" content=\"2026-05-05T09:49:03+00:00\" \/>\n<meta property=\"og:image\" content=\"https:\/\/loop-biotech.com\/wp-content\/uploads\/2026\/04\/1.-2026_04_27_Moederdag-Campagne_Cocoon-8_V2-scaled.jpg\" \/>\n\t<meta property=\"og:image:width\" content=\"2560\" \/>\n\t<meta property=\"og:image:height\" content=\"1707\" \/>\n\t<meta property=\"og:image:type\" content=\"image\/jpeg\" \/>\n<meta name=\"twitter:card\" content=\"summary_large_image\" \/>\n<meta name=\"twitter:label1\" content=\"Dur\u00e9e de lecture estim\u00e9e\" \/>\n\t<meta name=\"twitter:data1\" content=\"1 minute\" \/>\n<script type=\"application\/ld+json\" class=\"yoast-schema-graph\">{\"@context\":\"https:\\\/\\\/schema.org\",\"@graph\":[{\"@type\":\"WebPage\",\"@id\":\"https:\\\/\\\/loop-biotech.com\\\/fr\\\/produit\\\/loop-little-cocoon\\\/\",\"url\":\"https:\\\/\\\/loop-biotech.com\\\/fr\\\/produit\\\/loop-little-cocoon\\\/\",\"name\":\"Loop Little Cocoon\u2122 - Loop Biotech\",\"isPartOf\":{\"@id\":\"https:\\\/\\\/loop-biotech.com\\\/fr\\\/#website\"},\"primaryImageOfPage\":{\"@id\":\"https:\\\/\\\/loop-biotech.com\\\/fr\\\/produit\\\/loop-little-cocoon\\\/#primaryimage\"},\"image\":{\"@id\":\"https:\\\/\\\/loop-biotech.com\\\/fr\\\/produit\\\/loop-little-cocoon\\\/#primaryimage\"},\"thumbnailUrl\":\"https:\\\/\\\/loop-biotech.com\\\/wp-content\\\/uploads\\\/2026\\\/04\\\/1.-2026_04_27_Moederdag-Campagne_Cocoon-8_V2-scaled.jpg\",\"datePublished\":\"2026-04-06T13:19:16+00:00\",\"dateModified\":\"2026-05-05T09:49:03+00:00\",\"breadcrumb\":{\"@id\":\"https:\\\/\\\/loop-biotech.com\\\/fr\\\/produit\\\/loop-little-cocoon\\\/#breadcrumb\"},\"inLanguage\":\"fr-FR\",\"potentialAction\":[{\"@type\":\"ReadAction\",\"target\":[\"https:\\\/\\\/loop-biotech.com\\\/fr\\\/produit\\\/loop-little-cocoon\\\/\"]}]},{\"@type\":\"ImageObject\",\"inLanguage\":\"fr-FR\",\"@id\":\"https:\\\/\\\/loop-biotech.com\\\/fr\\\/produit\\\/loop-little-cocoon\\\/#primaryimage\",\"url\":\"https:\\\/\\\/loop-biotech.com\\\/wp-content\\\/uploads\\\/2026\\\/04\\\/1.-2026_04_27_Moederdag-Campagne_Cocoon-8_V2-scaled.jpg\",\"contentUrl\":\"https:\\\/\\\/loop-biotech.com\\\/wp-content\\\/uploads\\\/2026\\\/04\\\/1.-2026_04_27_Moederdag-Campagne_Cocoon-8_V2-scaled.jpg\",\"width\":2560,\"height\":1707},{\"@type\":\"BreadcrumbList\",\"@id\":\"https:\\\/\\\/loop-biotech.com\\\/fr\\\/produit\\\/loop-little-cocoon\\\/#breadcrumb\",\"itemListElement\":[{\"@type\":\"ListItem\",\"position\":1,\"name\":\"Accueil\",\"item\":\"https:\\\/\\\/loop-biotech.com\\\/fr\\\/\"},{\"@type\":\"ListItem\",\"position\":2,\"name\":\"Boutique\",\"item\":\"https:\\\/\\\/loop-biotech.com\\\/fr\\\/boutique\\\/\"},{\"@type\":\"ListItem\",\"position\":3,\"name\":\"Loop Little Cocoon\u2122\"}]},{\"@type\":\"WebSite\",\"@id\":\"https:\\\/\\\/loop-biotech.com\\\/fr\\\/#website\",\"url\":\"https:\\\/\\\/loop-biotech.com\\\/fr\\\/\",\"name\":\"Loop Biotech\",\"description\":\"Enrichissons la nature\",\"potentialAction\":[{\"@type\":\"SearchAction\",\"target\":{\"@type\":\"EntryPoint\",\"urlTemplate\":\"https:\\\/\\\/loop-biotech.com\\\/fr\\\/?s={search_term_string}\"},\"query-input\":{\"@type\":\"PropertyValueSpecification\",\"valueRequired\":true,\"valueName\":\"search_term_string\"}}],\"inLanguage\":\"fr-FR\"}]}<\/script>\n<!-- \/ Yoast SEO plugin. -->","yoast_head_json":{"title":"Loop Little Cocoon\u2122 - Loop Biotech","robots":{"index":"index","follow":"follow","max-snippet":"max-snippet:-1","max-image-preview":"max-image-preview:large","max-video-preview":"max-video-preview:-1"},"canonical":"https:\/\/loop-biotech.com\/fr\/produit\/loop-little-cocoon\/","og_locale":"fr_FR","og_type":"article","og_title":"Loop Little Cocoon\u2122 - Loop Biotech","og_description":"Pour les plus petites vies, tenues avec le plus grand amour. Dans les moments qui arrivent trop vite, il y a un besoin discret de les garder pr\u00e8s de soi, ne serait-ce que pour un petit moment. Le Loop Little Cocoon\u2122 est cr\u00e9\u00e9 pour les b\u00e9b\u00e9s mort-n\u00e9s ou d\u00e9c\u00e9d\u00e9s peu apr\u00e8s la naissance. Un cocon doux, chaud et naturel qui permet aux parents de tenir leur enfant et de lui dire au revoir \u00e0 leur mani\u00e8re. Cultiv\u00e9 \u00e0 partir de champignons et de fibres de chanvre recycl\u00e9es, il retourne doucement \u00e0 la terre. \u00c0 l'int\u00e9rieur, un doux lit de mousse ou de laine cr\u00e9e un lieu de repos calme et r\u00e9confortant. Convient \u00e0 l'inhumation naturelle, \u00e0 l'inhumation traditionnelle et \u00e0 la cr\u00e9mation.","og_url":"https:\/\/loop-biotech.com\/fr\/produit\/loop-little-cocoon\/","og_site_name":"Loop Biotech","article_modified_time":"2026-05-05T09:49:03+00:00","og_image":[{"width":2560,"height":1707,"url":"https:\/\/loop-biotech.com\/wp-content\/uploads\/2026\/04\/1.-2026_04_27_Moederdag-Campagne_Cocoon-8_V2-scaled.jpg","type":"image\/jpeg"}],"twitter_card":"summary_large_image","twitter_misc":{"Dur\u00e9e de lecture estim\u00e9e":"1 minute"},"schema":{"@context":"https:\/\/schema.org","@graph":[{"@type":"WebPage","@id":"https:\/\/loop-biotech.com\/fr\/produit\/loop-little-cocoon\/","url":"https:\/\/loop-biotech.com\/fr\/produit\/loop-little-cocoon\/","name":"Loop Little Cocoon\u2122 - Loop Biotech","isPartOf":{"@id":"https:\/\/loop-biotech.com\/fr\/#website"},"primaryImageOfPage":{"@id":"https:\/\/loop-biotech.com\/fr\/produit\/loop-little-cocoon\/#primaryimage"},"image":{"@id":"https:\/\/loop-biotech.com\/fr\/produit\/loop-little-cocoon\/#primaryimage"},"thumbnailUrl":"https:\/\/loop-biotech.com\/wp-content\/uploads\/2026\/04\/1.-2026_04_27_Moederdag-Campagne_Cocoon-8_V2-scaled.jpg","datePublished":"2026-04-06T13:19:16+00:00","dateModified":"2026-05-05T09:49:03+00:00","breadcrumb":{"@id":"https:\/\/loop-biotech.com\/fr\/produit\/loop-little-cocoon\/#breadcrumb"},"inLanguage":"fr-FR","potentialAction":[{"@type":"ReadAction","target":["https:\/\/loop-biotech.com\/fr\/produit\/loop-little-cocoon\/"]}]},{"@type":"ImageObject","inLanguage":"fr-FR","@id":"https:\/\/loop-biotech.com\/fr\/produit\/loop-little-cocoon\/#primaryimage","url":"https:\/\/loop-biotech.com\/wp-content\/uploads\/2026\/04\/1.-2026_04_27_Moederdag-Campagne_Cocoon-8_V2-scaled.jpg","contentUrl":"https:\/\/loop-biotech.com\/wp-content\/uploads\/2026\/04\/1.-2026_04_27_Moederdag-Campagne_Cocoon-8_V2-scaled.jpg","width":2560,"height":1707},{"@type":"BreadcrumbList","@id":"https:\/\/loop-biotech.com\/fr\/produit\/loop-little-cocoon\/#breadcrumb","itemListElement":[{"@type":"ListItem","position":1,"name":"Accueil","item":"https:\/\/loop-biotech.com\/fr\/"},{"@type":"ListItem","position":2,"name":"Boutique","item":"https:\/\/loop-biotech.com\/fr\/boutique\/"},{"@type":"ListItem","position":3,"name":"Loop Little Cocoon\u2122"}]},{"@type":"WebSite","@id":"https:\/\/loop-biotech.com\/fr\/#website","url":"https:\/\/loop-biotech.com\/fr\/","name":"Loop Biotech","description":"Enrichissons la nature","potentialAction":[{"@type":"SearchAction","target":{"@type":"EntryPoint","urlTemplate":"https:\/\/loop-biotech.com\/fr\/?s={search_term_string}"},"query-input":{"@type":"PropertyValueSpecification","valueRequired":true,"valueName":"search_term_string"}}],"inLanguage":"fr-FR"}]}},"_links":{"self":[{"href":"https:\/\/loop-biotech.com\/fr\/wp-json\/wp\/v2\/product\/30553","targetHints":{"allow":["GET"]}}],"collection":[{"href":"https:\/\/loop-biotech.com\/fr\/wp-json\/wp\/v2\/product"}],"about":[{"href":"https:\/\/loop-biotech.com\/fr\/wp-json\/wp\/v2\/types\/product"}],"wp:featuredmedia":[{"embeddable":true,"href":"https:\/\/loop-biotech.com\/fr\/wp-json\/wp\/v2\/media\/31006"}],"wp:attachment":[{"href":"https:\/\/loop-biotech.com\/fr\/wp-json\/wp\/v2\/media?parent=30553"}],"wp:term":[{"taxonomy":"product_brand","embeddable":true,"href":"https:\/\/loop-biotech.com\/fr\/wp-json\/wp\/v2\/product_brand?post=30553"},{"taxonomy":"product_cat","embeddable":true,"href":"https:\/\/loop-biotech.com\/fr\/wp-json\/wp\/v2\/product_cat?post=30553"},{"taxonomy":"product_tag","embeddable":true,"href":"https:\/\/loop-biotech.com\/fr\/wp-json\/wp\/v2\/product_tag?post=30553"}],"curies":[{"name":"wp","href":"https:\/\/api.w.org\/{rel}","templated":true}]}}